{"id":4289,"date":"2024-02-29T16:54:44","date_gmt":"2024-02-29T16:54:44","guid":{"rendered":"https:\/\/gps-system.se\/?post_type=product&#038;p=4289"},"modified":"2025-12-14T18:16:53","modified_gmt":"2025-12-14T18:16:53","slug":"gis-expansion","status":"publish","type":"product","link":"https:\/\/gps-system.se\/sv\/produkt\/gis-expansion\/","title":{"rendered":"GIS-till\u00e4gg"},"content":{"rendered":"<p class=\"p1\">F\u00e5 ut mesta m\u00f6jliga av din surfplatta med GIS Expansion Pack. Detta expansionskit ger din nuvarande surfplatta nya m\u00f6jligheter genom att l\u00e4gga till avancerad m\u00e4tteknik. Med v\u00e5rt omfattande utbud av tillbeh\u00f6r kan du nu utf\u00f6ra exakta GIS-m\u00e4tningar \u00e4ven i de mest kr\u00e4vande milj\u00f6erna. GIS Extension-paketet \u00f6ppnar d\u00f6rren till precision och effektivitet, s\u00e5 att du kan ta dina projekt till n\u00e4sta niv\u00e5 utan behov av ny h\u00e5rdvara.<\/p>\n<p>&nbsp;<\/p>\n<p class=\"p1\"><b>F\u00f6rdelar<\/b><\/p>\n<p>&nbsp;<\/p>\n<p class=\"p1\">GIS Extension-paketet ger m\u00e5nga f\u00f6rdelar:<\/p>\n<ul class=\"ul1\">\n<li class=\"li1\"><b>H\u00f6g noggrannhet<\/b>: Centimeternoggrann m\u00e4tning ger mycket h\u00f6g precision, vilket \u00e4r n\u00f6dv\u00e4ndigt f\u00f6r detaljerad rumslig analys och kartl\u00e4ggning.<\/li>\n<li class=\"li1\"><b>Effektivare projektplanering<\/b>: Med noggrann m\u00e4tning kan projekt planeras och genomf\u00f6ras mer effektivt, eftersom planerare och konstrukt\u00f6rer har detaljerade och tillf\u00f6rlitliga uppgifter om platsen och dess omgivning.<\/li>\n<li class=\"li1\"><b>F\u00f6rb\u00e4ttrad rumslig visualisering<\/b>: Noggrann m\u00e4tning bidrar till f\u00f6rb\u00e4ttrad rumslig visualisering och presentation av data, vilket hj\u00e4lper till att effektivt kommunicera resultat och slutsatser till intressenter.<\/li>\n<li class=\"li1\"><b>B\u00e4ttre integration med GPS-teknik<\/b>: Centimeternoggrann m\u00e4tning kan integreras s\u00f6ml\u00f6st med GPS-teknik, s\u00e5 att anv\u00e4ndarna kan samla in och analysera platsbaserade data i realtid.<\/li>\n<\/ul>\n<p>&nbsp;<\/p>\n<p class=\"p1\"><b>Till\u00e4mpningar<\/b><\/p>\n<p>&nbsp;<\/p>\n<p class=\"p1\">GIS Extension-paketet anv\u00e4nds i:<\/p>\n<ul class=\"ul1\">\n<li class=\"li1\"><b>Naturv\u00e5rd<\/b>: GIS-system anv\u00e4nds f\u00f6r att bevara den biologiska m\u00e5ngfalden, \u00f6vervaka ekologiska habitat och f\u00f6rvalta skyddade omr\u00e5den. Detta omfattar identifiering av s\u00e5rbara ekosystem, sp\u00e5rning av djurarter och uppr\u00e4tth\u00e5llande av den naturliga balansen.<\/li>\n<li class=\"li1\"><b>F\u00f6rvaltning av staden<\/b>: Stadens infrastruktur, inklusive v\u00e4gar, avlopp och offentliga anl\u00e4ggningar, underh\u00e5lls effektivt med hj\u00e4lp av GIS-m\u00e4tningar. Detta inkluderar planering av underh\u00e5llsarbeten, hantering av avfallshantering och f\u00f6rb\u00e4ttring av stadens tj\u00e4nster.<\/li>\n<li class=\"li1\"><b>Milj\u00f6\u00f6vervakning<\/b>: Luftkvalitet, markf\u00f6roreningar och vattenfl\u00f6den \u00f6vervakas med hj\u00e4lp av noggranna GIS-m\u00e4tningar. Detta bidrar till att identifiera milj\u00f6problem, utv\u00e4rdera milj\u00f6p\u00e5verkan och genomf\u00f6ra l\u00e4mplig milj\u00f6politik.<\/li>\n<li class=\"li1\"><b>Stadsf\u00f6rnyelse<\/b>GIS-m\u00e4tningar spelar en avg\u00f6rande roll f\u00f6r att vitalisera stadsk\u00e4rnor, utveckla eftersatta omr\u00e5den och \u00e5teranv\u00e4nda obebyggd mark. Detta inkluderar planering av ombyggnadsprojekt, f\u00f6rb\u00e4ttring av livskvaliteten och fr\u00e4mjande av ekonomisk tillv\u00e4xt.<\/li>\n<li class=\"li1\"><b>Kultur och rekreation<\/b>: F\u00f6r att hantera kulturinstitutioner, fritidsanl\u00e4ggningar och evenemang \u00e4r GIS-m\u00e4tningar viktiga. Detta inkluderar planering av kulturevenemang, utveckling av fritidsaktiviteter och fr\u00e4mjande av turism.<\/li>\n<li class=\"li1\"><b>Jordbruksforskning<\/b>: GIS-m\u00e4tningar \u00e4r avg\u00f6rande f\u00f6r att utv\u00e4rdera sk\u00f6rdar, jordbruksmetoder och markh\u00e4lsa. Det handlar bland annat om att analysera markf\u00f6rh\u00e5llanden, planera bevattningssystem och f\u00f6rutse sk\u00f6rdeutfall.<\/li>\n<\/ul>\n<p>&nbsp;<\/p>\n<p class=\"p1\"><b>Inneh\u00e5ll<\/b><\/p>\n<p>&nbsp;<\/p>\n<p class=\"p1\">Detta GIS Extension-paket best\u00e5r av:<\/p>\n<ul class=\"ul1\">\n<li class=\"li1\"><b>Toknav P8<\/b>: Ger avancerad GPS-funktionalitet f\u00f6r exakt positionering och sp\u00e5rning, vilket g\u00f6r att du kan f\u00e5 tillf\u00f6rlitliga platsdata f\u00f6r olika GIS-applikationer.<\/li>\n<li class=\"li1\"><b>Abonnemangspaket f\u00f6r Apglos Position Corrector<\/b> SIM-fri: Ger tillg\u00e5ng till regelbundna uppdateringar och nya funktioner, s\u00e5 att du alltid \u00e4r uppdaterad med den senaste utvecklingen inom GIS-teknik, utan behov av ett SIM-kort.<\/li>\n<li class=\"li1\"><b>H\u00e5llare f\u00f6r surfplatta<\/b>: Ger ett stabilt och s\u00e4kert f\u00e4ste f\u00f6r din surfplatta, s\u00e5 att du kan arbeta handsfree och enkelt komma \u00e5t dina GIS-applikationer under f\u00e4ltarbetet.<\/li>\n<\/ul>\n<p class=\"p1\">Flexibilitet och mobilitet: Genom att ut\u00f6ka din befintliga enhet med GIS-funktioner beh\u00e5ller du mobilitet och flexibilitet f\u00f6r att utf\u00f6ra GIS-uppgifter p\u00e5 plats. Detta g\u00f6r f\u00e4ltarbete, platsunders\u00f6kningar och datainsamling mer effektivt och bekv\u00e4mt.<\/p>","protected":false},"excerpt":{"rendered":"<p class=\"p1\">F\u00f6rb\u00e4ttra dina GIS-kapaciteter med v\u00e5rt GIS Extension-paket! Med Toknav P8 Tablet, prenumerationspaketet Apglos Position Corrector och en praktisk tableth\u00e5llare \u00e4r du redo att utf\u00f6ra exakta GIS-m\u00e4tningar med din egen tablet. Det h\u00e4r paketet ger dig den flexibilitet och precision du beh\u00f6ver f\u00f6r alla dina GIS-projekt. Ta steget in i v\u00e4rlden av GIS-till\u00e4gg!<\/p>","protected":false},"featured_media":4180,"template":"","meta":[],"product_brand":[],"product_cat":[19,38],"product_tag":[],"class_list":{"0":"post-4289","1":"product","2":"type-product","3":"status-publish","4":"has-post-thumbnail","6":"product_cat-gps-meettoestel","7":"product_cat-gps-ontvangers","8":"entry","10":"first","11":"instock","12":"taxable","13":"shipping-taxable","14":"purchasable","15":"product-type-simple"},"yoast_head":"<!-- This site is optimized with the Yoast SEO plugin v26.3 - https:\/\/yoast.com\/wordpress\/plugins\/seo\/ -->\n<title>GIS Uitbreiding - GPS-SYSTEM.SE<\/title>\n<meta name=\"robots\" content=\"index, follow, max-snippet:-1, max-image-preview:large, max-video-preview:-1\" \/>\n<link rel=\"canonical\" href=\"https:\/\/gps-system.se\/sv\/produkt\/gis-expansion\/\" \/>\n<meta property=\"og:locale\" content=\"sv_SE\" \/>\n<meta property=\"og:type\" content=\"article\" \/>\n<meta property=\"og:title\" content=\"GIS Uitbreiding - GPS-SYSTEM.SE\" \/>\n<meta property=\"og:description\" content=\"Versterk je GIS-mogelijkheden met ons GIS Uitbreiding pakket! Met de Toknav P8 Tablet, het Apglos Position Corrector abonnementenpakket en een praktische tablethouder, ben je klaar om nauwkeurige GIS-metingen uit te voeren met je eigen tablet. Dit pakket biedt de flexibiliteit en precisie die je nodig hebt voor al je GIS-projecten. Stap in de wereld van GIS-uitbreiding!\" \/>\n<meta property=\"og:url\" content=\"https:\/\/gps-system.se\/sv\/produkt\/gis-expansion\/\" \/>\n<meta property=\"og:site_name\" content=\"GPS-SYSTEM.SE\" \/>\n<meta property=\"article:modified_time\" content=\"2025-12-14T18:16:53+00:00\" \/>\n<meta property=\"og:image\" content=\"https:\/\/gps-system.se\/wp-content\/uploads\/2024\/02\/GIS-Uitbreiding-voorkant.png\" \/>\n\t<meta property=\"og:image:width\" content=\"1200\" \/>\n\t<meta property=\"og:image:height\" content=\"1200\" \/>\n\t<meta property=\"og:image:type\" content=\"image\/png\" \/>\n<meta name=\"twitter:card\" content=\"summary_large_image\" \/>\n<meta name=\"twitter:label1\" content=\"Ber\u00e4knad l\u00e4stid\" \/>\n\t<meta name=\"twitter:data1\" content=\"3 minuter\" \/>\n<script type=\"application\/ld+json\" class=\"yoast-schema-graph\">{\"@context\":\"https:\/\/schema.org\",\"@graph\":[{\"@type\":\"WebPage\",\"@id\":\"https:\/\/gps-system.se\/product\/gis-uitbreiding\/\",\"url\":\"https:\/\/gps-system.se\/product\/gis-uitbreiding\/\",\"name\":\"GIS Uitbreiding - GPS-SYSTEM.SE\",\"isPartOf\":{\"@id\":\"https:\/\/gps-system.se\/#website\"},\"primaryImageOfPage\":{\"@id\":\"https:\/\/gps-system.se\/product\/gis-uitbreiding\/#primaryimage\"},\"image\":{\"@id\":\"https:\/\/gps-system.se\/product\/gis-uitbreiding\/#primaryimage\"},\"thumbnailUrl\":\"https:\/\/gps-system.se\/wp-content\/uploads\/2024\/02\/GIS-Uitbreiding-voorkant.png\",\"datePublished\":\"2024-02-29T16:54:44+00:00\",\"dateModified\":\"2025-12-14T18:16:53+00:00\",\"breadcrumb\":{\"@id\":\"https:\/\/gps-system.se\/product\/gis-uitbreiding\/#breadcrumb\"},\"inLanguage\":\"sv-SE\",\"potentialAction\":[{\"@type\":\"ReadAction\",\"target\":[\"https:\/\/gps-system.se\/product\/gis-uitbreiding\/\"]}]},{\"@type\":\"ImageObject\",\"inLanguage\":\"sv-SE\",\"@id\":\"https:\/\/gps-system.se\/product\/gis-uitbreiding\/#primaryimage\",\"url\":\"https:\/\/gps-system.se\/wp-content\/uploads\/2024\/02\/GIS-Uitbreiding-voorkant.png\",\"contentUrl\":\"https:\/\/gps-system.se\/wp-content\/uploads\/2024\/02\/GIS-Uitbreiding-voorkant.png\",\"width\":1200,\"height\":1200},{\"@type\":\"BreadcrumbList\",\"@id\":\"https:\/\/gps-system.se\/product\/gis-uitbreiding\/#breadcrumb\",\"itemListElement\":[{\"@type\":\"ListItem\",\"position\":1,\"name\":\"Home\",\"item\":\"https:\/\/gps-system.se\/\"},{\"@type\":\"ListItem\",\"position\":2,\"name\":\"Producten\",\"item\":\"https:\/\/gps-system.se\/winkel\/\"},{\"@type\":\"ListItem\",\"position\":3,\"name\":\"GIS Uitbreiding\"}]},{\"@type\":\"WebSite\",\"@id\":\"https:\/\/gps-system.se\/#website\",\"url\":\"https:\/\/gps-system.se\/\",\"name\":\"GPS-SYSTEMS\",\"description\":\"GPS sytems for everyone\",\"publisher\":{\"@id\":\"https:\/\/gps-system.se\/#organization\"},\"potentialAction\":[{\"@type\":\"SearchAction\",\"target\":{\"@type\":\"EntryPoint\",\"urlTemplate\":\"https:\/\/gps-system.se\/?s={search_term_string}\"},\"query-input\":{\"@type\":\"PropertyValueSpecification\",\"valueRequired\":true,\"valueName\":\"search_term_string\"}}],\"inLanguage\":\"sv-SE\"},{\"@type\":\"Organization\",\"@id\":\"https:\/\/gps-system.se\/#organization\",\"name\":\"GPS-SYSTEMS Sweden\",\"url\":\"https:\/\/gps-system.se\/\",\"logo\":{\"@type\":\"ImageObject\",\"inLanguage\":\"sv-SE\",\"@id\":\"https:\/\/gps-system.se\/#\/schema\/logo\/image\/\",\"url\":\"https:\/\/gps-system.se\/wp-content\/uploads\/2023\/11\/fulllogo-1.png\",\"contentUrl\":\"https:\/\/gps-system.se\/wp-content\/uploads\/2023\/11\/fulllogo-1.png\",\"width\":1280,\"height\":1024,\"caption\":\"GPS-SYSTEMS Sweden\"},\"image\":{\"@id\":\"https:\/\/gps-system.se\/#\/schema\/logo\/image\/\"},\"sameAs\":[\"https:\/\/www.linkedin.com\/in\/roland-van-joolen-a909b716\/\"]}]}<\/script>\n<!-- \/ Yoast SEO plugin. -->","yoast_head_json":{"title":"GIS-till\u00e4gg - GPS-SYSTEM.SE","robots":{"index":"index","follow":"follow","max-snippet":"max-snippet:-1","max-image-preview":"max-image-preview:large","max-video-preview":"max-video-preview:-1"},"canonical":"https:\/\/gps-system.se\/sv\/produkt\/gis-expansion\/","og_locale":"sv_SE","og_type":"article","og_title":"GIS Uitbreiding - GPS-SYSTEM.SE","og_description":"Versterk je GIS-mogelijkheden met ons GIS Uitbreiding pakket! Met de Toknav P8 Tablet, het Apglos Position Corrector abonnementenpakket en een praktische tablethouder, ben je klaar om nauwkeurige GIS-metingen uit te voeren met je eigen tablet. Dit pakket biedt de flexibiliteit en precisie die je nodig hebt voor al je GIS-projecten. Stap in de wereld van GIS-uitbreiding!","og_url":"https:\/\/gps-system.se\/sv\/produkt\/gis-expansion\/","og_site_name":"GPS-SYSTEM.SE","article_modified_time":"2025-12-14T18:16:53+00:00","og_image":[{"width":1200,"height":1200,"url":"https:\/\/gps-system.se\/wp-content\/uploads\/2024\/02\/GIS-Uitbreiding-voorkant.png","type":"image\/png"}],"twitter_card":"summary_large_image","twitter_misc":{"Ber\u00e4knad l\u00e4stid":"3 minuter"},"schema":{"@context":"https:\/\/schema.org","@graph":[{"@type":"WebPage","@id":"https:\/\/gps-system.se\/product\/gis-uitbreiding\/","url":"https:\/\/gps-system.se\/product\/gis-uitbreiding\/","name":"GIS-till\u00e4gg - GPS-SYSTEM.SE","isPartOf":{"@id":"https:\/\/gps-system.se\/#website"},"primaryImageOfPage":{"@id":"https:\/\/gps-system.se\/product\/gis-uitbreiding\/#primaryimage"},"image":{"@id":"https:\/\/gps-system.se\/product\/gis-uitbreiding\/#primaryimage"},"thumbnailUrl":"https:\/\/gps-system.se\/wp-content\/uploads\/2024\/02\/GIS-Uitbreiding-voorkant.png","datePublished":"2024-02-29T16:54:44+00:00","dateModified":"2025-12-14T18:16:53+00:00","breadcrumb":{"@id":"https:\/\/gps-system.se\/product\/gis-uitbreiding\/#breadcrumb"},"inLanguage":"sv-SE","potentialAction":[{"@type":"ReadAction","target":["https:\/\/gps-system.se\/product\/gis-uitbreiding\/"]}]},{"@type":"ImageObject","inLanguage":"sv-SE","@id":"https:\/\/gps-system.se\/product\/gis-uitbreiding\/#primaryimage","url":"https:\/\/gps-system.se\/wp-content\/uploads\/2024\/02\/GIS-Uitbreiding-voorkant.png","contentUrl":"https:\/\/gps-system.se\/wp-content\/uploads\/2024\/02\/GIS-Uitbreiding-voorkant.png","width":1200,"height":1200},{"@type":"BreadcrumbList","@id":"https:\/\/gps-system.se\/product\/gis-uitbreiding\/#breadcrumb","itemListElement":[{"@type":"ListItem","position":1,"name":"Home","item":"https:\/\/gps-system.se\/"},{"@type":"ListItem","position":2,"name":"Producten","item":"https:\/\/gps-system.se\/winkel\/"},{"@type":"ListItem","position":3,"name":"GIS Uitbreiding"}]},{"@type":"WebSite","@id":"https:\/\/gps-system.se\/#website","url":"https:\/\/gps-system.se\/","name":"GPS-SYSTEM","description":"GPS-system f\u00f6r alla","publisher":{"@id":"https:\/\/gps-system.se\/#organization"},"potentialAction":[{"@type":"SearchAction","target":{"@type":"EntryPoint","urlTemplate":"https:\/\/gps-system.se\/?s={search_term_string}"},"query-input":{"@type":"PropertyValueSpecification","valueRequired":true,"valueName":"search_term_string"}}],"inLanguage":"sv-SE"},{"@type":"Organization","@id":"https:\/\/gps-system.se\/#organization","name":"GPS-SYSTEMS Sverige","url":"https:\/\/gps-system.se\/","logo":{"@type":"ImageObject","inLanguage":"sv-SE","@id":"https:\/\/gps-system.se\/#\/schema\/logo\/image\/","url":"https:\/\/gps-system.se\/wp-content\/uploads\/2023\/11\/fulllogo-1.png","contentUrl":"https:\/\/gps-system.se\/wp-content\/uploads\/2023\/11\/fulllogo-1.png","width":1280,"height":1024,"caption":"GPS-SYSTEMS Sweden"},"image":{"@id":"https:\/\/gps-system.se\/#\/schema\/logo\/image\/"},"sameAs":["https:\/\/www.linkedin.com\/in\/roland-van-joolen-a909b716\/"]}]}},"_links":{"self":[{"href":"https:\/\/gps-system.se\/sv\/wp-json\/wp\/v2\/product\/4289","targetHints":{"allow":["GET"]}}],"collection":[{"href":"https:\/\/gps-system.se\/sv\/wp-json\/wp\/v2\/product"}],"about":[{"href":"https:\/\/gps-system.se\/sv\/wp-json\/wp\/v2\/types\/product"}],"version-history":[{"count":1,"href":"https:\/\/gps-system.se\/sv\/wp-json\/wp\/v2\/product\/4289\/revisions"}],"predecessor-version":[{"id":4290,"href":"https:\/\/gps-system.se\/sv\/wp-json\/wp\/v2\/product\/4289\/revisions\/4290"}],"wp:featuredmedia":[{"embeddable":true,"href":"https:\/\/gps-system.se\/sv\/wp-json\/wp\/v2\/media\/4180"}],"wp:attachment":[{"href":"https:\/\/gps-system.se\/sv\/wp-json\/wp\/v2\/media?parent=4289"}],"wp:term":[{"taxonomy":"product_brand","embeddable":true,"href":"https:\/\/gps-system.se\/sv\/wp-json\/wp\/v2\/product_brand?post=4289"},{"taxonomy":"product_cat","embeddable":true,"href":"https:\/\/gps-system.se\/sv\/wp-json\/wp\/v2\/product_cat?post=4289"},{"taxonomy":"product_tag","embeddable":true,"href":"https:\/\/gps-system.se\/sv\/wp-json\/wp\/v2\/product_tag?post=4289"}],"curies":[{"name":"wp","href":"https:\/\/api.w.org\/{rel}","templated":true}]}}