{"id":4241,"date":"2024-02-29T15:16:56","date_gmt":"2024-02-29T15:16:56","guid":{"rendered":"https:\/\/gps-system.se\/?post_type=product&#038;p=4241"},"modified":"2025-11-29T20:46:09","modified_gmt":"2025-11-29T20:46:09","slug":"iplus-gps-matsystem","status":"publish","type":"product","link":"https:\/\/gps-system.se\/sv\/produkt\/iplus-gps-matsystem\/","title":{"rendered":"iPlus GPS-m\u00e4tsystem"},"content":{"rendered":"<p class=\"p1\">Upplev den perfekta l\u00f6sningen f\u00f6r exakt m\u00e4tning med iPlus GPS-systemet! M\u00e4tningssystemet iPlus GPS har utformats speciellt f\u00f6r Apple-entusiaster och erbjuder en o\u00f6vertr\u00e4ffad kombination av precision och anv\u00e4ndarv\u00e4nlighet. Med sin s\u00f6ml\u00f6sa integration med Apple-enheter och kraftfulla funktioner g\u00f6r det h\u00e4r systemet att du kan g\u00f6ra terr\u00e4ngm\u00e4tningar med o\u00f6vertr\u00e4ffad noggrannhet. Uppt\u00e4ck hur iPlus GPS-systemet kan f\u00f6r\u00e4ndra och f\u00f6renkla ditt n\u00e4tverk f\u00f6r m\u00e4tning.<\/p>\n<p>&nbsp;<\/p>\n<p class=\"p1\"><b>F\u00f6rdelar<\/b><\/p>\n<p>&nbsp;<\/p>\n<p class=\"p1\">M\u00e4tsystemet iPlus GPS har m\u00e5nga f\u00f6rdelar. N\u00e5gra av dem listas nedan:<\/p>\n<ul class=\"ul1\">\n<li class=\"li1\"><b>Data i realtid<\/b>GPS-system kan ge realtidsdata, vilket g\u00f6r det m\u00f6jligt att fatta snabba beslut under f\u00e4ltarbetet.<\/li>\n<li class=\"li1\"><b>Flexibilitet<\/b>: GPS-m\u00e4tningssystem \u00e4r l\u00e4mpliga f\u00f6r olika terr\u00e4nger och f\u00f6rh\u00e5llanden, vilket g\u00f6r dem flexibla f\u00f6r en m\u00e4ngd olika projekt.<\/li>\n<li class=\"li1\"><b>Kostnadsbesparingar<\/b>: \u00c4ven om GPS-landm\u00e4tsystem kr\u00e4ver en initial investering kan de vara kostnadsbesparande i det l\u00e5nga loppet tack vare \u00f6kad effektivitet och noggrannhet.<\/li>\n<li class=\"li1\"><b>Framtidsinriktad<\/b>: Eftersom GPS-tekniken st\u00e4ndigt utvecklas f\u00f6rblir GPS-m\u00e4tningssystem toppmoderna och ger m\u00f6jligheter till framtida utveckling och innovationer inom m\u00e4tning och geografisk information.<\/li>\n<\/ul>\n<p>&nbsp;<\/p>\n<p class=\"p1\"><b>Till\u00e4mpningar<\/b><\/p>\n<p>&nbsp;<\/p>\n<p class=\"p1\">M\u00e4tsystemet iPlus GPS anv\u00e4nds i:<\/p>\n<ul class=\"ul1\">\n<li class=\"li1\"><b>Byggprojekt<\/b>: GPS-m\u00e4tningssystem spelar en avg\u00f6rande roll i byggprojekt genom att tillhandah\u00e5lla exakta positionsdata f\u00f6r plottning av fundament, kontroll av strukturer och planering av infrastrukturutveckling som v\u00e4gar, broar och byggnader.<\/li>\n<li class=\"li1\"><b>Arkeologisk unders\u00f6kning<\/b>: F\u00f6r arkeologer ger GPS-m\u00e4tningssystem precision vid lokalisering och dokumentation av arkeologiska platser, vilket f\u00f6rb\u00e4ttrar noggrannheten vid utgr\u00e4vningar och bevarandet av kulturarvet.<\/li>\n<li class=\"li1\"><b>Stadion- och evenemangshantering<\/b>: F\u00f6r evenemangsplanerare ger GPS-system v\u00e4rdefull information vid planering av parkeringsplatser, tillfartsv\u00e4gar och publikhantering f\u00f6r storskaliga evenemang och idrottst\u00e4vlingar.<\/li>\n<li class=\"li1\"><b>Arkeologiska utgr\u00e4vningar<\/b>: Arkeologer anv\u00e4nder GPS-m\u00e4tningssystem f\u00f6r att kartl\u00e4gga arkeologiska platser, dokumentera artefakter och visualisera historiska landskap, vilket \u00e4r avg\u00f6rande f\u00f6r arkeologisk forskning och bevarande av kulturarvet.<\/li>\n<li class=\"li1\"><b>Milit\u00e4ra operationer<\/b>: Inom milit\u00e4ren anv\u00e4nds GPS-system f\u00f6r att kartl\u00e4gga strategiska platser, samordna truppr\u00f6relser och ge navigationsst\u00f6d under milit\u00e4ra operationer och uppdrag.<\/li>\n<li class=\"li1\"><b>Energi och allm\u00e4nnyttiga tj\u00e4nster<\/b>: F\u00f6r energi- och elbolag \u00e4r GPS-system ett s\u00e4tt att kartl\u00e4gga r\u00f6r, kablar och energiinfrastruktur, optimera hanteringen av eln\u00e4tet och snabbt lokalisera och reparera fel.<\/li>\n<\/ul>\n<p>&nbsp;<\/p>\n<p class=\"p1\"><b>Inneh\u00e5ll<\/b><\/p>\n<p>&nbsp;<\/p>\n<p class=\"p1\">iPlus-systemet levereras med f\u00f6ljande komponenter:<\/p>\n<ul class=\"ul1\">\n<li class=\"li1\"><b>Emlid Reach RX<\/b>: Ger noggrann GNSS-sp\u00e5rning och positionering \u00e4ven i utmanande milj\u00f6er, vilket ger dig tillf\u00f6rlitliga platsdata f\u00f6r alla dina m\u00e4tbehov.<\/li>\n<li class=\"li1\"><b>iPad Mini 2021 WiFi + 5G 256GB<\/b>: Ger en kraftfull och m\u00e5ngsidig anv\u00e4ndarupplevelse med sina avancerade funktioner och portabilitet, s\u00e5 att du kan arbeta effektivt med olika GIS-applikationer och verktyg.<\/li>\n<li class=\"li1\"><b>Apglos Survey Wizard prenumerationspaket<\/b>: Ger tillg\u00e5ng till regelbundna uppdateringar, nya funktioner och f\u00f6rb\u00e4ttringar, s\u00e5 att du alltid \u00e4r uppdaterad med den senaste utvecklingen inom lantm\u00e4teriteknik och bibeh\u00e5ller optimal prestanda.<\/li>\n<li class=\"li1\"><b>H\u00e5llare f\u00f6r surfplatta<\/b>: Ger en s\u00e4ker och stabil montering av din iPad Mini, s\u00e5 att du kan g\u00f6ra handsfree-m\u00e4tningar utan att beh\u00f6va h\u00e5lla i enheten.<\/li>\n<li class=\"li1\"><b>GPS-ledarstav 2,0 m, kol, skruvbar<\/b>: Med sin l\u00e4tta och h\u00e5llbara design erbjuder GPS-ledst\u00e5ngen enkel installation och justering f\u00f6r olika m\u00e4tbehov, s\u00e5 att du kan g\u00f6ra exakta h\u00f6jdm\u00e4tningar med precision och l\u00e4tthet.<\/li>\n<li class=\"li1\"><b>V\u00e4ska stor<\/b>: Ger tillr\u00e4ckligt med utrymme f\u00f6r att f\u00f6rvara alla komponenter p\u00e5 ett s\u00e4kert s\u00e4tt och enkelt transportera dem till olika platser, s\u00e5 att du alltid \u00e4r redo f\u00f6r n\u00e4sta m\u00e4tutmaning.<\/li>\n<\/ul>\n<p class=\"p1\">Anv\u00e4ndarv\u00e4nlighet och m\u00e5ngsidighet: Med ett intuitivt gr\u00e4nssnitt och enkla kontroller \u00e4r iPlus GPS-m\u00e4tsystem l\u00e4tt att l\u00e4ra sig och anv\u00e4nda, \u00e4ven f\u00f6r nyb\u00f6rjare. Systemets m\u00e5ngsidighet g\u00f6r att du kan anv\u00e4nda det f\u00f6r olika till\u00e4mpningar, fr\u00e5n arkeologisk forskning till stadsf\u00f6rnyelse, med samma niv\u00e5 av precision och tillf\u00f6rlitlighet.<\/p>","protected":false},"excerpt":{"rendered":"<p class=\"p1\">Uppt\u00e4ck hur bekv\u00e4mt det \u00e4r att m\u00e4ta med iPlus GPS-system! Utrustad med Emlid Reach RX, iPad Mini 2021 WiFi + 5G 256GB, det intuitiva prenumerationspaketet Apglos Survey Wizard, en praktisk surfplatteh\u00e5llare, en 2,0 m kolfiber GPS-ledst\u00e5ng som skruvas fast och en rymlig v\u00e4ska f\u00f6r enkel transport. Det h\u00e4r systemet g\u00f6r det enkelt och effektivt att g\u00f6ra exakta m\u00e4tningar, \u00e4ven f\u00f6r nyb\u00f6rjare.<\/p>","protected":false},"featured_media":4190,"template":"","meta":[],"product_brand":[],"product_cat":[19,38],"product_tag":[],"class_list":{"0":"post-4241","1":"product","2":"type-product","3":"status-publish","4":"has-post-thumbnail","6":"product_cat-gps-meettoestel","7":"product_cat-gps-ontvangers","8":"entry","10":"first","11":"instock","12":"featured","13":"taxable","14":"shipping-taxable","15":"purchasable","16":"product-type-simple"},"yoast_head":"<!-- This site is optimized with the Yoast SEO plugin v26.3 - https:\/\/yoast.com\/wordpress\/plugins\/seo\/ -->\n<title>iPlus GPS meetsysteem - GPS-SYSTEM.SE<\/title>\n<meta name=\"robots\" content=\"index, follow, max-snippet:-1, max-image-preview:large, max-video-preview:-1\" \/>\n<link rel=\"canonical\" href=\"https:\/\/gps-system.se\/sv\/produkt\/iplus-gps-matsystem\/\" \/>\n<meta property=\"og:locale\" content=\"sv_SE\" \/>\n<meta property=\"og:type\" content=\"article\" \/>\n<meta property=\"og:title\" content=\"iPlus GPS meetsysteem - GPS-SYSTEM.SE\" \/>\n<meta property=\"og:description\" content=\"Ontdek het gemak van landmeten met het iPlus GPS systeem! Voorzien van de Emlid Reach RX, iPad Mini 2021 WiFi + 5G 256GB, het intu\u00eftieve Apglos Survey Wizard abonnementenpakket, een handige tablethouder, een schroefbare GPS loodstaaf van 2,0 m in carbon en een ruime tas voor moeiteloos vervoer. Dit systeem maakt het uitvoeren van nauwkeurige metingen gemakkelijk en effici\u00ebnt, zelfs voor beginners.\" \/>\n<meta property=\"og:url\" content=\"https:\/\/gps-system.se\/sv\/produkt\/iplus-gps-matsystem\/\" \/>\n<meta property=\"og:site_name\" content=\"GPS-SYSTEM.SE\" \/>\n<meta property=\"article:modified_time\" content=\"2025-11-29T20:46:09+00:00\" \/>\n<meta property=\"og:image\" content=\"https:\/\/gps-system.se\/wp-content\/uploads\/2024\/02\/iPlus-voorkant.png\" \/>\n\t<meta property=\"og:image:width\" content=\"1200\" \/>\n\t<meta property=\"og:image:height\" content=\"1200\" \/>\n\t<meta property=\"og:image:type\" content=\"image\/png\" \/>\n<meta name=\"twitter:card\" content=\"summary_large_image\" \/>\n<meta name=\"twitter:label1\" content=\"Ber\u00e4knad l\u00e4stid\" \/>\n\t<meta name=\"twitter:data1\" content=\"3 minuter\" \/>\n<script type=\"application\/ld+json\" class=\"yoast-schema-graph\">{\"@context\":\"https:\/\/schema.org\",\"@graph\":[{\"@type\":\"WebPage\",\"@id\":\"https:\/\/gps-system.se\/product\/iplus-gps-meetsysteem\/\",\"url\":\"https:\/\/gps-system.se\/product\/iplus-gps-meetsysteem\/\",\"name\":\"iPlus GPS meetsysteem - GPS-SYSTEM.SE\",\"isPartOf\":{\"@id\":\"https:\/\/gps-system.se\/#website\"},\"primaryImageOfPage\":{\"@id\":\"https:\/\/gps-system.se\/product\/iplus-gps-meetsysteem\/#primaryimage\"},\"image\":{\"@id\":\"https:\/\/gps-system.se\/product\/iplus-gps-meetsysteem\/#primaryimage\"},\"thumbnailUrl\":\"https:\/\/gps-system.se\/wp-content\/uploads\/2024\/02\/iPlus-voorkant.png\",\"datePublished\":\"2024-02-29T15:16:56+00:00\",\"dateModified\":\"2025-11-29T20:46:09+00:00\",\"breadcrumb\":{\"@id\":\"https:\/\/gps-system.se\/product\/iplus-gps-meetsysteem\/#breadcrumb\"},\"inLanguage\":\"sv-SE\",\"potentialAction\":[{\"@type\":\"ReadAction\",\"target\":[\"https:\/\/gps-system.se\/product\/iplus-gps-meetsysteem\/\"]}]},{\"@type\":\"ImageObject\",\"inLanguage\":\"sv-SE\",\"@id\":\"https:\/\/gps-system.se\/product\/iplus-gps-meetsysteem\/#primaryimage\",\"url\":\"https:\/\/gps-system.se\/wp-content\/uploads\/2024\/02\/iPlus-voorkant.png\",\"contentUrl\":\"https:\/\/gps-system.se\/wp-content\/uploads\/2024\/02\/iPlus-voorkant.png\",\"width\":1200,\"height\":1200},{\"@type\":\"BreadcrumbList\",\"@id\":\"https:\/\/gps-system.se\/product\/iplus-gps-meetsysteem\/#breadcrumb\",\"itemListElement\":[{\"@type\":\"ListItem\",\"position\":1,\"name\":\"Home\",\"item\":\"https:\/\/gps-system.se\/\"},{\"@type\":\"ListItem\",\"position\":2,\"name\":\"Producten\",\"item\":\"https:\/\/gps-system.se\/winkel\/\"},{\"@type\":\"ListItem\",\"position\":3,\"name\":\"iPlus GPS meetsysteem\"}]},{\"@type\":\"WebSite\",\"@id\":\"https:\/\/gps-system.se\/#website\",\"url\":\"https:\/\/gps-system.se\/\",\"name\":\"GPS-SYSTEMS\",\"description\":\"GPS sytems for everyone\",\"publisher\":{\"@id\":\"https:\/\/gps-system.se\/#organization\"},\"potentialAction\":[{\"@type\":\"SearchAction\",\"target\":{\"@type\":\"EntryPoint\",\"urlTemplate\":\"https:\/\/gps-system.se\/?s={search_term_string}\"},\"query-input\":{\"@type\":\"PropertyValueSpecification\",\"valueRequired\":true,\"valueName\":\"search_term_string\"}}],\"inLanguage\":\"sv-SE\"},{\"@type\":\"Organization\",\"@id\":\"https:\/\/gps-system.se\/#organization\",\"name\":\"GPS-SYSTEMS Sweden\",\"url\":\"https:\/\/gps-system.se\/\",\"logo\":{\"@type\":\"ImageObject\",\"inLanguage\":\"sv-SE\",\"@id\":\"https:\/\/gps-system.se\/#\/schema\/logo\/image\/\",\"url\":\"https:\/\/gps-system.se\/wp-content\/uploads\/2023\/11\/fulllogo-1.png\",\"contentUrl\":\"https:\/\/gps-system.se\/wp-content\/uploads\/2023\/11\/fulllogo-1.png\",\"width\":1280,\"height\":1024,\"caption\":\"GPS-SYSTEMS Sweden\"},\"image\":{\"@id\":\"https:\/\/gps-system.se\/#\/schema\/logo\/image\/\"},\"sameAs\":[\"https:\/\/www.linkedin.com\/in\/roland-van-joolen-a909b716\/\"]}]}<\/script>\n<!-- \/ Yoast SEO plugin. -->","yoast_head_json":{"title":"iPlus GPS-m\u00e4tsystem - GPS-SYSTEM.SE","robots":{"index":"index","follow":"follow","max-snippet":"max-snippet:-1","max-image-preview":"max-image-preview:large","max-video-preview":"max-video-preview:-1"},"canonical":"https:\/\/gps-system.se\/sv\/produkt\/iplus-gps-matsystem\/","og_locale":"sv_SE","og_type":"article","og_title":"iPlus GPS meetsysteem - GPS-SYSTEM.SE","og_description":"Ontdek het gemak van landmeten met het iPlus GPS systeem! Voorzien van de Emlid Reach RX, iPad Mini 2021 WiFi + 5G 256GB, het intu\u00eftieve Apglos Survey Wizard abonnementenpakket, een handige tablethouder, een schroefbare GPS loodstaaf van 2,0 m in carbon en een ruime tas voor moeiteloos vervoer. Dit systeem maakt het uitvoeren van nauwkeurige metingen gemakkelijk en effici\u00ebnt, zelfs voor beginners.","og_url":"https:\/\/gps-system.se\/sv\/produkt\/iplus-gps-matsystem\/","og_site_name":"GPS-SYSTEM.SE","article_modified_time":"2025-11-29T20:46:09+00:00","og_image":[{"width":1200,"height":1200,"url":"https:\/\/gps-system.se\/wp-content\/uploads\/2024\/02\/iPlus-voorkant.png","type":"image\/png"}],"twitter_card":"summary_large_image","twitter_misc":{"Ber\u00e4knad l\u00e4stid":"3 minuter"},"schema":{"@context":"https:\/\/schema.org","@graph":[{"@type":"WebPage","@id":"https:\/\/gps-system.se\/product\/iplus-gps-meetsysteem\/","url":"https:\/\/gps-system.se\/product\/iplus-gps-meetsysteem\/","name":"iPlus GPS-m\u00e4tsystem - GPS-SYSTEM.SE","isPartOf":{"@id":"https:\/\/gps-system.se\/#website"},"primaryImageOfPage":{"@id":"https:\/\/gps-system.se\/product\/iplus-gps-meetsysteem\/#primaryimage"},"image":{"@id":"https:\/\/gps-system.se\/product\/iplus-gps-meetsysteem\/#primaryimage"},"thumbnailUrl":"https:\/\/gps-system.se\/wp-content\/uploads\/2024\/02\/iPlus-voorkant.png","datePublished":"2024-02-29T15:16:56+00:00","dateModified":"2025-11-29T20:46:09+00:00","breadcrumb":{"@id":"https:\/\/gps-system.se\/product\/iplus-gps-meetsysteem\/#breadcrumb"},"inLanguage":"sv-SE","potentialAction":[{"@type":"ReadAction","target":["https:\/\/gps-system.se\/product\/iplus-gps-meetsysteem\/"]}]},{"@type":"ImageObject","inLanguage":"sv-SE","@id":"https:\/\/gps-system.se\/product\/iplus-gps-meetsysteem\/#primaryimage","url":"https:\/\/gps-system.se\/wp-content\/uploads\/2024\/02\/iPlus-voorkant.png","contentUrl":"https:\/\/gps-system.se\/wp-content\/uploads\/2024\/02\/iPlus-voorkant.png","width":1200,"height":1200},{"@type":"BreadcrumbList","@id":"https:\/\/gps-system.se\/product\/iplus-gps-meetsysteem\/#breadcrumb","itemListElement":[{"@type":"ListItem","position":1,"name":"Home","item":"https:\/\/gps-system.se\/"},{"@type":"ListItem","position":2,"name":"Producten","item":"https:\/\/gps-system.se\/winkel\/"},{"@type":"ListItem","position":3,"name":"iPlus GPS meetsysteem"}]},{"@type":"WebSite","@id":"https:\/\/gps-system.se\/#website","url":"https:\/\/gps-system.se\/","name":"GPS-SYSTEM","description":"GPS-system f\u00f6r alla","publisher":{"@id":"https:\/\/gps-system.se\/#organization"},"potentialAction":[{"@type":"SearchAction","target":{"@type":"EntryPoint","urlTemplate":"https:\/\/gps-system.se\/?s={search_term_string}"},"query-input":{"@type":"PropertyValueSpecification","valueRequired":true,"valueName":"search_term_string"}}],"inLanguage":"sv-SE"},{"@type":"Organization","@id":"https:\/\/gps-system.se\/#organization","name":"GPS-SYSTEMS Sverige","url":"https:\/\/gps-system.se\/","logo":{"@type":"ImageObject","inLanguage":"sv-SE","@id":"https:\/\/gps-system.se\/#\/schema\/logo\/image\/","url":"https:\/\/gps-system.se\/wp-content\/uploads\/2023\/11\/fulllogo-1.png","contentUrl":"https:\/\/gps-system.se\/wp-content\/uploads\/2023\/11\/fulllogo-1.png","width":1280,"height":1024,"caption":"GPS-SYSTEMS Sweden"},"image":{"@id":"https:\/\/gps-system.se\/#\/schema\/logo\/image\/"},"sameAs":["https:\/\/www.linkedin.com\/in\/roland-van-joolen-a909b716\/"]}]}},"_links":{"self":[{"href":"https:\/\/gps-system.se\/sv\/wp-json\/wp\/v2\/product\/4241","targetHints":{"allow":["GET"]}}],"collection":[{"href":"https:\/\/gps-system.se\/sv\/wp-json\/wp\/v2\/product"}],"about":[{"href":"https:\/\/gps-system.se\/sv\/wp-json\/wp\/v2\/types\/product"}],"version-history":[{"count":1,"href":"https:\/\/gps-system.se\/sv\/wp-json\/wp\/v2\/product\/4241\/revisions"}],"predecessor-version":[{"id":4242,"href":"https:\/\/gps-system.se\/sv\/wp-json\/wp\/v2\/product\/4241\/revisions\/4242"}],"wp:featuredmedia":[{"embeddable":true,"href":"https:\/\/gps-system.se\/sv\/wp-json\/wp\/v2\/media\/4190"}],"wp:attachment":[{"href":"https:\/\/gps-system.se\/sv\/wp-json\/wp\/v2\/media?parent=4241"}],"wp:term":[{"taxonomy":"product_brand","embeddable":true,"href":"https:\/\/gps-system.se\/sv\/wp-json\/wp\/v2\/product_brand?post=4241"},{"taxonomy":"product_cat","embeddable":true,"href":"https:\/\/gps-system.se\/sv\/wp-json\/wp\/v2\/product_cat?post=4241"},{"taxonomy":"product_tag","embeddable":true,"href":"https:\/\/gps-system.se\/sv\/wp-json\/wp\/v2\/product_tag?post=4241"}],"curies":[{"name":"wp","href":"https:\/\/api.w.org\/{rel}","templated":true}]}}