{"id":4173,"date":"2024-02-29T13:56:57","date_gmt":"2024-02-29T13:56:57","guid":{"rendered":"https:\/\/gps-system.se\/?post_type=product&#038;p=4173"},"modified":"2025-11-29T20:41:35","modified_gmt":"2025-11-29T20:41:35","slug":"plus-gps-matsystem","status":"publish","type":"product","link":"https:\/\/gps-system.se\/sv\/produkt\/plus-gps-matsystem\/","title":{"rendered":"Plus GPS-m\u00e4tsystem"},"content":{"rendered":"<p class=\"p1\"><b>L\u00e5ng beskrivning:<\/b><\/p>\n<p class=\"p2\">Uppt\u00e4ck den ultimata l\u00f6sningen f\u00f6r exakt m\u00e4tning med Plus GPS-system! Letar du efter ett tillf\u00f6rlitligt och exakt s\u00e4tt att g\u00f6ra markm\u00e4tningar? Plus GPS-m\u00e4tningssystemet erbjuder exakt vad du beh\u00f6ver. Med sin avancerade teknik och anv\u00e4ndarv\u00e4nliga design g\u00f6r systemet att du kan m\u00e4ta terr\u00e4ngen snabbt och exakt, utan kr\u00e5ngel. Ta reda p\u00e5 hur Plus GPS-systemet kan hj\u00e4lpa dig med alla dina m\u00e4tningsutmaningar.<\/p>\n<p>&nbsp;<\/p>\n<p class=\"p2\"><b>F\u00f6rdelar<\/b><\/p>\n<p class=\"p2\">Att arbeta med Plus GPS-m\u00e4tsystem har m\u00e5nga f\u00f6rdelar. N\u00e5gra av dessa \u00e4r:<\/p>\n<ul class=\"ul1\">\n<li class=\"li2\"><b>Noggrannhet<\/b>: GPS-m\u00e4tningssystem erbjuder h\u00f6g noggrannhet vid positionsbest\u00e4mning och m\u00e4tning, vilket m\u00f6jligg\u00f6r precisionsarbete.<\/li>\n<li class=\"li2\"><b>Effektivitet<\/b>: Anv\u00e4ndningen av GPS-system g\u00f6r m\u00e4tning och kartl\u00e4ggning av platser snabbare och effektivare j\u00e4mf\u00f6rt med traditionella metoder som manuell m\u00e4tning.<\/li>\n<li class=\"li2\"><b>Data i realtid<\/b>GPS-system kan ge realtidsdata, vilket g\u00f6r det m\u00f6jligt att fatta snabba beslut under f\u00e4ltarbetet.<\/li>\n<li class=\"li2\"><b>Integration av data<\/b>GPS-system kan enkelt integrera data med GIS-programvara (Geographic Information Systems) och CAD-programvara (Computer Aided Design), vilket m\u00f6jligg\u00f6r s\u00f6ml\u00f6s dataanalys och visualisering.<\/li>\n<\/ul>\n<p>&nbsp;<\/p>\n<p class=\"p2\"><b>Till\u00e4mpningar<\/b><\/p>\n<p class=\"p2\">Det finns m\u00e5nga anv\u00e4ndningsomr\u00e5den f\u00f6r ett GPS-m\u00e4tsystem. N\u00e5gra av dessa \u00e4r:<\/p>\n<ul class=\"ul1\">\n<li class=\"li2\"><b>Lantm\u00e4teri och fastighetsbildning<\/b>: GPS-landm\u00e4tsystem ger exakta m\u00e4tningar f\u00f6r kartl\u00e4ggning av tomter, fastst\u00e4llande av fastighetsgr\u00e4nser och registrering av fastighetsdata, vilket \u00e4r viktigt f\u00f6r fastighetsf\u00f6rvaltning och juridiska \u00e4ndam\u00e5l.<\/li>\n<li class=\"li2\"><b>Precisionsjordbruk<\/b>: Inom jordbrukssektorn g\u00f6r GPS-systemen det m\u00f6jligt f\u00f6r jordbrukarna att arbeta p\u00e5 parcellniv\u00e5 och optimera s\u00e5dd, g\u00f6dsling och bevattning genom att identifiera variationer i f\u00e4ltet och utf\u00f6ra riktade jordbruks\u00e5tg\u00e4rder f\u00f6r maximal avkastning.<\/li>\n<li class=\"li2\"><b>Byggprojekt<\/b>: GPS-m\u00e4tningssystem spelar en avg\u00f6rande roll i byggprojekt genom att tillhandah\u00e5lla exakta positionsdata f\u00f6r plottning av fundament, kontroll av strukturer och planering av infrastrukturutveckling som v\u00e4gar, broar och byggnader.<\/li>\n<li class=\"li2\"><b>Skogsbruk och naturv\u00e5rd<\/b>: GPS-system anv\u00e4nds av skogsf\u00f6rvaltare och naturv\u00e5rdare f\u00f6r att \u00f6vervaka skogar, skydda livsmilj\u00f6er och f\u00f6rvalta viltbest\u00e5nd, vilket m\u00f6jligg\u00f6r h\u00e5llbar skogsf\u00f6rvaltning och bevarande av biologisk m\u00e5ngfald.<\/li>\n<li class=\"li2\"><b>V\u00e4g- och j\u00e4rnv\u00e4gsunderh\u00e5ll<\/b>: Inom v\u00e4g- och j\u00e4rnv\u00e4gsf\u00f6rvaltning hj\u00e4lper GPS-system till med inspektion och underh\u00e5ll av transportinfrastruktur, t.ex. kontroll av v\u00e4gkvalitet, planering av underh\u00e5llsprogram och f\u00f6rvaltning av j\u00e4rnv\u00e4gsn\u00e4t.<\/li>\n<li class=\"li2\"><b>Energi och allm\u00e4nnyttiga tj\u00e4nster<\/b>: F\u00f6r energi- och elbolag \u00e4r GPS-system ett s\u00e4tt att kartl\u00e4gga r\u00f6r, kablar och energiinfrastruktur, optimera hanteringen av eln\u00e4tet och snabbt lokalisera och reparera fel.<\/li>\n<\/ul>\n<p>&nbsp;<\/p>\n<p class=\"p2\"><b>Inneh\u00e5ll<\/b><\/p>\n<p class=\"p2\">GPS-m\u00e4tsystemet Plus \u00e4r ett komplett paket som g\u00f6r att du kan g\u00f6ra GPS-m\u00e4tningar direkt. Det best\u00e5r av:<\/p>\n<ul class=\"ul1\">\n<li class=\"li2\"><b>Toknav P8<\/b>: Ger exakt GPS-sp\u00e5rning och positionering \u00e4ven i kr\u00e4vande milj\u00f6er, vilket ger dig tillf\u00f6rlitliga platsdata f\u00f6r dina m\u00e4tningar.<\/li>\n<li class=\"li2\"><b>T8-20 (strykt\u00e5lig Android-surfplatta)<\/b>: Levererar avancerad prestanda och en intuitiv anv\u00e4ndarupplevelse, s\u00e5 att du kan arbeta effektivt med olika applikationer och verktyg f\u00f6r databehandling och m\u00e4tning.<\/li>\n<li class=\"li2\"><b>Apglos Survey Wizard prenumerationspaket<\/b>: Ger tillg\u00e5ng till regelbundna uppdateringar, nya funktioner och f\u00f6rb\u00e4ttringar, s\u00e5 att du alltid \u00e4r uppdaterad med den senaste utvecklingen inom lantm\u00e4teriteknik och bibeh\u00e5ller optimal prestanda.<\/li>\n<li class=\"li2\"><b>H\u00e5llare f\u00f6r surfplatta<\/b>: Ger s\u00e4ker och stabil fasts\u00e4ttning av din surfplatta, s\u00e5 att du kan g\u00f6ra handsfree-m\u00e4tningar utan att beh\u00f6va oroa dig f\u00f6r att h\u00e5lla i din enhet.<\/li>\n<li class=\"li2\"><b>GPS-ledarstav 2,0 m, kol, skruvbar<\/b>: Med sin l\u00e4tta och h\u00e5llbara design erbjuder GPS-ledst\u00e5ngen enkel installation och justering f\u00f6r olika m\u00e4tbehov, s\u00e5 att du kan g\u00f6ra exakta h\u00f6jdm\u00e4tningar med precision och l\u00e4tthet.<\/li>\n<li class=\"li2\"><b>V\u00e4ska stor<\/b>: Ger tillr\u00e4ckligt med utrymme f\u00f6r att f\u00f6rvara alla komponenter p\u00e5 ett s\u00e4kert s\u00e4tt och enkelt transportera dem till olika platser, s\u00e5 att du alltid \u00e4r redo f\u00f6r n\u00e4sta m\u00e4tutmaning.<\/li>\n<\/ul>","protected":false},"excerpt":{"rendered":"<p class=\"p1\">Uppt\u00e4ck hur enkelt och bekv\u00e4mt det \u00e4r att utf\u00f6ra m\u00e4tningar med v\u00e5rt Plus GPS-system! Utrustat med Toknav P8, T8-20 (robust Android-surfplatta), prenumerationspaketet Apglos Survey Wizard, en praktisk surfplatteh\u00e5llare, en 2,0 m kolfiber GPS-ledst\u00e5ng som skruvas fast och en rymlig v\u00e4ska f\u00f6r enkel transport. Det h\u00e4r systemet ger dig allt du beh\u00f6ver f\u00f6r noggrann m\u00e4tning utan kr\u00e5ngel.<\/p>","protected":false},"featured_media":4192,"template":"","meta":[],"product_brand":[],"product_cat":[19,38],"product_tag":[],"class_list":{"0":"post-4173","1":"product","2":"type-product","3":"status-publish","4":"has-post-thumbnail","6":"product_cat-gps-meettoestel","7":"product_cat-gps-ontvangers","8":"entry","10":"first","11":"instock","12":"featured","13":"taxable","14":"shipping-taxable","15":"purchasable","16":"product-type-simple"},"yoast_head":"<!-- This site is optimized with the Yoast SEO plugin v26.3 - https:\/\/yoast.com\/wordpress\/plugins\/seo\/ -->\n<title>Plus GPS meetsysteem - GPS-SYSTEM.SE<\/title>\n<meta name=\"robots\" content=\"index, follow, max-snippet:-1, max-image-preview:large, max-video-preview:-1\" \/>\n<link rel=\"canonical\" href=\"https:\/\/gps-system.se\/sv\/produkt\/plus-gps-matsystem\/\" \/>\n<meta property=\"og:locale\" content=\"sv_SE\" \/>\n<meta property=\"og:type\" content=\"article\" \/>\n<meta property=\"og:title\" content=\"Plus GPS meetsysteem - GPS-SYSTEM.SE\" \/>\n<meta property=\"og:description\" content=\"Ontdek het eenvoudige gemak van landmeten met ons Plus GPS systeem! Voorzien van de Toknav P8, T8-20 (robuuste Android tablet), het Apglos Survey Wizard abonnementenpakket, een handige tablethouder, een schroefbare GPS loodstaaf van 2,0 m in carbon en een ruime tas voor moeiteloos vervoer. Dit systeem biedt alles wat je nodig hebt voor nauwkeurige landmetingen zonder gedoe.\" \/>\n<meta property=\"og:url\" content=\"https:\/\/gps-system.se\/sv\/produkt\/plus-gps-matsystem\/\" \/>\n<meta property=\"og:site_name\" content=\"GPS-SYSTEM.SE\" \/>\n<meta property=\"article:modified_time\" content=\"2025-11-29T20:41:35+00:00\" \/>\n<meta property=\"og:image\" content=\"https:\/\/gps-system.se\/wp-content\/uploads\/2024\/02\/Plus-voorkant.png\" \/>\n\t<meta property=\"og:image:width\" content=\"1200\" \/>\n\t<meta property=\"og:image:height\" content=\"1200\" \/>\n\t<meta property=\"og:image:type\" content=\"image\/png\" \/>\n<meta name=\"twitter:card\" content=\"summary_large_image\" \/>\n<meta name=\"twitter:label1\" content=\"Ber\u00e4knad l\u00e4stid\" \/>\n\t<meta name=\"twitter:data1\" content=\"3 minuter\" \/>\n<script type=\"application\/ld+json\" class=\"yoast-schema-graph\">{\"@context\":\"https:\/\/schema.org\",\"@graph\":[{\"@type\":\"WebPage\",\"@id\":\"https:\/\/gps-system.se\/product\/plus-gps-meetsysteem\/\",\"url\":\"https:\/\/gps-system.se\/product\/plus-gps-meetsysteem\/\",\"name\":\"Plus GPS meetsysteem - GPS-SYSTEM.SE\",\"isPartOf\":{\"@id\":\"https:\/\/gps-system.se\/#website\"},\"primaryImageOfPage\":{\"@id\":\"https:\/\/gps-system.se\/product\/plus-gps-meetsysteem\/#primaryimage\"},\"image\":{\"@id\":\"https:\/\/gps-system.se\/product\/plus-gps-meetsysteem\/#primaryimage\"},\"thumbnailUrl\":\"https:\/\/gps-system.se\/wp-content\/uploads\/2024\/02\/Plus-voorkant.png\",\"datePublished\":\"2024-02-29T13:56:57+00:00\",\"dateModified\":\"2025-11-29T20:41:35+00:00\",\"breadcrumb\":{\"@id\":\"https:\/\/gps-system.se\/product\/plus-gps-meetsysteem\/#breadcrumb\"},\"inLanguage\":\"sv-SE\",\"potentialAction\":[{\"@type\":\"ReadAction\",\"target\":[\"https:\/\/gps-system.se\/product\/plus-gps-meetsysteem\/\"]}]},{\"@type\":\"ImageObject\",\"inLanguage\":\"sv-SE\",\"@id\":\"https:\/\/gps-system.se\/product\/plus-gps-meetsysteem\/#primaryimage\",\"url\":\"https:\/\/gps-system.se\/wp-content\/uploads\/2024\/02\/Plus-voorkant.png\",\"contentUrl\":\"https:\/\/gps-system.se\/wp-content\/uploads\/2024\/02\/Plus-voorkant.png\",\"width\":1200,\"height\":1200},{\"@type\":\"BreadcrumbList\",\"@id\":\"https:\/\/gps-system.se\/product\/plus-gps-meetsysteem\/#breadcrumb\",\"itemListElement\":[{\"@type\":\"ListItem\",\"position\":1,\"name\":\"Home\",\"item\":\"https:\/\/gps-system.se\/\"},{\"@type\":\"ListItem\",\"position\":2,\"name\":\"Producten\",\"item\":\"https:\/\/gps-system.se\/winkel\/\"},{\"@type\":\"ListItem\",\"position\":3,\"name\":\"Plus GPS meetsysteem\"}]},{\"@type\":\"WebSite\",\"@id\":\"https:\/\/gps-system.se\/#website\",\"url\":\"https:\/\/gps-system.se\/\",\"name\":\"GPS-SYSTEMS\",\"description\":\"GPS sytems for everyone\",\"publisher\":{\"@id\":\"https:\/\/gps-system.se\/#organization\"},\"potentialAction\":[{\"@type\":\"SearchAction\",\"target\":{\"@type\":\"EntryPoint\",\"urlTemplate\":\"https:\/\/gps-system.se\/?s={search_term_string}\"},\"query-input\":{\"@type\":\"PropertyValueSpecification\",\"valueRequired\":true,\"valueName\":\"search_term_string\"}}],\"inLanguage\":\"sv-SE\"},{\"@type\":\"Organization\",\"@id\":\"https:\/\/gps-system.se\/#organization\",\"name\":\"GPS-SYSTEMS Sweden\",\"url\":\"https:\/\/gps-system.se\/\",\"logo\":{\"@type\":\"ImageObject\",\"inLanguage\":\"sv-SE\",\"@id\":\"https:\/\/gps-system.se\/#\/schema\/logo\/image\/\",\"url\":\"https:\/\/gps-system.se\/wp-content\/uploads\/2023\/11\/fulllogo-1.png\",\"contentUrl\":\"https:\/\/gps-system.se\/wp-content\/uploads\/2023\/11\/fulllogo-1.png\",\"width\":1280,\"height\":1024,\"caption\":\"GPS-SYSTEMS Sweden\"},\"image\":{\"@id\":\"https:\/\/gps-system.se\/#\/schema\/logo\/image\/\"},\"sameAs\":[\"https:\/\/www.linkedin.com\/in\/roland-van-joolen-a909b716\/\"]}]}<\/script>\n<!-- \/ Yoast SEO plugin. -->","yoast_head_json":{"title":"Plus GPS-m\u00e4tsystem - GPS-SYSTEM.SE","robots":{"index":"index","follow":"follow","max-snippet":"max-snippet:-1","max-image-preview":"max-image-preview:large","max-video-preview":"max-video-preview:-1"},"canonical":"https:\/\/gps-system.se\/sv\/produkt\/plus-gps-matsystem\/","og_locale":"sv_SE","og_type":"article","og_title":"Plus GPS meetsysteem - GPS-SYSTEM.SE","og_description":"Ontdek het eenvoudige gemak van landmeten met ons Plus GPS systeem! Voorzien van de Toknav P8, T8-20 (robuuste Android tablet), het Apglos Survey Wizard abonnementenpakket, een handige tablethouder, een schroefbare GPS loodstaaf van 2,0 m in carbon en een ruime tas voor moeiteloos vervoer. Dit systeem biedt alles wat je nodig hebt voor nauwkeurige landmetingen zonder gedoe.","og_url":"https:\/\/gps-system.se\/sv\/produkt\/plus-gps-matsystem\/","og_site_name":"GPS-SYSTEM.SE","article_modified_time":"2025-11-29T20:41:35+00:00","og_image":[{"width":1200,"height":1200,"url":"https:\/\/gps-system.se\/wp-content\/uploads\/2024\/02\/Plus-voorkant.png","type":"image\/png"}],"twitter_card":"summary_large_image","twitter_misc":{"Ber\u00e4knad l\u00e4stid":"3 minuter"},"schema":{"@context":"https:\/\/schema.org","@graph":[{"@type":"WebPage","@id":"https:\/\/gps-system.se\/product\/plus-gps-meetsysteem\/","url":"https:\/\/gps-system.se\/product\/plus-gps-meetsysteem\/","name":"Plus GPS-m\u00e4tsystem - GPS-SYSTEM.SE","isPartOf":{"@id":"https:\/\/gps-system.se\/#website"},"primaryImageOfPage":{"@id":"https:\/\/gps-system.se\/product\/plus-gps-meetsysteem\/#primaryimage"},"image":{"@id":"https:\/\/gps-system.se\/product\/plus-gps-meetsysteem\/#primaryimage"},"thumbnailUrl":"https:\/\/gps-system.se\/wp-content\/uploads\/2024\/02\/Plus-voorkant.png","datePublished":"2024-02-29T13:56:57+00:00","dateModified":"2025-11-29T20:41:35+00:00","breadcrumb":{"@id":"https:\/\/gps-system.se\/product\/plus-gps-meetsysteem\/#breadcrumb"},"inLanguage":"sv-SE","potentialAction":[{"@type":"ReadAction","target":["https:\/\/gps-system.se\/product\/plus-gps-meetsysteem\/"]}]},{"@type":"ImageObject","inLanguage":"sv-SE","@id":"https:\/\/gps-system.se\/product\/plus-gps-meetsysteem\/#primaryimage","url":"https:\/\/gps-system.se\/wp-content\/uploads\/2024\/02\/Plus-voorkant.png","contentUrl":"https:\/\/gps-system.se\/wp-content\/uploads\/2024\/02\/Plus-voorkant.png","width":1200,"height":1200},{"@type":"BreadcrumbList","@id":"https:\/\/gps-system.se\/product\/plus-gps-meetsysteem\/#breadcrumb","itemListElement":[{"@type":"ListItem","position":1,"name":"Home","item":"https:\/\/gps-system.se\/"},{"@type":"ListItem","position":2,"name":"Producten","item":"https:\/\/gps-system.se\/winkel\/"},{"@type":"ListItem","position":3,"name":"Plus GPS meetsysteem"}]},{"@type":"WebSite","@id":"https:\/\/gps-system.se\/#website","url":"https:\/\/gps-system.se\/","name":"GPS-SYSTEM","description":"GPS-system f\u00f6r alla","publisher":{"@id":"https:\/\/gps-system.se\/#organization"},"potentialAction":[{"@type":"SearchAction","target":{"@type":"EntryPoint","urlTemplate":"https:\/\/gps-system.se\/?s={search_term_string}"},"query-input":{"@type":"PropertyValueSpecification","valueRequired":true,"valueName":"search_term_string"}}],"inLanguage":"sv-SE"},{"@type":"Organization","@id":"https:\/\/gps-system.se\/#organization","name":"GPS-SYSTEMS Sverige","url":"https:\/\/gps-system.se\/","logo":{"@type":"ImageObject","inLanguage":"sv-SE","@id":"https:\/\/gps-system.se\/#\/schema\/logo\/image\/","url":"https:\/\/gps-system.se\/wp-content\/uploads\/2023\/11\/fulllogo-1.png","contentUrl":"https:\/\/gps-system.se\/wp-content\/uploads\/2023\/11\/fulllogo-1.png","width":1280,"height":1024,"caption":"GPS-SYSTEMS Sweden"},"image":{"@id":"https:\/\/gps-system.se\/#\/schema\/logo\/image\/"},"sameAs":["https:\/\/www.linkedin.com\/in\/roland-van-joolen-a909b716\/"]}]}},"_links":{"self":[{"href":"https:\/\/gps-system.se\/sv\/wp-json\/wp\/v2\/product\/4173","targetHints":{"allow":["GET"]}}],"collection":[{"href":"https:\/\/gps-system.se\/sv\/wp-json\/wp\/v2\/product"}],"about":[{"href":"https:\/\/gps-system.se\/sv\/wp-json\/wp\/v2\/types\/product"}],"version-history":[{"count":5,"href":"https:\/\/gps-system.se\/sv\/wp-json\/wp\/v2\/product\/4173\/revisions"}],"predecessor-version":[{"id":4228,"href":"https:\/\/gps-system.se\/sv\/wp-json\/wp\/v2\/product\/4173\/revisions\/4228"}],"wp:featuredmedia":[{"embeddable":true,"href":"https:\/\/gps-system.se\/sv\/wp-json\/wp\/v2\/media\/4192"}],"wp:attachment":[{"href":"https:\/\/gps-system.se\/sv\/wp-json\/wp\/v2\/media?parent=4173"}],"wp:term":[{"taxonomy":"product_brand","embeddable":true,"href":"https:\/\/gps-system.se\/sv\/wp-json\/wp\/v2\/product_brand?post=4173"},{"taxonomy":"product_cat","embeddable":true,"href":"https:\/\/gps-system.se\/sv\/wp-json\/wp\/v2\/product_cat?post=4173"},{"taxonomy":"product_tag","embeddable":true,"href":"https:\/\/gps-system.se\/sv\/wp-json\/wp\/v2\/product_tag?post=4173"}],"curies":[{"name":"wp","href":"https:\/\/api.w.org\/{rel}","templated":true}]}}