{"id":4289,"date":"2024-02-29T16:54:44","date_gmt":"2024-02-29T16:54:44","guid":{"rendered":"https:\/\/gps-system.se\/?post_type=product&#038;p=4289"},"modified":"2025-12-14T18:16:53","modified_gmt":"2025-12-14T18:16:53","slug":"gis-utvidelse","status":"publish","type":"product","link":"https:\/\/gps-system.se\/no\/produkt\/gis-utvidelse\/","title":{"rendered":"GIS-utvidelse"},"content":{"rendered":"<p class=\"p1\">F\u00e5 mest mulig ut av nettbrettet ditt med GIS Expansion Pack. Dette utvidelsessettet gir nettbrettet ditt nye muligheter ved \u00e5 legge til avansert m\u00e5leteknologi. Med v\u00e5rt brede utvalg av tilbeh\u00f8r kan du n\u00e5 utf\u00f8re n\u00f8yaktige GIS-m\u00e5linger selv i de mest krevende milj\u00f8er. GIS-utvidelsespakken \u00e5pner d\u00f8ren til presisjon og effektivitet, slik at du kan ta prosjektene dine til neste niv\u00e5 uten behov for ny maskinvare.<\/p>\n<p>&nbsp;<\/p>\n<p class=\"p1\"><b>Fordeler<\/b><\/p>\n<p>&nbsp;<\/p>\n<p class=\"p1\">GIS Extension-pakken gir mange fordeler:<\/p>\n<ul class=\"ul1\">\n<li class=\"li1\"><b>H\u00f8y n\u00f8yaktighet<\/b>: Centimetern\u00f8yaktig oppm\u00e5ling gir sv\u00e6rt h\u00f8y presisjon, noe som er avgj\u00f8rende for detaljert romlig analyse og kartlegging.<\/li>\n<li class=\"li1\"><b>Mer effektiv prosjektplanlegging<\/b>: Med n\u00f8yaktig oppm\u00e5ling kan prosjekter planlegges og gjennomf\u00f8res mer effektivt, ettersom planleggere og designere har detaljerte og p\u00e5litelige data om stedet og omgivelsene.<\/li>\n<li class=\"li1\"><b>Forbedret romlig visualisering<\/b>: N\u00f8yaktig oppm\u00e5ling bidrar til bedre visualisering og presentasjon av data, noe som gj\u00f8r det enklere \u00e5 kommunisere resultater og funn til interessenter p\u00e5 en effektiv m\u00e5te.<\/li>\n<li class=\"li1\"><b>Bedre integrering med GPS-teknologi<\/b>: Centimetern\u00f8yaktig oppm\u00e5ling kan s\u00f8ml\u00f8st integreres med GPS-teknologi, slik at brukerne kan samle inn og analysere stedsbaserte data i sanntid.<\/li>\n<\/ul>\n<p>&nbsp;<\/p>\n<p class=\"p1\"><b>Bruksomr\u00e5der<\/b><\/p>\n<p>&nbsp;<\/p>\n<p class=\"p1\">GIS Extension-pakken brukes i:<\/p>\n<ul class=\"ul1\">\n<li class=\"li1\"><b>Naturvern<\/b>: GIS-systemer brukes til bevaring av biologisk mangfold, overv\u00e5king av \u00f8kologiske habitater og forvaltning av verneomr\u00e5der. Dette omfatter identifisering av s\u00e5rbare \u00f8kosystemer, sporing av dyrearter og opprettholdelse av den naturlige balansen.<\/li>\n<li class=\"li1\"><b>Byens ledelse<\/b>: Byens infrastruktur, inkludert veier, avl\u00f8p og offentlige anlegg, vedlikeholdes effektivt ved hjelp av GIS-m\u00e5linger. Dette omfatter planlegging av vedlikeholdsarbeid, h\u00e5ndtering av avfallsinnsamling og forbedring av byens tjenester.<\/li>\n<li class=\"li1\"><b>Milj\u00f8overv\u00e5king<\/b>Luftkvalitet, jordforurensning og vannstr\u00f8mmer overv\u00e5kes med n\u00f8yaktige GIS-m\u00e5linger. Dette bidrar til \u00e5 identifisere milj\u00f8problemer, evaluere milj\u00f8konsekvenser og iverksette hensiktsmessige milj\u00f8tiltak.<\/li>\n<li class=\"li1\"><b>Byfornyelse<\/b>GIS-m\u00e5linger spiller en avgj\u00f8rende rolle n\u00e5r det gjelder \u00e5 revitalisere bysentra, utvikle fors\u00f8mte omr\u00e5der og gjenbruke ledige arealer. Dette omfatter planlegging av saneringsprosjekter, forbedring av livskvaliteten og fremme av \u00f8konomisk vekst.<\/li>\n<li class=\"li1\"><b>Kultur og rekreasjon<\/b>: GIS-m\u00e5linger er avgj\u00f8rende for forvaltningen av kulturinstitusjoner, rekreasjonsanlegg og arrangementer. Dette omfatter planlegging av kulturarrangementer, utvikling av fritidsaktiviteter og fremme av turisme.<\/li>\n<li class=\"li1\"><b>Landbruksforskning<\/b>: GIS-m\u00e5linger er avgj\u00f8rende for \u00e5 evaluere avlinger, jordbruksmetoder og jordhelse. Dette omfatter blant annet analyse av jordsmonn, planlegging av vanningssystemer og avlingsprognoser.<\/li>\n<\/ul>\n<p>&nbsp;<\/p>\n<p class=\"p1\"><b>Innhold<\/b><\/p>\n<p>&nbsp;<\/p>\n<p class=\"p1\">Denne GIS Extension-pakken best\u00e5r av:<\/p>\n<ul class=\"ul1\">\n<li class=\"li1\"><b>Toknav P8<\/b>: Avansert GPS-funksjonalitet for n\u00f8yaktig posisjonering og sporing, slik at du kan f\u00e5 p\u00e5litelige posisjonsdata for ulike GIS-applikasjoner.<\/li>\n<li class=\"li1\"><b>Abonnementspakke for Apglos Position Corrector<\/b> SIM-fri: Gir tilgang til regelmessige oppdateringer og nye funksjoner, slik at du alltid er oppdatert med den nyeste utviklingen innen GIS-teknologi, uten behov for SIM-kort.<\/li>\n<li class=\"li1\"><b>Holder for nettbrett<\/b>: Gir et stabilt og sikkert feste for nettbrettet, slik at du kan jobbe h\u00e5ndfritt og enkelt f\u00e5 tilgang til GIS-applikasjonene dine under feltarbeid.<\/li>\n<\/ul>\n<p class=\"p1\">Fleksibilitet og mobilitet: Ved \u00e5 utvide den eksisterende enheten med GIS-funksjoner, opprettholder du mobiliteten og fleksibiliteten til \u00e5 utf\u00f8re GIS-oppgaver p\u00e5 stedet. Dette gj\u00f8r feltarbeid, befaringer og datainnsamling mer effektivt og praktisk.<\/p>","protected":false},"excerpt":{"rendered":"<p class=\"p1\">Forbedre GIS-mulighetene dine med v\u00e5r GIS-utvidelsespakke! Med Toknav P8-nettbrettet, abonnementspakken Apglos Position Corrector og en praktisk nettbrettholder er du klar til \u00e5 utf\u00f8re n\u00f8yaktige GIS-m\u00e5linger med ditt eget nettbrett. Denne pakken gir deg fleksibiliteten og presisjonen du trenger for alle GIS-prosjektene dine. Ta steget inn i en verden av GIS-utvidelser!<\/p>","protected":false},"featured_media":4180,"template":"","meta":[],"product_brand":[],"product_cat":[19,38],"product_tag":[],"class_list":{"0":"post-4289","1":"product","2":"type-product","3":"status-publish","4":"has-post-thumbnail","6":"product_cat-gps-meettoestel","7":"product_cat-gps-ontvangers","8":"entry","10":"first","11":"instock","12":"taxable","13":"shipping-taxable","14":"purchasable","15":"product-type-simple"},"yoast_head":"<!-- This site is optimized with the Yoast SEO plugin v26.3 - https:\/\/yoast.com\/wordpress\/plugins\/seo\/ -->\n<title>GIS Uitbreiding - GPS-SYSTEM.SE<\/title>\n<meta name=\"robots\" content=\"index, follow, max-snippet:-1, max-image-preview:large, max-video-preview:-1\" \/>\n<link rel=\"canonical\" href=\"https:\/\/gps-system.se\/no\/produkt\/gis-utvidelse\/\" \/>\n<meta property=\"og:locale\" content=\"nb_NO\" \/>\n<meta property=\"og:type\" content=\"article\" \/>\n<meta property=\"og:title\" content=\"GIS Uitbreiding - GPS-SYSTEM.SE\" \/>\n<meta property=\"og:description\" content=\"Versterk je GIS-mogelijkheden met ons GIS Uitbreiding pakket! Met de Toknav P8 Tablet, het Apglos Position Corrector abonnementenpakket en een praktische tablethouder, ben je klaar om nauwkeurige GIS-metingen uit te voeren met je eigen tablet. Dit pakket biedt de flexibiliteit en precisie die je nodig hebt voor al je GIS-projecten. Stap in de wereld van GIS-uitbreiding!\" \/>\n<meta property=\"og:url\" content=\"https:\/\/gps-system.se\/no\/produkt\/gis-utvidelse\/\" \/>\n<meta property=\"og:site_name\" content=\"GPS-SYSTEM.SE\" \/>\n<meta property=\"article:modified_time\" content=\"2025-12-14T18:16:53+00:00\" \/>\n<meta property=\"og:image\" content=\"https:\/\/gps-system.se\/wp-content\/uploads\/2024\/02\/GIS-Uitbreiding-voorkant.png\" \/>\n\t<meta property=\"og:image:width\" content=\"1200\" \/>\n\t<meta property=\"og:image:height\" content=\"1200\" \/>\n\t<meta property=\"og:image:type\" content=\"image\/png\" \/>\n<meta name=\"twitter:card\" content=\"summary_large_image\" \/>\n<meta name=\"twitter:label1\" content=\"Ansl. lesetid\" \/>\n\t<meta name=\"twitter:data1\" content=\"3 minutter\" \/>\n<script type=\"application\/ld+json\" class=\"yoast-schema-graph\">{\"@context\":\"https:\/\/schema.org\",\"@graph\":[{\"@type\":\"WebPage\",\"@id\":\"https:\/\/gps-system.se\/product\/gis-uitbreiding\/\",\"url\":\"https:\/\/gps-system.se\/product\/gis-uitbreiding\/\",\"name\":\"GIS Uitbreiding - GPS-SYSTEM.SE\",\"isPartOf\":{\"@id\":\"https:\/\/gps-system.se\/#website\"},\"primaryImageOfPage\":{\"@id\":\"https:\/\/gps-system.se\/product\/gis-uitbreiding\/#primaryimage\"},\"image\":{\"@id\":\"https:\/\/gps-system.se\/product\/gis-uitbreiding\/#primaryimage\"},\"thumbnailUrl\":\"https:\/\/gps-system.se\/wp-content\/uploads\/2024\/02\/GIS-Uitbreiding-voorkant.png\",\"datePublished\":\"2024-02-29T16:54:44+00:00\",\"dateModified\":\"2025-12-14T18:16:53+00:00\",\"breadcrumb\":{\"@id\":\"https:\/\/gps-system.se\/product\/gis-uitbreiding\/#breadcrumb\"},\"inLanguage\":\"nb-NO\",\"potentialAction\":[{\"@type\":\"ReadAction\",\"target\":[\"https:\/\/gps-system.se\/product\/gis-uitbreiding\/\"]}]},{\"@type\":\"ImageObject\",\"inLanguage\":\"nb-NO\",\"@id\":\"https:\/\/gps-system.se\/product\/gis-uitbreiding\/#primaryimage\",\"url\":\"https:\/\/gps-system.se\/wp-content\/uploads\/2024\/02\/GIS-Uitbreiding-voorkant.png\",\"contentUrl\":\"https:\/\/gps-system.se\/wp-content\/uploads\/2024\/02\/GIS-Uitbreiding-voorkant.png\",\"width\":1200,\"height\":1200},{\"@type\":\"BreadcrumbList\",\"@id\":\"https:\/\/gps-system.se\/product\/gis-uitbreiding\/#breadcrumb\",\"itemListElement\":[{\"@type\":\"ListItem\",\"position\":1,\"name\":\"Home\",\"item\":\"https:\/\/gps-system.se\/\"},{\"@type\":\"ListItem\",\"position\":2,\"name\":\"Producten\",\"item\":\"https:\/\/gps-system.se\/winkel\/\"},{\"@type\":\"ListItem\",\"position\":3,\"name\":\"GIS Uitbreiding\"}]},{\"@type\":\"WebSite\",\"@id\":\"https:\/\/gps-system.se\/#website\",\"url\":\"https:\/\/gps-system.se\/\",\"name\":\"GPS-SYSTEMS\",\"description\":\"GPS sytems for everyone\",\"publisher\":{\"@id\":\"https:\/\/gps-system.se\/#organization\"},\"potentialAction\":[{\"@type\":\"SearchAction\",\"target\":{\"@type\":\"EntryPoint\",\"urlTemplate\":\"https:\/\/gps-system.se\/?s={search_term_string}\"},\"query-input\":{\"@type\":\"PropertyValueSpecification\",\"valueRequired\":true,\"valueName\":\"search_term_string\"}}],\"inLanguage\":\"nb-NO\"},{\"@type\":\"Organization\",\"@id\":\"https:\/\/gps-system.se\/#organization\",\"name\":\"GPS-SYSTEMS Sweden\",\"url\":\"https:\/\/gps-system.se\/\",\"logo\":{\"@type\":\"ImageObject\",\"inLanguage\":\"nb-NO\",\"@id\":\"https:\/\/gps-system.se\/#\/schema\/logo\/image\/\",\"url\":\"https:\/\/gps-system.se\/wp-content\/uploads\/2023\/11\/fulllogo-1.png\",\"contentUrl\":\"https:\/\/gps-system.se\/wp-content\/uploads\/2023\/11\/fulllogo-1.png\",\"width\":1280,\"height\":1024,\"caption\":\"GPS-SYSTEMS Sweden\"},\"image\":{\"@id\":\"https:\/\/gps-system.se\/#\/schema\/logo\/image\/\"},\"sameAs\":[\"https:\/\/www.linkedin.com\/in\/roland-van-joolen-a909b716\/\"]}]}<\/script>\n<!-- \/ Yoast SEO plugin. -->","yoast_head_json":{"title":"GIS-utvidelse - GPS-SYSTEM.SE","robots":{"index":"index","follow":"follow","max-snippet":"max-snippet:-1","max-image-preview":"max-image-preview:large","max-video-preview":"max-video-preview:-1"},"canonical":"https:\/\/gps-system.se\/no\/produkt\/gis-utvidelse\/","og_locale":"nb_NO","og_type":"article","og_title":"GIS Uitbreiding - GPS-SYSTEM.SE","og_description":"Versterk je GIS-mogelijkheden met ons GIS Uitbreiding pakket! Met de Toknav P8 Tablet, het Apglos Position Corrector abonnementenpakket en een praktische tablethouder, ben je klaar om nauwkeurige GIS-metingen uit te voeren met je eigen tablet. Dit pakket biedt de flexibiliteit en precisie die je nodig hebt voor al je GIS-projecten. Stap in de wereld van GIS-uitbreiding!","og_url":"https:\/\/gps-system.se\/no\/produkt\/gis-utvidelse\/","og_site_name":"GPS-SYSTEM.SE","article_modified_time":"2025-12-14T18:16:53+00:00","og_image":[{"width":1200,"height":1200,"url":"https:\/\/gps-system.se\/wp-content\/uploads\/2024\/02\/GIS-Uitbreiding-voorkant.png","type":"image\/png"}],"twitter_card":"summary_large_image","twitter_misc":{"Ansl. lesetid":"3 minutter"},"schema":{"@context":"https:\/\/schema.org","@graph":[{"@type":"WebPage","@id":"https:\/\/gps-system.se\/product\/gis-uitbreiding\/","url":"https:\/\/gps-system.se\/product\/gis-uitbreiding\/","name":"GIS-utvidelse - GPS-SYSTEM.SE","isPartOf":{"@id":"https:\/\/gps-system.se\/#website"},"primaryImageOfPage":{"@id":"https:\/\/gps-system.se\/product\/gis-uitbreiding\/#primaryimage"},"image":{"@id":"https:\/\/gps-system.se\/product\/gis-uitbreiding\/#primaryimage"},"thumbnailUrl":"https:\/\/gps-system.se\/wp-content\/uploads\/2024\/02\/GIS-Uitbreiding-voorkant.png","datePublished":"2024-02-29T16:54:44+00:00","dateModified":"2025-12-14T18:16:53+00:00","breadcrumb":{"@id":"https:\/\/gps-system.se\/product\/gis-uitbreiding\/#breadcrumb"},"inLanguage":"nb-NO","potentialAction":[{"@type":"ReadAction","target":["https:\/\/gps-system.se\/product\/gis-uitbreiding\/"]}]},{"@type":"ImageObject","inLanguage":"nb-NO","@id":"https:\/\/gps-system.se\/product\/gis-uitbreiding\/#primaryimage","url":"https:\/\/gps-system.se\/wp-content\/uploads\/2024\/02\/GIS-Uitbreiding-voorkant.png","contentUrl":"https:\/\/gps-system.se\/wp-content\/uploads\/2024\/02\/GIS-Uitbreiding-voorkant.png","width":1200,"height":1200},{"@type":"BreadcrumbList","@id":"https:\/\/gps-system.se\/product\/gis-uitbreiding\/#breadcrumb","itemListElement":[{"@type":"ListItem","position":1,"name":"Home","item":"https:\/\/gps-system.se\/"},{"@type":"ListItem","position":2,"name":"Producten","item":"https:\/\/gps-system.se\/winkel\/"},{"@type":"ListItem","position":3,"name":"GIS Uitbreiding"}]},{"@type":"WebSite","@id":"https:\/\/gps-system.se\/#website","url":"https:\/\/gps-system.se\/","name":"GPS-SYSTEMER","description":"GPS-systemer for alle","publisher":{"@id":"https:\/\/gps-system.se\/#organization"},"potentialAction":[{"@type":"SearchAction","target":{"@type":"EntryPoint","urlTemplate":"https:\/\/gps-system.se\/?s={search_term_string}"},"query-input":{"@type":"PropertyValueSpecification","valueRequired":true,"valueName":"search_term_string"}}],"inLanguage":"nb-NO"},{"@type":"Organization","@id":"https:\/\/gps-system.se\/#organization","name":"GPS-SYSTEMS Sverige","url":"https:\/\/gps-system.se\/","logo":{"@type":"ImageObject","inLanguage":"nb-NO","@id":"https:\/\/gps-system.se\/#\/schema\/logo\/image\/","url":"https:\/\/gps-system.se\/wp-content\/uploads\/2023\/11\/fulllogo-1.png","contentUrl":"https:\/\/gps-system.se\/wp-content\/uploads\/2023\/11\/fulllogo-1.png","width":1280,"height":1024,"caption":"GPS-SYSTEMS Sweden"},"image":{"@id":"https:\/\/gps-system.se\/#\/schema\/logo\/image\/"},"sameAs":["https:\/\/www.linkedin.com\/in\/roland-van-joolen-a909b716\/"]}]}},"_links":{"self":[{"href":"https:\/\/gps-system.se\/no\/wp-json\/wp\/v2\/product\/4289","targetHints":{"allow":["GET"]}}],"collection":[{"href":"https:\/\/gps-system.se\/no\/wp-json\/wp\/v2\/product"}],"about":[{"href":"https:\/\/gps-system.se\/no\/wp-json\/wp\/v2\/types\/product"}],"version-history":[{"count":1,"href":"https:\/\/gps-system.se\/no\/wp-json\/wp\/v2\/product\/4289\/revisions"}],"predecessor-version":[{"id":4290,"href":"https:\/\/gps-system.se\/no\/wp-json\/wp\/v2\/product\/4289\/revisions\/4290"}],"wp:featuredmedia":[{"embeddable":true,"href":"https:\/\/gps-system.se\/no\/wp-json\/wp\/v2\/media\/4180"}],"wp:attachment":[{"href":"https:\/\/gps-system.se\/no\/wp-json\/wp\/v2\/media?parent=4289"}],"wp:term":[{"taxonomy":"product_brand","embeddable":true,"href":"https:\/\/gps-system.se\/no\/wp-json\/wp\/v2\/product_brand?post=4289"},{"taxonomy":"product_cat","embeddable":true,"href":"https:\/\/gps-system.se\/no\/wp-json\/wp\/v2\/product_cat?post=4289"},{"taxonomy":"product_tag","embeddable":true,"href":"https:\/\/gps-system.se\/no\/wp-json\/wp\/v2\/product_tag?post=4289"}],"curies":[{"name":"wp","href":"https:\/\/api.w.org\/{rel}","templated":true}]}}