{"id":4287,"date":"2024-02-29T16:51:09","date_gmt":"2024-02-29T16:51:09","guid":{"rendered":"https:\/\/gps-system.se\/?post_type=product&#038;p=4287"},"modified":"2025-12-14T18:17:46","modified_gmt":"2025-12-14T18:17:46","slug":"gis-komplett","status":"publish","type":"product","link":"https:\/\/gps-system.se\/no\/produkt\/gis-komplett\/","title":{"rendered":"GIS Komplett"},"content":{"rendered":"<p class=\"p1\">GIS Complete-systemet kombinerer presisjon og p\u00e5litelighet for GIS-m\u00e5lingene dine. V\u00e5r komplette pakke tilbyr avansert teknologi som gj\u00f8r det enkelt \u00e5 foreta centimetern\u00f8yaktige m\u00e5linger, spesielt i horisontalplanet. Systemet v\u00e5rt garanterer n\u00f8yaktige resultater som tar prosjektene dine til neste niv\u00e5, fra terrengmodellering til infrastrukturprosjekter. Med GIS Complete-systemet er du ikke bare rustet for suksess, du er ogs\u00e5 forberedt p\u00e5 \u00e5 jobbe effektivt og kompromissl\u00f8st. Oppdag kraften i n\u00f8yaktige m\u00e5linger, og la GIS Complete-systemet v\u00e6re din guide til fremragende GIS-arbeid.<\/p>\n<p>&nbsp;<\/p>\n<p class=\"p1\"><b>Fordeler<\/b><\/p>\n<p>&nbsp;<\/p>\n<p class=\"p1\">GIS Complete-pakken har mange fordeler. Nedenfor er noen av dem:<\/p>\n<ul class=\"ul1\">\n<li class=\"li1\"><b>Bedre beslutningstaking<\/b>: N\u00f8yaktige data gj\u00f8r det mulig for beslutningstakere \u00e5 ta mer informerte avgj\u00f8relser i sp\u00f8rsm\u00e5l som byplanlegging, infrastrukturutvikling og naturvern.<\/li>\n<li class=\"li1\"><b>Forbedret sikkerhet<\/b>: N\u00f8yaktig oppm\u00e5ling bidrar til prosjektsikkerheten ved \u00e5 minimere risikoen ved feilaktig oppm\u00e5ling og planlegging, spesielt i infrastrukturprosjekter og bygge- og anleggsvirksomhet.<\/li>\n<li class=\"li1\"><b>Kvalitetssikring<\/b>: Centimetern\u00f8yaktig oppm\u00e5ling bidrar til \u00e5 sikre kvaliteten p\u00e5 geografiske data og kartprodukter, noe som forbedrer n\u00f8yaktigheten og p\u00e5liteligheten til GIS-analyser.<\/li>\n<li class=\"li1\"><b>Fremtidssikring<\/b>: Med den kontinuerlige forbedringen av m\u00e5leteknologien blir centimetern\u00f8yaktig oppm\u00e5ling stadig rimeligere og mer tilgjengelig, noe som gj\u00f8r det til en b\u00e6rekraftig investering for fremtidige GIS-applikasjoner og -prosjekter.<\/li>\n<\/ul>\n<p>&nbsp;<\/p>\n<p class=\"p1\"><b>Bruksomr\u00e5der<\/b><\/p>\n<p>&nbsp;<\/p>\n<p class=\"p1\">Denne GIS Complete-pakken brukes i:<\/p>\n<ul class=\"ul1\">\n<li class=\"li1\"><b>Vannforvaltning<\/b>: Innen vannforvaltning brukes n\u00f8yaktige GIS-m\u00e5linger til \u00e5 forvalte vannressurser, overv\u00e5ke vannkvaliteten og lage flomprognoser. Det gj\u00f8r det mulig for vannforvaltere \u00e5 kartlegge elver, innsj\u00f8er og reservoarer, overv\u00e5ke vannstr\u00f8mmer og administrere vanningssystemer.<\/li>\n<li class=\"li1\"><b>Byens ledelse<\/b>: Byens infrastruktur, inkludert veier, avl\u00f8p og offentlige anlegg, vedlikeholdes effektivt ved hjelp av GIS-m\u00e5linger. Dette omfatter planlegging av vedlikeholdsarbeid, h\u00e5ndtering av avfallsinnsamling og forbedring av byens tjenester.<\/li>\n<li class=\"li1\"><b>Transportplanlegging<\/b>GIS-m\u00e5linger spiller en avgj\u00f8rende rolle n\u00e5r det gjelder \u00e5 optimalisere ruter, trafikkflyt og kollektivtransport. Dette omfatter blant annet veiplanlegging, bedre trafikksikkerhet og mindre k\u00f8er.<\/li>\n<li class=\"li1\"><b>Arkeologisk unders\u00f8kelse<\/b>: GIS-systemer bidrar til \u00e5 kartlegge arkeologiske funnsteder og historiske landskap. Dette omfatter lokalisering av gjenstander, dokumentasjon av kulturarv og bevaring av historiske steder.<\/li>\n<li class=\"li1\"><b>Klimaendringer og b\u00e6rekraft<\/b>: GIS-systemer brukes til \u00e5 overv\u00e5ke konsekvensene av klimaendringer, fremme b\u00e6rekraftig utvikling og implementere milj\u00f8politikk. Dette omfatter sporing av milj\u00f8indikatorer, forvaltning av naturressurser og reduksjon av \u00f8kologiske fotavtrykk.<\/li>\n<li class=\"li1\"><b>Kultur og rekreasjon<\/b>: GIS-m\u00e5linger er avgj\u00f8rende for forvaltningen av kulturinstitusjoner, rekreasjonsanlegg og arrangementer. Dette omfatter planlegging av kulturarrangementer, utvikling av fritidsaktiviteter og fremme av turisme.<\/li>\n<\/ul>\n<p>&nbsp;<\/p>\n<p class=\"p1\"><b>Innhold<\/b><\/p>\n<p>&nbsp;<\/p>\n<p class=\"p1\">GIS Complete-pakken leveres med:<\/p>\n<ul class=\"ul1\">\n<li class=\"li1\"><b>Toknav P8<\/b>: Avansert GPS-funksjonalitet for n\u00f8yaktig posisjonering og sporing, slik at du kan f\u00e5 p\u00e5litelige posisjonsdata for ulike GIS-applikasjoner.<\/li>\n<li class=\"li1\"><b>T8-20 (robust Android-nettbrett)<\/b>: Tilbyr et kraftig Android-operativsystem for s\u00f8ml\u00f8s ytelse og en intuitiv brukeropplevelse n\u00e5r du kj\u00f8rer GIS-applikasjoner.<\/li>\n<li class=\"li1\"><b>Abonnementspakke for Apglos Position Corrector<\/b>: Gir tilgang til regelmessige oppdateringer og nye funksjoner, slik at du alltid er oppdatert p\u00e5 den nyeste utviklingen innen GIS-teknologi.<\/li>\n<li class=\"li1\"><b>Holder for nettbrett<\/b>: Gir et stabilt og sikkert feste for nettbrettet, slik at du kan jobbe h\u00e5ndfritt og enkelt f\u00e5 tilgang til GIS-applikasjonene dine under feltarbeid.<\/li>\n<\/ul>\n<p class=\"p1\">Fleksibel integrering: GIS Complete er kompatibel med en lang rekke GIS-programvarer og -plattformer, inkludert ArcGIS og QGIS. Dermed kan du s\u00f8ml\u00f8st importere, eksportere og samarbeide om data med andre GIS-brukere og -systemer.<\/p>","protected":false},"excerpt":{"rendered":"<p class=\"p1\">Oppdag mulighetene med v\u00e5r GIS Complete-pakke for optimal GIS-ytelse! Med det avanserte Toknav P8-nettbrettet, inkludert T8-20 (robust Android-nettbrett), og den p\u00e5litelige abonnementspakken Apglos Position Corrector er du klar for n\u00f8yaktige horisontalm\u00e5linger. Den medf\u00f8lgende nettbrettholderen sikrer stabilitet og bekvemmelighet under datainnsamlingen. Ta steget inn i GIS-verdenen uten h\u00f8ydebegrensninger!<\/p>","protected":false},"featured_media":4176,"template":"","meta":[],"product_brand":[],"product_cat":[19,38],"product_tag":[],"class_list":{"0":"post-4287","1":"product","2":"type-product","3":"status-publish","4":"has-post-thumbnail","6":"product_cat-gps-meettoestel","7":"product_cat-gps-ontvangers","8":"entry","10":"first","11":"instock","12":"taxable","13":"shipping-taxable","14":"purchasable","15":"product-type-simple"},"yoast_head":"<!-- This site is optimized with the Yoast SEO plugin v26.3 - https:\/\/yoast.com\/wordpress\/plugins\/seo\/ -->\n<title>GIS Compleet - GPS-SYSTEM.SE<\/title>\n<meta name=\"robots\" content=\"index, follow, max-snippet:-1, max-image-preview:large, max-video-preview:-1\" \/>\n<link rel=\"canonical\" href=\"https:\/\/gps-system.se\/no\/produkt\/gis-komplett\/\" \/>\n<meta property=\"og:locale\" content=\"nb_NO\" \/>\n<meta property=\"og:type\" content=\"article\" \/>\n<meta property=\"og:title\" content=\"GIS Compleet - GPS-SYSTEM.SE\" \/>\n<meta property=\"og:description\" content=\"Ontdek de mogelijkheden van ons GIS Compleet pakket voor optimale GIS-prestaties! Met de geavanceerde Toknav P8 Tablet, inclusief T8-20 (robuuste Android tablet), en het betrouwbare Apglos Position Corrector abonnementenpakket ben je klaar voor nauwkeurige horizontale metingen. De bijgeleverde tablethouder zorgt voor stabiliteit en gemak tijdens het verzamelen van gegevens. Stap in de wereld van GIS zonder hoogtebeperkingen!\" \/>\n<meta property=\"og:url\" content=\"https:\/\/gps-system.se\/no\/produkt\/gis-komplett\/\" \/>\n<meta property=\"og:site_name\" content=\"GPS-SYSTEM.SE\" \/>\n<meta property=\"article:modified_time\" content=\"2025-12-14T18:17:46+00:00\" \/>\n<meta property=\"og:image\" content=\"https:\/\/gps-system.se\/wp-content\/uploads\/2024\/02\/GIS-Compleet-voorkant.png\" \/>\n\t<meta property=\"og:image:width\" content=\"1200\" \/>\n\t<meta property=\"og:image:height\" content=\"1200\" \/>\n\t<meta property=\"og:image:type\" content=\"image\/png\" \/>\n<meta name=\"twitter:card\" content=\"summary_large_image\" \/>\n<meta name=\"twitter:label1\" content=\"Ansl. lesetid\" \/>\n\t<meta name=\"twitter:data1\" content=\"3 minutter\" \/>\n<script type=\"application\/ld+json\" class=\"yoast-schema-graph\">{\"@context\":\"https:\/\/schema.org\",\"@graph\":[{\"@type\":\"WebPage\",\"@id\":\"https:\/\/gps-system.se\/product\/gis-compleet\/\",\"url\":\"https:\/\/gps-system.se\/product\/gis-compleet\/\",\"name\":\"GIS Compleet - GPS-SYSTEM.SE\",\"isPartOf\":{\"@id\":\"https:\/\/gps-system.se\/#website\"},\"primaryImageOfPage\":{\"@id\":\"https:\/\/gps-system.se\/product\/gis-compleet\/#primaryimage\"},\"image\":{\"@id\":\"https:\/\/gps-system.se\/product\/gis-compleet\/#primaryimage\"},\"thumbnailUrl\":\"https:\/\/gps-system.se\/wp-content\/uploads\/2024\/02\/GIS-Compleet-voorkant.png\",\"datePublished\":\"2024-02-29T16:51:09+00:00\",\"dateModified\":\"2025-12-14T18:17:46+00:00\",\"breadcrumb\":{\"@id\":\"https:\/\/gps-system.se\/product\/gis-compleet\/#breadcrumb\"},\"inLanguage\":\"nb-NO\",\"potentialAction\":[{\"@type\":\"ReadAction\",\"target\":[\"https:\/\/gps-system.se\/product\/gis-compleet\/\"]}]},{\"@type\":\"ImageObject\",\"inLanguage\":\"nb-NO\",\"@id\":\"https:\/\/gps-system.se\/product\/gis-compleet\/#primaryimage\",\"url\":\"https:\/\/gps-system.se\/wp-content\/uploads\/2024\/02\/GIS-Compleet-voorkant.png\",\"contentUrl\":\"https:\/\/gps-system.se\/wp-content\/uploads\/2024\/02\/GIS-Compleet-voorkant.png\",\"width\":1200,\"height\":1200},{\"@type\":\"BreadcrumbList\",\"@id\":\"https:\/\/gps-system.se\/product\/gis-compleet\/#breadcrumb\",\"itemListElement\":[{\"@type\":\"ListItem\",\"position\":1,\"name\":\"Home\",\"item\":\"https:\/\/gps-system.se\/\"},{\"@type\":\"ListItem\",\"position\":2,\"name\":\"Producten\",\"item\":\"https:\/\/gps-system.se\/winkel\/\"},{\"@type\":\"ListItem\",\"position\":3,\"name\":\"GIS Compleet\"}]},{\"@type\":\"WebSite\",\"@id\":\"https:\/\/gps-system.se\/#website\",\"url\":\"https:\/\/gps-system.se\/\",\"name\":\"GPS-SYSTEMS\",\"description\":\"GPS sytems for everyone\",\"publisher\":{\"@id\":\"https:\/\/gps-system.se\/#organization\"},\"potentialAction\":[{\"@type\":\"SearchAction\",\"target\":{\"@type\":\"EntryPoint\",\"urlTemplate\":\"https:\/\/gps-system.se\/?s={search_term_string}\"},\"query-input\":{\"@type\":\"PropertyValueSpecification\",\"valueRequired\":true,\"valueName\":\"search_term_string\"}}],\"inLanguage\":\"nb-NO\"},{\"@type\":\"Organization\",\"@id\":\"https:\/\/gps-system.se\/#organization\",\"name\":\"GPS-SYSTEMS Sweden\",\"url\":\"https:\/\/gps-system.se\/\",\"logo\":{\"@type\":\"ImageObject\",\"inLanguage\":\"nb-NO\",\"@id\":\"https:\/\/gps-system.se\/#\/schema\/logo\/image\/\",\"url\":\"https:\/\/gps-system.se\/wp-content\/uploads\/2023\/11\/fulllogo-1.png\",\"contentUrl\":\"https:\/\/gps-system.se\/wp-content\/uploads\/2023\/11\/fulllogo-1.png\",\"width\":1280,\"height\":1024,\"caption\":\"GPS-SYSTEMS Sweden\"},\"image\":{\"@id\":\"https:\/\/gps-system.se\/#\/schema\/logo\/image\/\"},\"sameAs\":[\"https:\/\/www.linkedin.com\/in\/roland-van-joolen-a909b716\/\"]}]}<\/script>\n<!-- \/ Yoast SEO plugin. -->","yoast_head_json":{"title":"GIS Complete - GPS-SYSTEM.SE","robots":{"index":"index","follow":"follow","max-snippet":"max-snippet:-1","max-image-preview":"max-image-preview:large","max-video-preview":"max-video-preview:-1"},"canonical":"https:\/\/gps-system.se\/no\/produkt\/gis-komplett\/","og_locale":"nb_NO","og_type":"article","og_title":"GIS Compleet - GPS-SYSTEM.SE","og_description":"Ontdek de mogelijkheden van ons GIS Compleet pakket voor optimale GIS-prestaties! Met de geavanceerde Toknav P8 Tablet, inclusief T8-20 (robuuste Android tablet), en het betrouwbare Apglos Position Corrector abonnementenpakket ben je klaar voor nauwkeurige horizontale metingen. De bijgeleverde tablethouder zorgt voor stabiliteit en gemak tijdens het verzamelen van gegevens. Stap in de wereld van GIS zonder hoogtebeperkingen!","og_url":"https:\/\/gps-system.se\/no\/produkt\/gis-komplett\/","og_site_name":"GPS-SYSTEM.SE","article_modified_time":"2025-12-14T18:17:46+00:00","og_image":[{"width":1200,"height":1200,"url":"https:\/\/gps-system.se\/wp-content\/uploads\/2024\/02\/GIS-Compleet-voorkant.png","type":"image\/png"}],"twitter_card":"summary_large_image","twitter_misc":{"Ansl. lesetid":"3 minutter"},"schema":{"@context":"https:\/\/schema.org","@graph":[{"@type":"WebPage","@id":"https:\/\/gps-system.se\/product\/gis-compleet\/","url":"https:\/\/gps-system.se\/product\/gis-compleet\/","name":"GIS Complete - GPS-SYSTEM.SE","isPartOf":{"@id":"https:\/\/gps-system.se\/#website"},"primaryImageOfPage":{"@id":"https:\/\/gps-system.se\/product\/gis-compleet\/#primaryimage"},"image":{"@id":"https:\/\/gps-system.se\/product\/gis-compleet\/#primaryimage"},"thumbnailUrl":"https:\/\/gps-system.se\/wp-content\/uploads\/2024\/02\/GIS-Compleet-voorkant.png","datePublished":"2024-02-29T16:51:09+00:00","dateModified":"2025-12-14T18:17:46+00:00","breadcrumb":{"@id":"https:\/\/gps-system.se\/product\/gis-compleet\/#breadcrumb"},"inLanguage":"nb-NO","potentialAction":[{"@type":"ReadAction","target":["https:\/\/gps-system.se\/product\/gis-compleet\/"]}]},{"@type":"ImageObject","inLanguage":"nb-NO","@id":"https:\/\/gps-system.se\/product\/gis-compleet\/#primaryimage","url":"https:\/\/gps-system.se\/wp-content\/uploads\/2024\/02\/GIS-Compleet-voorkant.png","contentUrl":"https:\/\/gps-system.se\/wp-content\/uploads\/2024\/02\/GIS-Compleet-voorkant.png","width":1200,"height":1200},{"@type":"BreadcrumbList","@id":"https:\/\/gps-system.se\/product\/gis-compleet\/#breadcrumb","itemListElement":[{"@type":"ListItem","position":1,"name":"Home","item":"https:\/\/gps-system.se\/"},{"@type":"ListItem","position":2,"name":"Producten","item":"https:\/\/gps-system.se\/winkel\/"},{"@type":"ListItem","position":3,"name":"GIS Compleet"}]},{"@type":"WebSite","@id":"https:\/\/gps-system.se\/#website","url":"https:\/\/gps-system.se\/","name":"GPS-SYSTEMER","description":"GPS-systemer for alle","publisher":{"@id":"https:\/\/gps-system.se\/#organization"},"potentialAction":[{"@type":"SearchAction","target":{"@type":"EntryPoint","urlTemplate":"https:\/\/gps-system.se\/?s={search_term_string}"},"query-input":{"@type":"PropertyValueSpecification","valueRequired":true,"valueName":"search_term_string"}}],"inLanguage":"nb-NO"},{"@type":"Organization","@id":"https:\/\/gps-system.se\/#organization","name":"GPS-SYSTEMS Sverige","url":"https:\/\/gps-system.se\/","logo":{"@type":"ImageObject","inLanguage":"nb-NO","@id":"https:\/\/gps-system.se\/#\/schema\/logo\/image\/","url":"https:\/\/gps-system.se\/wp-content\/uploads\/2023\/11\/fulllogo-1.png","contentUrl":"https:\/\/gps-system.se\/wp-content\/uploads\/2023\/11\/fulllogo-1.png","width":1280,"height":1024,"caption":"GPS-SYSTEMS Sweden"},"image":{"@id":"https:\/\/gps-system.se\/#\/schema\/logo\/image\/"},"sameAs":["https:\/\/www.linkedin.com\/in\/roland-van-joolen-a909b716\/"]}]}},"_links":{"self":[{"href":"https:\/\/gps-system.se\/no\/wp-json\/wp\/v2\/product\/4287","targetHints":{"allow":["GET"]}}],"collection":[{"href":"https:\/\/gps-system.se\/no\/wp-json\/wp\/v2\/product"}],"about":[{"href":"https:\/\/gps-system.se\/no\/wp-json\/wp\/v2\/types\/product"}],"version-history":[{"count":1,"href":"https:\/\/gps-system.se\/no\/wp-json\/wp\/v2\/product\/4287\/revisions"}],"predecessor-version":[{"id":4288,"href":"https:\/\/gps-system.se\/no\/wp-json\/wp\/v2\/product\/4287\/revisions\/4288"}],"wp:featuredmedia":[{"embeddable":true,"href":"https:\/\/gps-system.se\/no\/wp-json\/wp\/v2\/media\/4176"}],"wp:attachment":[{"href":"https:\/\/gps-system.se\/no\/wp-json\/wp\/v2\/media?parent=4287"}],"wp:term":[{"taxonomy":"product_brand","embeddable":true,"href":"https:\/\/gps-system.se\/no\/wp-json\/wp\/v2\/product_brand?post=4287"},{"taxonomy":"product_cat","embeddable":true,"href":"https:\/\/gps-system.se\/no\/wp-json\/wp\/v2\/product_cat?post=4287"},{"taxonomy":"product_tag","embeddable":true,"href":"https:\/\/gps-system.se\/no\/wp-json\/wp\/v2\/product_tag?post=4287"}],"curies":[{"name":"wp","href":"https:\/\/api.w.org\/{rel}","templated":true}]}}