{"id":4321,"date":"2024-03-20T14:09:03","date_gmt":"2024-03-20T14:09:03","guid":{"rendered":"https:\/\/gps-system.se\/?page_id=4321"},"modified":"2025-12-05T07:58:44","modified_gmt":"2025-12-05T07:58:44","slug":"kjoringer","status":"publish","type":"page","link":"https:\/\/gps-system.se\/no\/kjoringer\/","title":{"rendered":"Leie"},"content":{"rendered":"<div data-elementor-type=\"wp-page\" data-elementor-id=\"4321\" class=\"elementor elementor-4321\" data-elementor-post-type=\"page\">\n\t\t\t\t\t\t<section class=\"elementor-section elementor-top-section elementor-element elementor-element-bd823d6 elementor-section-boxed elementor-section-height-default elementor-section-height-default\" data-id=\"bd823d6\" data-element_type=\"section\">\n\t\t\t\t\t\t<div class=\"elementor-container elementor-column-gap-default\">\n\t\t\t\t\t<div class=\"elementor-column elementor-col-100 elementor-top-column elementor-element elementor-element-4178de3\" data-id=\"4178de3\" data-element_type=\"column\">\n\t\t\t<div class=\"elementor-widget-wrap elementor-element-populated\">\n\t\t\t\t\t\t<div class=\"elementor-element elementor-element-52e727b elementor-widget elementor-widget-heading\" data-id=\"52e727b\" data-element_type=\"widget\" data-widget_type=\"heading.default\">\n\t\t\t\t<div class=\"elementor-widget-container\">\n\t\t\t\t\t<h2 class=\"elementor-heading-title elementor-size-default\">Lei inn GPS-m\u00e5lesystemet ditt<\/h2>\t\t\t\t<\/div>\n\t\t\t\t<\/div>\n\t\t\t\t<div class=\"elementor-element elementor-element-d71cde4 elementor-widget elementor-widget-text-editor\" data-id=\"d71cde4\" data-element_type=\"widget\" data-widget_type=\"text-editor.default\">\n\t\t\t\t<div class=\"elementor-widget-container\">\n\t\t\t\t\t\t\t\t\t<p>Oppdag friheten ved \u00e5 leie GPS med v\u00e5rt GPS-utleieprogram!&nbsp;<\/p>\n<p><br><\/p>\n<p>Har du et prosjekt der n\u00f8yaktige m\u00e5linger er avgj\u00f8rende?&nbsp;<\/p>\n<p>Enten det gjelder oppm\u00e5ling, byggeprosjekter eller en personlig utfordring, hos oss&nbsp;<\/p>\n<p>profesjonelt GPS-system, er du sikret topp kvalitet og presisjon.<\/p>\n<p>For bare SEK 1 500* per dag kan du f\u00e5 avansert GPS-teknologi som gj\u00f8r selv de mest komplekse m\u00e5lingene til en lek. Og med et depositum p\u00e5 bare SEK 5 500 er det ingenting som st\u00e5r i veien for planene dine.<\/p>\n<p><\/p>\n<p><br><\/p>\n<p>Det beste? Din bekvemmelighet er v\u00e5r prioritet.&nbsp;<\/p>\n<p>Bestill GPS-systemet ditt ekstremt raskt og enkelt via WhatsApp.&nbsp;<\/p>\n<p>V\u00e5rt store lager gj\u00f8r at du kan komme i gang med prosjektet ditt med en gang.&nbsp;<\/p>\n<p>Ingen venting, ingen problemer, bare friheten til \u00e5 m\u00e5le med den n\u00f8yaktigheten du trenger.<\/p>\n<p><\/p>\n<p><br><\/p>\n<p>Hvorfor vente? Begynn \u00e5 realisere prosjektene dine i dag med den presisjonen de fortjener.&nbsp;<\/p>\n<p>Ta kontakt og finn ut hvordan v\u00e5r GPS-utleietjeneste kan utgj\u00f8re en forskjell!<\/p>\n<p><br><\/p>\n<p><\/p>\n<p>* Eksklusive fraktkostnader<\/p>\n<p><\/p>\t\t\t\t\t\t\t\t<\/div>\n\t\t\t\t<\/div>\n\t\t\t\t\t<\/div>\n\t\t<\/div>\n\t\t\t\t\t<\/div>\n\t\t<\/section>\n\t\t\t\t<\/div>","protected":false},"excerpt":{"rendered":"<p>Lei ditt GPS-m\u00e5lesystem Oppdag friheten til presisjon med v\u00e5rt GPS-utleieprogram!  Har du et prosjekt der n\u00f8yaktige m\u00e5linger er avgj\u00f8rende?  Enten det gjelder landm\u00e5ling, byggeprosjekter eller en personlig utfordring, med v\u00e5rt profesjonelle GPS-system er du garantert topp kvalitet og presisjon. For bare 1 500 kroner* per dag kan du f\u00e5 avansert GPS-teknologi,... <a class=\"more-link\" href=\"https:\/\/gps-system.se\/no\/kjoringer\/\">Fortsett \u00e5 lese <span class=\"screen-reader-text\">Leie<\/span><\/a><\/p>","protected":false},"author":1,"featured_media":0,"parent":0,"menu_order":0,"comment_status":"closed","ping_status":"closed","template":"elementor_header_footer","meta":{"footnotes":""},"class_list":["post-4321","page","type-page","status-publish","hentry","entry"],"yoast_head":"<!-- This site is optimized with the Yoast SEO plugin v26.3 - https:\/\/yoast.com\/wordpress\/plugins\/seo\/ -->\n<title>Rent - GPS-SYSTEM.SE<\/title>\n<meta name=\"robots\" content=\"index, follow, max-snippet:-1, max-image-preview:large, max-video-preview:-1\" \/>\n<link rel=\"canonical\" href=\"https:\/\/gps-system.se\/no\/kjoringer\/\" \/>\n<meta property=\"og:locale\" content=\"nb_NO\" \/>\n<meta property=\"og:type\" content=\"article\" \/>\n<meta property=\"og:title\" content=\"Rent - GPS-SYSTEM.SE\" \/>\n<meta property=\"og:description\" content=\"Huur uw GPS meetsysteem Ontdek de vrijheid van precisie met ons GPS-huurprogramma!&nbsp; Heeft u een project waarbij nauwkeurige metingen cruciaal zijn?&nbsp; Of het nu gaat om landmeting, bouwprojecten of een persoonlijke uitdaging, met ons&nbsp; professionele GPS-systeem bent u verzekerd van topkwaliteit en precisie. Voor slechts 1.500 SEK* per dag kunt u beschikken over geavanceerde GPS-technologie,&hellip; Fortsett \u00e5 lese Rent\" \/>\n<meta property=\"og:url\" content=\"https:\/\/gps-system.se\/no\/kjoringer\/\" \/>\n<meta property=\"og:site_name\" content=\"GPS-SYSTEM.SE\" \/>\n<meta property=\"article:modified_time\" content=\"2025-12-05T07:58:44+00:00\" \/>\n<meta name=\"twitter:card\" content=\"summary_large_image\" \/>\n<script type=\"application\/ld+json\" class=\"yoast-schema-graph\">{\"@context\":\"https:\/\/schema.org\",\"@graph\":[{\"@type\":\"WebPage\",\"@id\":\"https:\/\/gps-system.se\/en\/runs\/\",\"url\":\"https:\/\/gps-system.se\/en\/runs\/\",\"name\":\"Rent - GPS-SYSTEM.SE\",\"isPartOf\":{\"@id\":\"https:\/\/gps-system.se\/#website\"},\"datePublished\":\"2024-03-20T14:09:03+00:00\",\"dateModified\":\"2025-12-05T07:58:44+00:00\",\"breadcrumb\":{\"@id\":\"https:\/\/gps-system.se\/en\/runs\/#breadcrumb\"},\"inLanguage\":\"nb-NO\",\"potentialAction\":[{\"@type\":\"ReadAction\",\"target\":[\"https:\/\/gps-system.se\/en\/runs\/\"]}]},{\"@type\":\"BreadcrumbList\",\"@id\":\"https:\/\/gps-system.se\/en\/runs\/#breadcrumb\",\"itemListElement\":[{\"@type\":\"ListItem\",\"position\":1,\"name\":\"Home\",\"item\":\"https:\/\/gps-system.se\/\"},{\"@type\":\"ListItem\",\"position\":2,\"name\":\"Rent\"}]},{\"@type\":\"WebSite\",\"@id\":\"https:\/\/gps-system.se\/#website\",\"url\":\"https:\/\/gps-system.se\/\",\"name\":\"GPS-SYSTEMS\",\"description\":\"GPS sytems for everyone\",\"publisher\":{\"@id\":\"https:\/\/gps-system.se\/#organization\"},\"potentialAction\":[{\"@type\":\"SearchAction\",\"target\":{\"@type\":\"EntryPoint\",\"urlTemplate\":\"https:\/\/gps-system.se\/?s={search_term_string}\"},\"query-input\":{\"@type\":\"PropertyValueSpecification\",\"valueRequired\":true,\"valueName\":\"search_term_string\"}}],\"inLanguage\":\"nb-NO\"},{\"@type\":\"Organization\",\"@id\":\"https:\/\/gps-system.se\/#organization\",\"name\":\"GPS-SYSTEMS Sweden\",\"url\":\"https:\/\/gps-system.se\/\",\"logo\":{\"@type\":\"ImageObject\",\"inLanguage\":\"nb-NO\",\"@id\":\"https:\/\/gps-system.se\/#\/schema\/logo\/image\/\",\"url\":\"https:\/\/gps-system.se\/wp-content\/uploads\/2023\/11\/fulllogo-1.png\",\"contentUrl\":\"https:\/\/gps-system.se\/wp-content\/uploads\/2023\/11\/fulllogo-1.png\",\"width\":1280,\"height\":1024,\"caption\":\"GPS-SYSTEMS Sweden\"},\"image\":{\"@id\":\"https:\/\/gps-system.se\/#\/schema\/logo\/image\/\"},\"sameAs\":[\"https:\/\/www.linkedin.com\/in\/roland-van-joolen-a909b716\/\"]}]}<\/script>\n<!-- \/ Yoast SEO plugin. -->","yoast_head_json":{"title":"Leie - GPS-SYSTEM.SE","robots":{"index":"index","follow":"follow","max-snippet":"max-snippet:-1","max-image-preview":"max-image-preview:large","max-video-preview":"max-video-preview:-1"},"canonical":"https:\/\/gps-system.se\/no\/kjoringer\/","og_locale":"nb_NO","og_type":"article","og_title":"Rent - GPS-SYSTEM.SE","og_description":"Huur uw GPS meetsysteem Ontdek de vrijheid van precisie met ons GPS-huurprogramma!&nbsp; Heeft u een project waarbij nauwkeurige metingen cruciaal zijn?&nbsp; Of het nu gaat om landmeting, bouwprojecten of een persoonlijke uitdaging, met ons&nbsp; professionele GPS-systeem bent u verzekerd van topkwaliteit en precisie. Voor slechts 1.500 SEK* per dag kunt u beschikken over geavanceerde GPS-technologie,&hellip; Fortsett \u00e5 lese Rent","og_url":"https:\/\/gps-system.se\/no\/kjoringer\/","og_site_name":"GPS-SYSTEM.SE","article_modified_time":"2025-12-05T07:58:44+00:00","twitter_card":"summary_large_image","schema":{"@context":"https:\/\/schema.org","@graph":[{"@type":"WebPage","@id":"https:\/\/gps-system.se\/en\/runs\/","url":"https:\/\/gps-system.se\/en\/runs\/","name":"Leie - GPS-SYSTEM.SE","isPartOf":{"@id":"https:\/\/gps-system.se\/#website"},"datePublished":"2024-03-20T14:09:03+00:00","dateModified":"2025-12-05T07:58:44+00:00","breadcrumb":{"@id":"https:\/\/gps-system.se\/en\/runs\/#breadcrumb"},"inLanguage":"nb-NO","potentialAction":[{"@type":"ReadAction","target":["https:\/\/gps-system.se\/en\/runs\/"]}]},{"@type":"BreadcrumbList","@id":"https:\/\/gps-system.se\/en\/runs\/#breadcrumb","itemListElement":[{"@type":"ListItem","position":1,"name":"Home","item":"https:\/\/gps-system.se\/"},{"@type":"ListItem","position":2,"name":"Rent"}]},{"@type":"WebSite","@id":"https:\/\/gps-system.se\/#website","url":"https:\/\/gps-system.se\/","name":"GPS-SYSTEMER","description":"GPS-systemer for alle","publisher":{"@id":"https:\/\/gps-system.se\/#organization"},"potentialAction":[{"@type":"SearchAction","target":{"@type":"EntryPoint","urlTemplate":"https:\/\/gps-system.se\/?s={search_term_string}"},"query-input":{"@type":"PropertyValueSpecification","valueRequired":true,"valueName":"search_term_string"}}],"inLanguage":"nb-NO"},{"@type":"Organization","@id":"https:\/\/gps-system.se\/#organization","name":"GPS-SYSTEMS Sverige","url":"https:\/\/gps-system.se\/","logo":{"@type":"ImageObject","inLanguage":"nb-NO","@id":"https:\/\/gps-system.se\/#\/schema\/logo\/image\/","url":"https:\/\/gps-system.se\/wp-content\/uploads\/2023\/11\/fulllogo-1.png","contentUrl":"https:\/\/gps-system.se\/wp-content\/uploads\/2023\/11\/fulllogo-1.png","width":1280,"height":1024,"caption":"GPS-SYSTEMS Sweden"},"image":{"@id":"https:\/\/gps-system.se\/#\/schema\/logo\/image\/"},"sameAs":["https:\/\/www.linkedin.com\/in\/roland-van-joolen-a909b716\/"]}]}},"_links":{"self":[{"href":"https:\/\/gps-system.se\/no\/wp-json\/wp\/v2\/pages\/4321","targetHints":{"allow":["GET"]}}],"collection":[{"href":"https:\/\/gps-system.se\/no\/wp-json\/wp\/v2\/pages"}],"about":[{"href":"https:\/\/gps-system.se\/no\/wp-json\/wp\/v2\/types\/page"}],"author":[{"embeddable":true,"href":"https:\/\/gps-system.se\/no\/wp-json\/wp\/v2\/users\/1"}],"replies":[{"embeddable":true,"href":"https:\/\/gps-system.se\/no\/wp-json\/wp\/v2\/comments?post=4321"}],"version-history":[{"count":44,"href":"https:\/\/gps-system.se\/no\/wp-json\/wp\/v2\/pages\/4321\/revisions"}],"predecessor-version":[{"id":5544,"href":"https:\/\/gps-system.se\/no\/wp-json\/wp\/v2\/pages\/4321\/revisions\/5544"}],"wp:attachment":[{"href":"https:\/\/gps-system.se\/no\/wp-json\/wp\/v2\/media?parent=4321"}],"curies":[{"name":"wp","href":"https:\/\/api.w.org\/{rel}","templated":true}]}}