{"id":4289,"date":"2024-02-29T16:54:44","date_gmt":"2024-02-29T16:54:44","guid":{"rendered":"https:\/\/gps-system.se\/?post_type=product&#038;p=4289"},"modified":"2025-12-14T18:16:53","modified_gmt":"2025-12-14T18:16:53","slug":"gis-laajennus","status":"publish","type":"product","link":"https:\/\/gps-system.se\/fi\/tuote\/gis-laajennus\/","title":{"rendered":"GIS-laajennus"},"content":{"rendered":"<p class=\"p1\">Ota tabletistasi kaikki irti GIS Expansion Packin avulla. T\u00e4m\u00e4 laajennuspaketti antaa nykyiselle tabletillesi uusia ominaisuuksia lis\u00e4\u00e4m\u00e4ll\u00e4 siihen kehittyneit\u00e4 mittaustekniikoita. Laajan lis\u00e4varustevalikoimamme avulla voit nyt suorittaa tarkkoja GIS-mittauksia vaativimmissakin ymp\u00e4rist\u00f6iss\u00e4. GIS-laajennuspaketti avaa oven tarkkuuteen ja tehokkuuteen, ja voit vied\u00e4 projektisi uudelle tasolle ilman uutta laitteistoa.<\/p>\n<p>&nbsp;<\/p>\n<p class=\"p1\"><b>Edut<\/b><\/p>\n<p>&nbsp;<\/p>\n<p class=\"p1\">GIS-laajennuspaketista on monia etuja:<\/p>\n<ul class=\"ul1\">\n<li class=\"li1\"><b>Korkea tarkkuus<\/b>: Senttimetrin tarkkuudella teht\u00e4v\u00e4 maanmittaus tarjoaa eritt\u00e4in suuren tarkkuuden, joka on v\u00e4ltt\u00e4m\u00e4t\u00f6n yksityiskohtaisessa paikkatietoanalyysiss\u00e4 ja kartoituksessa.<\/li>\n<li class=\"li1\"><b>Tehokkaampi hankesuunnittelu<\/b>: Tarkan maanmittauksen avulla hankkeet voidaan suunnitella ja toteuttaa tehokkaammin, koska suunnittelijoilla on yksityiskohtaiset ja luotettavat tiedot kohteesta ja sen ymp\u00e4rist\u00f6st\u00e4.<\/li>\n<li class=\"li1\"><b>Parannettu tilallinen visualisointi<\/b>: Tarkka kartoitus auttaa parantamaan paikkatietojen havainnollistamista ja esitt\u00e4mist\u00e4, mik\u00e4 auttaa viestim\u00e4\u00e4n tuloksista ja havainnoista tehokkaasti sidosryhmille.<\/li>\n<li class=\"li1\"><b>Parempi integrointi GPS-tekniikkaan<\/b>: Senttimetrin tarkkuudella teht\u00e4v\u00e4t mittaukset voidaan integroida saumattomasti GPS-tekniikkaan, jolloin k\u00e4ytt\u00e4j\u00e4t voivat ker\u00e4t\u00e4 ja analysoida reaaliaikaisia paikkatietoja.<\/li>\n<\/ul>\n<p>&nbsp;<\/p>\n<p class=\"p1\"><b>Sovellukset<\/b><\/p>\n<p>&nbsp;<\/p>\n<p class=\"p1\">GIS-laajennuspakettia k\u00e4ytet\u00e4\u00e4n seuraavissa:<\/p>\n<ul class=\"ul1\">\n<li class=\"li1\"><b>Luonnonsuojelu<\/b>: GIS-j\u00e4rjestelmi\u00e4 k\u00e4ytet\u00e4\u00e4n biologisen monimuotoisuuden s\u00e4ilytt\u00e4miseen, ekologisten elinymp\u00e4rist\u00f6jen seurantaan ja suojelualueiden hallinnointiin. T\u00e4h\u00e4n sis\u00e4ltyy haavoittuvien ekosysteemien tunnistaminen, el\u00e4inlajien seuranta ja luonnon tasapainon s\u00e4ilytt\u00e4minen.<\/li>\n<li class=\"li1\"><b>Kaupungin johto<\/b>: Kaupungin infrastruktuuria, kuten teit\u00e4, viem\u00e4r\u00f6inti\u00e4 ja julkisia tiloja, yll\u00e4pidet\u00e4\u00e4n tehokkaasti GIS-mittausten avulla. T\u00e4h\u00e4n sis\u00e4ltyy kunnossapitot\u00f6iden suunnittelu, j\u00e4tteiden ker\u00e4yksen hallinta ja kaupungin palvelujen parantaminen.<\/li>\n<li class=\"li1\"><b>Ymp\u00e4rist\u00f6n seuranta<\/b>: Ilmanlaatua, maaper\u00e4n pilaantumista ja veden virtauksia seurataan tarkoilla GIS-mittauksilla. T\u00e4m\u00e4 auttaa tunnistamaan ymp\u00e4rist\u00f6ongelmia, arvioimaan ymp\u00e4rist\u00f6vaikutuksia ja toteuttamaan asianmukaisia ymp\u00e4rist\u00f6politiikkoja.<\/li>\n<li class=\"li1\"><b>Kaupunkien uudistaminen<\/b>: GIS-mittaukset ovat ratkaisevassa asemassa kaupunkien keskustojen elvytt\u00e4misess\u00e4, laiminly\u00f6tyjen alueiden kunnostamisessa ja tyhjien maa-alueiden uudelleenk\u00e4yt\u00f6ss\u00e4. T\u00e4h\u00e4n sis\u00e4ltyy saneeraushankkeiden suunnittelu, asumisviihtyvyyden parantaminen ja talouskasvun edist\u00e4minen.<\/li>\n<li class=\"li1\"><b>Kulttuuri ja virkistys<\/b>: Kulttuurilaitosten, virkistysalueiden ja tapahtumien hallinnoinnissa GIS-mittaukset ovat v\u00e4ltt\u00e4m\u00e4tt\u00f6mi\u00e4. T\u00e4h\u00e4n sis\u00e4ltyy kulttuuritapahtumien suunnittelu, virkistystoiminnan kehitt\u00e4minen ja matkailun edist\u00e4minen.<\/li>\n<li class=\"li1\"><b>Maatalouden tutkimus<\/b>: GIS-mittaukset ovat ratkaisevan t\u00e4rkeit\u00e4 satojen, viljelyk\u00e4yt\u00e4nt\u00f6jen ja maaper\u00e4n terveyden arvioinnissa. T\u00e4h\u00e4n kuuluu maaper\u00e4n tilan analysointi, kasteluj\u00e4rjestelmien suunnittelu ja sadonkorjuun ennustaminen.<\/li>\n<\/ul>\n<p>&nbsp;<\/p>\n<p class=\"p1\"><b>Sis\u00e4lt\u00f6<\/b><\/p>\n<p>&nbsp;<\/p>\n<p class=\"p1\">T\u00e4m\u00e4 GIS-laajennuspaketti sis\u00e4lt\u00e4\u00e4:<\/p>\n<ul class=\"ul1\">\n<li class=\"li1\"><b>Toknav P8<\/b>: Tarjoaa kehittyneet GPS-toiminnot tarkkaa paikannusta ja seurantaa varten, jolloin voit saada luotettavia sijaintitietoja erilaisia GIS-sovelluksia varten.<\/li>\n<li class=\"li1\"><b>Apglos Position Corrector -tilauspaketti<\/b> SIM-kortittomuus: Tarjoaa p\u00e4\u00e4syn s\u00e4\u00e4nn\u00f6llisiin p\u00e4ivityksiin ja uusiin ominaisuuksiin, jolloin pysyt aina ajan tasalla GIS-teknologian viimeisimm\u00e4st\u00e4 kehityksest\u00e4 ilman SIM-korttia.<\/li>\n<li class=\"li1\"><b>Tabletin pidike<\/b>: Tarjoaa vakaan ja turvallisen kiinnityksen tabletille, jolloin voit ty\u00f6skennell\u00e4 k\u00e4det vapaana ja k\u00e4ytt\u00e4\u00e4 GIS-sovelluksia helposti kentt\u00e4ty\u00f6n aikana.<\/li>\n<\/ul>\n<p class=\"p1\">Joustavuus ja liikkuvuus: Laajentamalla nykyist\u00e4 laitetta GIS-toiminnoilla s\u00e4ilyt\u00e4t liikkuvuuden ja joustavuuden GIS-teht\u00e4vien suorittamiseen paikan p\u00e4\u00e4ll\u00e4. T\u00e4m\u00e4 tekee kentt\u00e4ty\u00f6st\u00e4, paikkatutkimuksista ja tiedonkeruusta tehokkaampaa ja k\u00e4tev\u00e4mp\u00e4\u00e4.<\/p>","protected":false},"excerpt":{"rendered":"<p class=\"p1\">Laajenna GIS-ominaisuuksiasi GIS-laajennuspaketillamme! Toknav P8 Tabletin, Apglos Position Corrector -tilauspaketin ja k\u00e4yt\u00e4nn\u00f6llisen tablettitelineen avulla olet valmis suorittamaan tarkkoja GIS-mittauksia omalla tabletillasi. T\u00e4m\u00e4 paketti tarjoaa joustavuutta ja tarkkuutta, jota tarvitset kaikissa GIS-projekteissasi. Astu GIS-laajennuksen maailmaan!<\/p>","protected":false},"featured_media":4180,"template":"","meta":[],"product_brand":[],"product_cat":[19,38],"product_tag":[],"class_list":{"0":"post-4289","1":"product","2":"type-product","3":"status-publish","4":"has-post-thumbnail","6":"product_cat-gps-meettoestel","7":"product_cat-gps-ontvangers","8":"entry","10":"first","11":"instock","12":"taxable","13":"shipping-taxable","14":"purchasable","15":"product-type-simple"},"yoast_head":"<!-- This site is optimized with the Yoast SEO plugin v26.3 - https:\/\/yoast.com\/wordpress\/plugins\/seo\/ -->\n<title>GIS Uitbreiding - GPS-SYSTEM.SE<\/title>\n<meta name=\"robots\" content=\"index, follow, max-snippet:-1, max-image-preview:large, max-video-preview:-1\" \/>\n<link rel=\"canonical\" href=\"https:\/\/gps-system.se\/fi\/tuote\/gis-laajennus\/\" \/>\n<meta property=\"og:locale\" content=\"fi_FI\" \/>\n<meta property=\"og:type\" content=\"article\" \/>\n<meta property=\"og:title\" content=\"GIS Uitbreiding - GPS-SYSTEM.SE\" \/>\n<meta property=\"og:description\" content=\"Versterk je GIS-mogelijkheden met ons GIS Uitbreiding pakket! Met de Toknav P8 Tablet, het Apglos Position Corrector abonnementenpakket en een praktische tablethouder, ben je klaar om nauwkeurige GIS-metingen uit te voeren met je eigen tablet. Dit pakket biedt de flexibiliteit en precisie die je nodig hebt voor al je GIS-projecten. Stap in de wereld van GIS-uitbreiding!\" \/>\n<meta property=\"og:url\" content=\"https:\/\/gps-system.se\/fi\/tuote\/gis-laajennus\/\" \/>\n<meta property=\"og:site_name\" content=\"GPS-SYSTEM.SE\" \/>\n<meta property=\"article:modified_time\" content=\"2025-12-14T18:16:53+00:00\" \/>\n<meta property=\"og:image\" content=\"https:\/\/gps-system.se\/wp-content\/uploads\/2024\/02\/GIS-Uitbreiding-voorkant.png\" \/>\n\t<meta property=\"og:image:width\" content=\"1200\" \/>\n\t<meta property=\"og:image:height\" content=\"1200\" \/>\n\t<meta property=\"og:image:type\" content=\"image\/png\" \/>\n<meta name=\"twitter:card\" content=\"summary_large_image\" \/>\n<meta name=\"twitter:label1\" content=\"Est. reading time\" \/>\n\t<meta name=\"twitter:data1\" content=\"3 minuuttia\" \/>\n<script type=\"application\/ld+json\" class=\"yoast-schema-graph\">{\"@context\":\"https:\/\/schema.org\",\"@graph\":[{\"@type\":\"WebPage\",\"@id\":\"https:\/\/gps-system.se\/product\/gis-uitbreiding\/\",\"url\":\"https:\/\/gps-system.se\/product\/gis-uitbreiding\/\",\"name\":\"GIS Uitbreiding - GPS-SYSTEM.SE\",\"isPartOf\":{\"@id\":\"https:\/\/gps-system.se\/#website\"},\"primaryImageOfPage\":{\"@id\":\"https:\/\/gps-system.se\/product\/gis-uitbreiding\/#primaryimage\"},\"image\":{\"@id\":\"https:\/\/gps-system.se\/product\/gis-uitbreiding\/#primaryimage\"},\"thumbnailUrl\":\"https:\/\/gps-system.se\/wp-content\/uploads\/2024\/02\/GIS-Uitbreiding-voorkant.png\",\"datePublished\":\"2024-02-29T16:54:44+00:00\",\"dateModified\":\"2025-12-14T18:16:53+00:00\",\"breadcrumb\":{\"@id\":\"https:\/\/gps-system.se\/product\/gis-uitbreiding\/#breadcrumb\"},\"inLanguage\":\"fi\",\"potentialAction\":[{\"@type\":\"ReadAction\",\"target\":[\"https:\/\/gps-system.se\/product\/gis-uitbreiding\/\"]}]},{\"@type\":\"ImageObject\",\"inLanguage\":\"fi\",\"@id\":\"https:\/\/gps-system.se\/product\/gis-uitbreiding\/#primaryimage\",\"url\":\"https:\/\/gps-system.se\/wp-content\/uploads\/2024\/02\/GIS-Uitbreiding-voorkant.png\",\"contentUrl\":\"https:\/\/gps-system.se\/wp-content\/uploads\/2024\/02\/GIS-Uitbreiding-voorkant.png\",\"width\":1200,\"height\":1200},{\"@type\":\"BreadcrumbList\",\"@id\":\"https:\/\/gps-system.se\/product\/gis-uitbreiding\/#breadcrumb\",\"itemListElement\":[{\"@type\":\"ListItem\",\"position\":1,\"name\":\"Home\",\"item\":\"https:\/\/gps-system.se\/\"},{\"@type\":\"ListItem\",\"position\":2,\"name\":\"Producten\",\"item\":\"https:\/\/gps-system.se\/winkel\/\"},{\"@type\":\"ListItem\",\"position\":3,\"name\":\"GIS Uitbreiding\"}]},{\"@type\":\"WebSite\",\"@id\":\"https:\/\/gps-system.se\/#website\",\"url\":\"https:\/\/gps-system.se\/\",\"name\":\"GPS-SYSTEMS\",\"description\":\"GPS sytems for everyone\",\"publisher\":{\"@id\":\"https:\/\/gps-system.se\/#organization\"},\"potentialAction\":[{\"@type\":\"SearchAction\",\"target\":{\"@type\":\"EntryPoint\",\"urlTemplate\":\"https:\/\/gps-system.se\/?s={search_term_string}\"},\"query-input\":{\"@type\":\"PropertyValueSpecification\",\"valueRequired\":true,\"valueName\":\"search_term_string\"}}],\"inLanguage\":\"fi\"},{\"@type\":\"Organization\",\"@id\":\"https:\/\/gps-system.se\/#organization\",\"name\":\"GPS-SYSTEMS Sweden\",\"url\":\"https:\/\/gps-system.se\/\",\"logo\":{\"@type\":\"ImageObject\",\"inLanguage\":\"fi\",\"@id\":\"https:\/\/gps-system.se\/#\/schema\/logo\/image\/\",\"url\":\"https:\/\/gps-system.se\/wp-content\/uploads\/2023\/11\/fulllogo-1.png\",\"contentUrl\":\"https:\/\/gps-system.se\/wp-content\/uploads\/2023\/11\/fulllogo-1.png\",\"width\":1280,\"height\":1024,\"caption\":\"GPS-SYSTEMS Sweden\"},\"image\":{\"@id\":\"https:\/\/gps-system.se\/#\/schema\/logo\/image\/\"},\"sameAs\":[\"https:\/\/www.linkedin.com\/in\/roland-van-joolen-a909b716\/\"]}]}<\/script>\n<!-- \/ Yoast SEO plugin. -->","yoast_head_json":{"title":"GIS-laajennus - GPS-SYSTEM.SE","robots":{"index":"index","follow":"follow","max-snippet":"max-snippet:-1","max-image-preview":"max-image-preview:large","max-video-preview":"max-video-preview:-1"},"canonical":"https:\/\/gps-system.se\/fi\/tuote\/gis-laajennus\/","og_locale":"fi_FI","og_type":"article","og_title":"GIS Uitbreiding - GPS-SYSTEM.SE","og_description":"Versterk je GIS-mogelijkheden met ons GIS Uitbreiding pakket! Met de Toknav P8 Tablet, het Apglos Position Corrector abonnementenpakket en een praktische tablethouder, ben je klaar om nauwkeurige GIS-metingen uit te voeren met je eigen tablet. Dit pakket biedt de flexibiliteit en precisie die je nodig hebt voor al je GIS-projecten. Stap in de wereld van GIS-uitbreiding!","og_url":"https:\/\/gps-system.se\/fi\/tuote\/gis-laajennus\/","og_site_name":"GPS-SYSTEM.SE","article_modified_time":"2025-12-14T18:16:53+00:00","og_image":[{"width":1200,"height":1200,"url":"https:\/\/gps-system.se\/wp-content\/uploads\/2024\/02\/GIS-Uitbreiding-voorkant.png","type":"image\/png"}],"twitter_card":"summary_large_image","twitter_misc":{"Est. reading time":"3 minuuttia"},"schema":{"@context":"https:\/\/schema.org","@graph":[{"@type":"WebPage","@id":"https:\/\/gps-system.se\/product\/gis-uitbreiding\/","url":"https:\/\/gps-system.se\/product\/gis-uitbreiding\/","name":"GIS-laajennus - GPS-SYSTEM.SE","isPartOf":{"@id":"https:\/\/gps-system.se\/#website"},"primaryImageOfPage":{"@id":"https:\/\/gps-system.se\/product\/gis-uitbreiding\/#primaryimage"},"image":{"@id":"https:\/\/gps-system.se\/product\/gis-uitbreiding\/#primaryimage"},"thumbnailUrl":"https:\/\/gps-system.se\/wp-content\/uploads\/2024\/02\/GIS-Uitbreiding-voorkant.png","datePublished":"2024-02-29T16:54:44+00:00","dateModified":"2025-12-14T18:16:53+00:00","breadcrumb":{"@id":"https:\/\/gps-system.se\/product\/gis-uitbreiding\/#breadcrumb"},"inLanguage":"fi","potentialAction":[{"@type":"ReadAction","target":["https:\/\/gps-system.se\/product\/gis-uitbreiding\/"]}]},{"@type":"ImageObject","inLanguage":"fi","@id":"https:\/\/gps-system.se\/product\/gis-uitbreiding\/#primaryimage","url":"https:\/\/gps-system.se\/wp-content\/uploads\/2024\/02\/GIS-Uitbreiding-voorkant.png","contentUrl":"https:\/\/gps-system.se\/wp-content\/uploads\/2024\/02\/GIS-Uitbreiding-voorkant.png","width":1200,"height":1200},{"@type":"BreadcrumbList","@id":"https:\/\/gps-system.se\/product\/gis-uitbreiding\/#breadcrumb","itemListElement":[{"@type":"ListItem","position":1,"name":"Home","item":"https:\/\/gps-system.se\/"},{"@type":"ListItem","position":2,"name":"Producten","item":"https:\/\/gps-system.se\/winkel\/"},{"@type":"ListItem","position":3,"name":"GIS Uitbreiding"}]},{"@type":"WebSite","@id":"https:\/\/gps-system.se\/#website","url":"https:\/\/gps-system.se\/","name":"GPS-J\u00c4RJESTELM\u00c4T","description":"GPS-j\u00e4rjestelm\u00e4t kaikille","publisher":{"@id":"https:\/\/gps-system.se\/#organization"},"potentialAction":[{"@type":"SearchAction","target":{"@type":"EntryPoint","urlTemplate":"https:\/\/gps-system.se\/?s={search_term_string}"},"query-input":{"@type":"PropertyValueSpecification","valueRequired":true,"valueName":"search_term_string"}}],"inLanguage":"fi"},{"@type":"Organization","@id":"https:\/\/gps-system.se\/#organization","name":"GPS-SYSTEMS Ruotsi","url":"https:\/\/gps-system.se\/","logo":{"@type":"ImageObject","inLanguage":"fi","@id":"https:\/\/gps-system.se\/#\/schema\/logo\/image\/","url":"https:\/\/gps-system.se\/wp-content\/uploads\/2023\/11\/fulllogo-1.png","contentUrl":"https:\/\/gps-system.se\/wp-content\/uploads\/2023\/11\/fulllogo-1.png","width":1280,"height":1024,"caption":"GPS-SYSTEMS Sweden"},"image":{"@id":"https:\/\/gps-system.se\/#\/schema\/logo\/image\/"},"sameAs":["https:\/\/www.linkedin.com\/in\/roland-van-joolen-a909b716\/"]}]}},"_links":{"self":[{"href":"https:\/\/gps-system.se\/fi\/wp-json\/wp\/v2\/product\/4289","targetHints":{"allow":["GET"]}}],"collection":[{"href":"https:\/\/gps-system.se\/fi\/wp-json\/wp\/v2\/product"}],"about":[{"href":"https:\/\/gps-system.se\/fi\/wp-json\/wp\/v2\/types\/product"}],"version-history":[{"count":1,"href":"https:\/\/gps-system.se\/fi\/wp-json\/wp\/v2\/product\/4289\/revisions"}],"predecessor-version":[{"id":4290,"href":"https:\/\/gps-system.se\/fi\/wp-json\/wp\/v2\/product\/4289\/revisions\/4290"}],"wp:featuredmedia":[{"embeddable":true,"href":"https:\/\/gps-system.se\/fi\/wp-json\/wp\/v2\/media\/4180"}],"wp:attachment":[{"href":"https:\/\/gps-system.se\/fi\/wp-json\/wp\/v2\/media?parent=4289"}],"wp:term":[{"taxonomy":"product_brand","embeddable":true,"href":"https:\/\/gps-system.se\/fi\/wp-json\/wp\/v2\/product_brand?post=4289"},{"taxonomy":"product_cat","embeddable":true,"href":"https:\/\/gps-system.se\/fi\/wp-json\/wp\/v2\/product_cat?post=4289"},{"taxonomy":"product_tag","embeddable":true,"href":"https:\/\/gps-system.se\/fi\/wp-json\/wp\/v2\/product_tag?post=4289"}],"curies":[{"name":"wp","href":"https:\/\/api.w.org\/{rel}","templated":true}]}}