{"id":4287,"date":"2024-02-29T16:51:09","date_gmt":"2024-02-29T16:51:09","guid":{"rendered":"https:\/\/gps-system.se\/?post_type=product&#038;p=4287"},"modified":"2025-12-14T18:17:46","modified_gmt":"2025-12-14T18:17:46","slug":"gis-valmis","status":"publish","type":"product","link":"https:\/\/gps-system.se\/fi\/tuote\/gis-valmis\/","title":{"rendered":"GIS Complete"},"content":{"rendered":"<p class=\"p1\">GIS Complete -j\u00e4rjestelm\u00e4ss\u00e4 yhdistyv\u00e4t tarkkuus ja luotettavuus GIS-mittauksissa. T\u00e4ydellinen pakettimme tarjoaa edistyksellist\u00e4 tekniikkaa, jonka avulla voit tehd\u00e4 vaivatta senttimetrin tarkkoja mittauksia erityisesti vaakatasossa. J\u00e4rjestelm\u00e4mme takaa tarkat tulokset maastomallinnuksesta infrastruktuurihankkeisiin, jotka viev\u00e4t hankkeesi seuraavalle tasolle. GIS Complete -j\u00e4rjestelm\u00e4n avulla sinulla on paitsi valmiudet menestykseen my\u00f6s valmiudet ty\u00f6skennell\u00e4 tehokkaasti ja tuloksellisesti ilman kompromisseja. Tutustu tarkkojen mittausten voimaan ja anna GIS Complete -j\u00e4rjestelm\u00e4n toimia oppaanasi GIS-alan huippuosaamiseen.<\/p>\n<p>&nbsp;<\/p>\n<p class=\"p1\"><b>Edut<\/b><\/p>\n<p>&nbsp;<\/p>\n<p class=\"p1\">GIS Complete -paketilla on monia etuja. Alla on lueteltu joitakin niist\u00e4:<\/p>\n<ul class=\"ul1\">\n<li class=\"li1\"><b>Parempi p\u00e4\u00e4t\u00f6ksenteko<\/b>: Tarkkojen tietojen avulla p\u00e4\u00e4t\u00f6ksentekij\u00e4t voivat tehd\u00e4 tietoon perustuvia p\u00e4\u00e4t\u00f6ksi\u00e4 esimerkiksi kaupunkisuunnittelussa, infrastruktuurin kehitt\u00e4misess\u00e4 ja luonnonsuojelussa.<\/li>\n<li class=\"li1\"><b>Parannettu turvallisuus<\/b>: Tarkka maanmittaus edist\u00e4\u00e4 hankkeiden turvallisuutta minimoimalla virheellisest\u00e4 maanmittauksesta ja suunnittelusta aiheutuvat riskit erityisesti infrastruktuurihankkeissa ja rakennustoiminnassa.<\/li>\n<li class=\"li1\"><b>Laadunvarmistus<\/b>: Senttimetrin tarkkuudella suoritettu maanmittaus auttaa varmistamaan paikkatietojen ja karttatuotteiden laadun ja parantaa GIS-analyysien tarkkuutta ja luotettavuutta.<\/li>\n<li class=\"li1\"><b>Tulevaisuuden turvaaminen<\/b>: Mittaustekniikoiden jatkuvan kehittymisen my\u00f6t\u00e4 senttimetritarkka maanmittaus on yh\u00e4 edullisempaa ja helpommin saatavilla, mik\u00e4 tekee siit\u00e4 kest\u00e4v\u00e4n investoinnin tuleviin GIS-sovelluksiin ja -hankkeisiin.<\/li>\n<\/ul>\n<p>&nbsp;<\/p>\n<p class=\"p1\"><b>Sovellukset<\/b><\/p>\n<p>&nbsp;<\/p>\n<p class=\"p1\">T\u00e4t\u00e4 GIS Complete -pakettia k\u00e4ytet\u00e4\u00e4n:<\/p>\n<ul class=\"ul1\">\n<li class=\"li1\"><b>Vesihuolto<\/b>: Vesihuollon alalla tarkkoja GIS-mittauksia k\u00e4ytet\u00e4\u00e4n vesivarojen hallinnassa, veden laadun seurannassa ja tulvaennusteiden laatimisessa. Sen avulla vesivarojen hoitajat voivat kartoittaa jokia, j\u00e4rvi\u00e4 ja altaita, seurata veden virtauksia ja hallita kasteluj\u00e4rjestelmi\u00e4.<\/li>\n<li class=\"li1\"><b>Kaupungin johto<\/b>: Kaupungin infrastruktuuria, kuten teit\u00e4, viem\u00e4r\u00f6inti\u00e4 ja julkisia tiloja, yll\u00e4pidet\u00e4\u00e4n tehokkaasti GIS-mittausten avulla. T\u00e4h\u00e4n sis\u00e4ltyy kunnossapitot\u00f6iden suunnittelu, j\u00e4tteiden ker\u00e4yksen hallinta ja kaupungin palvelujen parantaminen.<\/li>\n<li class=\"li1\"><b>Liikenteen suunnittelu<\/b>: GIS-mittaukset ovat ratkaisevassa asemassa reittien, liikennevirtojen ja julkisen liikenteen optimoinnissa. T\u00e4m\u00e4 koskee my\u00f6s tiesuunnittelua, liikenneturvallisuuden parantamista ja ruuhkien v\u00e4hent\u00e4mist\u00e4.<\/li>\n<li class=\"li1\"><b>Arkeologinen tutkimus<\/b>: GIS-j\u00e4rjestelm\u00e4t auttavat kartoittamaan arkeologisia kohteita ja historiallisia maisemia. T\u00e4h\u00e4n sis\u00e4ltyy esineiden paikantaminen, kulttuuriperinn\u00f6n dokumentointi ja historiallisten kohteiden s\u00e4ilytt\u00e4minen.<\/li>\n<li class=\"li1\"><b>Ilmastonmuutos ja kest\u00e4v\u00e4 kehitys<\/b>: GIS-j\u00e4rjestelmi\u00e4 k\u00e4ytet\u00e4\u00e4n ilmastonmuutoksen vaikutusten seurannassa, kest\u00e4v\u00e4n kehityksen edist\u00e4misess\u00e4 ja ymp\u00e4rist\u00f6politiikan t\u00e4yt\u00e4nt\u00f6\u00f6npanossa. T\u00e4h\u00e4n sis\u00e4ltyy ymp\u00e4rist\u00f6indikaattoreiden seuranta, luonnonvarojen hallinta ja ekologisen jalanj\u00e4ljen pienent\u00e4minen.<\/li>\n<li class=\"li1\"><b>Kulttuuri ja virkistys<\/b>: Kulttuurilaitosten, virkistysalueiden ja tapahtumien hallinnoinnissa GIS-mittaukset ovat v\u00e4ltt\u00e4m\u00e4tt\u00f6mi\u00e4. T\u00e4h\u00e4n sis\u00e4ltyy kulttuuritapahtumien suunnittelu, virkistystoiminnan kehitt\u00e4minen ja matkailun edist\u00e4minen.<\/li>\n<\/ul>\n<p>&nbsp;<\/p>\n<p class=\"p1\"><b>Sis\u00e4lt\u00f6<\/b><\/p>\n<p>&nbsp;<\/p>\n<p class=\"p1\">GIS Complete -paketti sis\u00e4lt\u00e4\u00e4:<\/p>\n<ul class=\"ul1\">\n<li class=\"li1\"><b>Toknav P8<\/b>: Tarjoaa kehittyneet GPS-toiminnot tarkkaa paikannusta ja seurantaa varten, jolloin voit saada luotettavia sijaintitietoja erilaisia GIS-sovelluksia varten.<\/li>\n<li class=\"li1\"><b>T8-20 (kest\u00e4v\u00e4 Android-tabletti)<\/b>: Tarjoaa tehokkaan Android-k\u00e4ytt\u00f6j\u00e4rjestelm\u00e4n, joka takaa saumattoman suorituskyvyn ja intuitiivisen k\u00e4ytt\u00f6kokemuksen GIS-sovelluksia k\u00e4ytett\u00e4ess\u00e4.<\/li>\n<li class=\"li1\"><b>Apglos Position Corrector -tilauspaketti<\/b>: Tarjoaa p\u00e4\u00e4syn s\u00e4\u00e4nn\u00f6llisiin p\u00e4ivityksiin ja uusiin ominaisuuksiin, jolloin pysyt aina ajan tasalla GIS-teknologian uusimmasta kehityksest\u00e4.<\/li>\n<li class=\"li1\"><b>Tabletin pidike<\/b>: Tarjoaa vakaan ja turvallisen kiinnityksen tabletille, jolloin voit ty\u00f6skennell\u00e4 k\u00e4det vapaana ja k\u00e4ytt\u00e4\u00e4 GIS-sovelluksia helposti kentt\u00e4ty\u00f6n aikana.<\/li>\n<\/ul>\n<p class=\"p1\">Joustava integrointi: GIS Complete on yhteensopiva monenlaisten GIS-ohjelmistojen ja -alustojen kanssa, kuten ArcGIS ja QGIS. N\u00e4in voit saumattomasti tuoda ja vied\u00e4 tietoja sek\u00e4 tehd\u00e4 yhteisty\u00f6t\u00e4 muiden GIS-k\u00e4ytt\u00e4jien ja -j\u00e4rjestelmien kanssa.<\/p>","protected":false},"excerpt":{"rendered":"<p class=\"p1\">Tutustu GIS Complete -pakettimme mahdollisuuksiin optimaalisen GIS-suorituskyvyn saavuttamiseksi! Edistyksellisen Toknav P8 Tabletin, mukaan lukien T8-20 (kest\u00e4v\u00e4 Android-tabletti), ja luotettavan Apglos Position Corrector -tilauspaketin avulla olet valmis tarkkoihin vaakamittauksiin. Mukana toimitettu tabletin pidike takaa vakauden ja mukavuuden tietojenkeruun aikana. Astu GIS-maailmaan ilman korkeusrajoituksia!<\/p>","protected":false},"featured_media":4176,"template":"","meta":[],"product_brand":[],"product_cat":[19,38],"product_tag":[],"class_list":{"0":"post-4287","1":"product","2":"type-product","3":"status-publish","4":"has-post-thumbnail","6":"product_cat-gps-meettoestel","7":"product_cat-gps-ontvangers","8":"entry","10":"first","11":"instock","12":"taxable","13":"shipping-taxable","14":"purchasable","15":"product-type-simple"},"yoast_head":"<!-- This site is optimized with the Yoast SEO plugin v26.3 - https:\/\/yoast.com\/wordpress\/plugins\/seo\/ -->\n<title>GIS Compleet - GPS-SYSTEM.SE<\/title>\n<meta name=\"robots\" content=\"index, follow, max-snippet:-1, max-image-preview:large, max-video-preview:-1\" \/>\n<link rel=\"canonical\" href=\"https:\/\/gps-system.se\/fi\/tuote\/gis-valmis\/\" \/>\n<meta property=\"og:locale\" content=\"fi_FI\" \/>\n<meta property=\"og:type\" content=\"article\" \/>\n<meta property=\"og:title\" content=\"GIS Compleet - GPS-SYSTEM.SE\" \/>\n<meta property=\"og:description\" content=\"Ontdek de mogelijkheden van ons GIS Compleet pakket voor optimale GIS-prestaties! Met de geavanceerde Toknav P8 Tablet, inclusief T8-20 (robuuste Android tablet), en het betrouwbare Apglos Position Corrector abonnementenpakket ben je klaar voor nauwkeurige horizontale metingen. De bijgeleverde tablethouder zorgt voor stabiliteit en gemak tijdens het verzamelen van gegevens. Stap in de wereld van GIS zonder hoogtebeperkingen!\" \/>\n<meta property=\"og:url\" content=\"https:\/\/gps-system.se\/fi\/tuote\/gis-valmis\/\" \/>\n<meta property=\"og:site_name\" content=\"GPS-SYSTEM.SE\" \/>\n<meta property=\"article:modified_time\" content=\"2025-12-14T18:17:46+00:00\" \/>\n<meta property=\"og:image\" content=\"https:\/\/gps-system.se\/wp-content\/uploads\/2024\/02\/GIS-Compleet-voorkant.png\" \/>\n\t<meta property=\"og:image:width\" content=\"1200\" \/>\n\t<meta property=\"og:image:height\" content=\"1200\" \/>\n\t<meta property=\"og:image:type\" content=\"image\/png\" \/>\n<meta name=\"twitter:card\" content=\"summary_large_image\" \/>\n<meta name=\"twitter:label1\" content=\"Est. reading time\" \/>\n\t<meta name=\"twitter:data1\" content=\"3 minuuttia\" \/>\n<script type=\"application\/ld+json\" class=\"yoast-schema-graph\">{\"@context\":\"https:\/\/schema.org\",\"@graph\":[{\"@type\":\"WebPage\",\"@id\":\"https:\/\/gps-system.se\/product\/gis-compleet\/\",\"url\":\"https:\/\/gps-system.se\/product\/gis-compleet\/\",\"name\":\"GIS Compleet - GPS-SYSTEM.SE\",\"isPartOf\":{\"@id\":\"https:\/\/gps-system.se\/#website\"},\"primaryImageOfPage\":{\"@id\":\"https:\/\/gps-system.se\/product\/gis-compleet\/#primaryimage\"},\"image\":{\"@id\":\"https:\/\/gps-system.se\/product\/gis-compleet\/#primaryimage\"},\"thumbnailUrl\":\"https:\/\/gps-system.se\/wp-content\/uploads\/2024\/02\/GIS-Compleet-voorkant.png\",\"datePublished\":\"2024-02-29T16:51:09+00:00\",\"dateModified\":\"2025-12-14T18:17:46+00:00\",\"breadcrumb\":{\"@id\":\"https:\/\/gps-system.se\/product\/gis-compleet\/#breadcrumb\"},\"inLanguage\":\"fi\",\"potentialAction\":[{\"@type\":\"ReadAction\",\"target\":[\"https:\/\/gps-system.se\/product\/gis-compleet\/\"]}]},{\"@type\":\"ImageObject\",\"inLanguage\":\"fi\",\"@id\":\"https:\/\/gps-system.se\/product\/gis-compleet\/#primaryimage\",\"url\":\"https:\/\/gps-system.se\/wp-content\/uploads\/2024\/02\/GIS-Compleet-voorkant.png\",\"contentUrl\":\"https:\/\/gps-system.se\/wp-content\/uploads\/2024\/02\/GIS-Compleet-voorkant.png\",\"width\":1200,\"height\":1200},{\"@type\":\"BreadcrumbList\",\"@id\":\"https:\/\/gps-system.se\/product\/gis-compleet\/#breadcrumb\",\"itemListElement\":[{\"@type\":\"ListItem\",\"position\":1,\"name\":\"Home\",\"item\":\"https:\/\/gps-system.se\/\"},{\"@type\":\"ListItem\",\"position\":2,\"name\":\"Producten\",\"item\":\"https:\/\/gps-system.se\/winkel\/\"},{\"@type\":\"ListItem\",\"position\":3,\"name\":\"GIS Compleet\"}]},{\"@type\":\"WebSite\",\"@id\":\"https:\/\/gps-system.se\/#website\",\"url\":\"https:\/\/gps-system.se\/\",\"name\":\"GPS-SYSTEMS\",\"description\":\"GPS sytems for everyone\",\"publisher\":{\"@id\":\"https:\/\/gps-system.se\/#organization\"},\"potentialAction\":[{\"@type\":\"SearchAction\",\"target\":{\"@type\":\"EntryPoint\",\"urlTemplate\":\"https:\/\/gps-system.se\/?s={search_term_string}\"},\"query-input\":{\"@type\":\"PropertyValueSpecification\",\"valueRequired\":true,\"valueName\":\"search_term_string\"}}],\"inLanguage\":\"fi\"},{\"@type\":\"Organization\",\"@id\":\"https:\/\/gps-system.se\/#organization\",\"name\":\"GPS-SYSTEMS Sweden\",\"url\":\"https:\/\/gps-system.se\/\",\"logo\":{\"@type\":\"ImageObject\",\"inLanguage\":\"fi\",\"@id\":\"https:\/\/gps-system.se\/#\/schema\/logo\/image\/\",\"url\":\"https:\/\/gps-system.se\/wp-content\/uploads\/2023\/11\/fulllogo-1.png\",\"contentUrl\":\"https:\/\/gps-system.se\/wp-content\/uploads\/2023\/11\/fulllogo-1.png\",\"width\":1280,\"height\":1024,\"caption\":\"GPS-SYSTEMS Sweden\"},\"image\":{\"@id\":\"https:\/\/gps-system.se\/#\/schema\/logo\/image\/\"},\"sameAs\":[\"https:\/\/www.linkedin.com\/in\/roland-van-joolen-a909b716\/\"]}]}<\/script>\n<!-- \/ Yoast SEO plugin. -->","yoast_head_json":{"title":"GIS Complete - GPS-SYSTEM.SE","robots":{"index":"index","follow":"follow","max-snippet":"max-snippet:-1","max-image-preview":"max-image-preview:large","max-video-preview":"max-video-preview:-1"},"canonical":"https:\/\/gps-system.se\/fi\/tuote\/gis-valmis\/","og_locale":"fi_FI","og_type":"article","og_title":"GIS Compleet - GPS-SYSTEM.SE","og_description":"Ontdek de mogelijkheden van ons GIS Compleet pakket voor optimale GIS-prestaties! Met de geavanceerde Toknav P8 Tablet, inclusief T8-20 (robuuste Android tablet), en het betrouwbare Apglos Position Corrector abonnementenpakket ben je klaar voor nauwkeurige horizontale metingen. De bijgeleverde tablethouder zorgt voor stabiliteit en gemak tijdens het verzamelen van gegevens. Stap in de wereld van GIS zonder hoogtebeperkingen!","og_url":"https:\/\/gps-system.se\/fi\/tuote\/gis-valmis\/","og_site_name":"GPS-SYSTEM.SE","article_modified_time":"2025-12-14T18:17:46+00:00","og_image":[{"width":1200,"height":1200,"url":"https:\/\/gps-system.se\/wp-content\/uploads\/2024\/02\/GIS-Compleet-voorkant.png","type":"image\/png"}],"twitter_card":"summary_large_image","twitter_misc":{"Est. reading time":"3 minuuttia"},"schema":{"@context":"https:\/\/schema.org","@graph":[{"@type":"WebPage","@id":"https:\/\/gps-system.se\/product\/gis-compleet\/","url":"https:\/\/gps-system.se\/product\/gis-compleet\/","name":"GIS Complete - GPS-SYSTEM.SE","isPartOf":{"@id":"https:\/\/gps-system.se\/#website"},"primaryImageOfPage":{"@id":"https:\/\/gps-system.se\/product\/gis-compleet\/#primaryimage"},"image":{"@id":"https:\/\/gps-system.se\/product\/gis-compleet\/#primaryimage"},"thumbnailUrl":"https:\/\/gps-system.se\/wp-content\/uploads\/2024\/02\/GIS-Compleet-voorkant.png","datePublished":"2024-02-29T16:51:09+00:00","dateModified":"2025-12-14T18:17:46+00:00","breadcrumb":{"@id":"https:\/\/gps-system.se\/product\/gis-compleet\/#breadcrumb"},"inLanguage":"fi","potentialAction":[{"@type":"ReadAction","target":["https:\/\/gps-system.se\/product\/gis-compleet\/"]}]},{"@type":"ImageObject","inLanguage":"fi","@id":"https:\/\/gps-system.se\/product\/gis-compleet\/#primaryimage","url":"https:\/\/gps-system.se\/wp-content\/uploads\/2024\/02\/GIS-Compleet-voorkant.png","contentUrl":"https:\/\/gps-system.se\/wp-content\/uploads\/2024\/02\/GIS-Compleet-voorkant.png","width":1200,"height":1200},{"@type":"BreadcrumbList","@id":"https:\/\/gps-system.se\/product\/gis-compleet\/#breadcrumb","itemListElement":[{"@type":"ListItem","position":1,"name":"Home","item":"https:\/\/gps-system.se\/"},{"@type":"ListItem","position":2,"name":"Producten","item":"https:\/\/gps-system.se\/winkel\/"},{"@type":"ListItem","position":3,"name":"GIS Compleet"}]},{"@type":"WebSite","@id":"https:\/\/gps-system.se\/#website","url":"https:\/\/gps-system.se\/","name":"GPS-J\u00c4RJESTELM\u00c4T","description":"GPS-j\u00e4rjestelm\u00e4t kaikille","publisher":{"@id":"https:\/\/gps-system.se\/#organization"},"potentialAction":[{"@type":"SearchAction","target":{"@type":"EntryPoint","urlTemplate":"https:\/\/gps-system.se\/?s={search_term_string}"},"query-input":{"@type":"PropertyValueSpecification","valueRequired":true,"valueName":"search_term_string"}}],"inLanguage":"fi"},{"@type":"Organization","@id":"https:\/\/gps-system.se\/#organization","name":"GPS-SYSTEMS Ruotsi","url":"https:\/\/gps-system.se\/","logo":{"@type":"ImageObject","inLanguage":"fi","@id":"https:\/\/gps-system.se\/#\/schema\/logo\/image\/","url":"https:\/\/gps-system.se\/wp-content\/uploads\/2023\/11\/fulllogo-1.png","contentUrl":"https:\/\/gps-system.se\/wp-content\/uploads\/2023\/11\/fulllogo-1.png","width":1280,"height":1024,"caption":"GPS-SYSTEMS Sweden"},"image":{"@id":"https:\/\/gps-system.se\/#\/schema\/logo\/image\/"},"sameAs":["https:\/\/www.linkedin.com\/in\/roland-van-joolen-a909b716\/"]}]}},"_links":{"self":[{"href":"https:\/\/gps-system.se\/fi\/wp-json\/wp\/v2\/product\/4287","targetHints":{"allow":["GET"]}}],"collection":[{"href":"https:\/\/gps-system.se\/fi\/wp-json\/wp\/v2\/product"}],"about":[{"href":"https:\/\/gps-system.se\/fi\/wp-json\/wp\/v2\/types\/product"}],"version-history":[{"count":1,"href":"https:\/\/gps-system.se\/fi\/wp-json\/wp\/v2\/product\/4287\/revisions"}],"predecessor-version":[{"id":4288,"href":"https:\/\/gps-system.se\/fi\/wp-json\/wp\/v2\/product\/4287\/revisions\/4288"}],"wp:featuredmedia":[{"embeddable":true,"href":"https:\/\/gps-system.se\/fi\/wp-json\/wp\/v2\/media\/4176"}],"wp:attachment":[{"href":"https:\/\/gps-system.se\/fi\/wp-json\/wp\/v2\/media?parent=4287"}],"wp:term":[{"taxonomy":"product_brand","embeddable":true,"href":"https:\/\/gps-system.se\/fi\/wp-json\/wp\/v2\/product_brand?post=4287"},{"taxonomy":"product_cat","embeddable":true,"href":"https:\/\/gps-system.se\/fi\/wp-json\/wp\/v2\/product_cat?post=4287"},{"taxonomy":"product_tag","embeddable":true,"href":"https:\/\/gps-system.se\/fi\/wp-json\/wp\/v2\/product_tag?post=4287"}],"curies":[{"name":"wp","href":"https:\/\/api.w.org\/{rel}","templated":true}]}}