{"id":4241,"date":"2024-02-29T15:16:56","date_gmt":"2024-02-29T15:16:56","guid":{"rendered":"https:\/\/gps-system.se\/?post_type=product&#038;p=4241"},"modified":"2025-11-29T20:46:09","modified_gmt":"2025-11-29T20:46:09","slug":"iplus-gps-mittausjarjestelma","status":"publish","type":"product","link":"https:\/\/gps-system.se\/fi\/tuote\/iplus-gps-mittausjarjestelma\/","title":{"rendered":"iPlus GPS-mittausj\u00e4rjestelm\u00e4"},"content":{"rendered":"<p class=\"p1\">Koe iPlus GPS -j\u00e4rjestelm\u00e4n t\u00e4ydellinen ratkaisu tarkkaan maanmittaukseen! Erityisesti Apple-harrastajille suunniteltu iPlus GPS -mittausj\u00e4rjestelm\u00e4 tarjoaa vertaansa vailla olevan yhdistelm\u00e4n tarkkuutta ja helppok\u00e4ytt\u00f6isyytt\u00e4. Saumattoman integraationsa Applen laitteiden kanssa ja tehokkaiden ominaisuuksiensa ansiosta t\u00e4m\u00e4 j\u00e4rjestelm\u00e4 mahdollistaa maastomittaukset ennenn\u00e4kem\u00e4tt\u00f6m\u00e4ll\u00e4 tarkkuudella. Tutustu siihen, miten iPlus GPS -j\u00e4rjestelm\u00e4 voi muuttaa ja yksinkertaistaa maanmittausverkkoasi.<\/p>\n<p>&nbsp;<\/p>\n<p class=\"p1\"><b>Edut<\/b><\/p>\n<p>&nbsp;<\/p>\n<p class=\"p1\">iPlus GPS-mittausj\u00e4rjestelm\u00e4ll\u00e4 on monia etuja. Osa niist\u00e4 on lueteltu alla:<\/p>\n<ul class=\"ul1\">\n<li class=\"li1\"><b>Reaaliaikaiset tiedot<\/b>: GPS-j\u00e4rjestelm\u00e4t voivat tuottaa reaaliaikaista tietoa, mik\u00e4 mahdollistaa nopean p\u00e4\u00e4t\u00f6ksenteon kentt\u00e4ty\u00f6n aikana.<\/li>\n<li class=\"li1\"><b>Joustavuus<\/b>: GPS-mittausj\u00e4rjestelm\u00e4t soveltuvat erilaisiin maastoihin ja olosuhteisiin, joten ne soveltuvat joustavasti erilaisiin hankkeisiin.<\/li>\n<li class=\"li1\"><b>Kustannuss\u00e4\u00e4st\u00f6t<\/b>: Vaikka GPS-maamittausj\u00e4rjestelm\u00e4t vaativat alkuinvestointeja, ne voivat pitk\u00e4ll\u00e4 aikav\u00e4lill\u00e4 s\u00e4\u00e4st\u00e4\u00e4 kustannuksia lis\u00e4\u00e4ntyneen tehokkuuden ja tarkkuuden ansiosta.<\/li>\n<li class=\"li1\"><b>Tulevaisuuteen suuntautunut<\/b>: Koska GPS-teknologia kehittyy jatkuvasti, GPS-mittausj\u00e4rjestelm\u00e4t pysyv\u00e4t huippuluokassa ja tarjoavat mahdollisuuksia tulevaan kehitykseen ja innovaatioihin maanmittauksen ja paikkatiedon alalla.<\/li>\n<\/ul>\n<p>&nbsp;<\/p>\n<p class=\"p1\"><b>Sovellukset<\/b><\/p>\n<p>&nbsp;<\/p>\n<p class=\"p1\">iPlus GPS-mittausj\u00e4rjestelm\u00e4\u00e4 k\u00e4ytet\u00e4\u00e4n:<\/p>\n<ul class=\"ul1\">\n<li class=\"li1\"><b>Rakennushankkeet<\/b>: GPS-mittausj\u00e4rjestelmill\u00e4 on ratkaiseva rooli rakennushankkeissa, sill\u00e4 ne tarjoavat tarkkoja sijaintitietoja perustusten m\u00e4\u00e4ritt\u00e4mist\u00e4, rakenteiden tarkistamista ja infrastruktuurin, kuten teiden, siltojen ja rakennusten, suunnittelua varten.<\/li>\n<li class=\"li1\"><b>Arkeologinen tutkimus<\/b>: Arkeologeille GPS-mittausj\u00e4rjestelm\u00e4t tarjoavat tarkkuutta arkeologisten kohteiden paikantamisessa ja dokumentoinnissa, mik\u00e4 parantaa kaivausten tarkkuutta ja kulttuuriperinn\u00f6n s\u00e4ilytt\u00e4mist\u00e4.<\/li>\n<li class=\"li1\"><b>Stadionin ja tapahtumien hallinta<\/b>: Tapahtumien suunnittelijoille GPS-j\u00e4rjestelm\u00e4t tarjoavat arvokasta tietoa, kun suunnitellaan pys\u00e4k\u00f6intipaikkoja, kulkureittej\u00e4 ja v\u00e4kijoukkojen hallintaa suurissa tapahtumissa ja urheilukilpailuissa.<\/li>\n<li class=\"li1\"><b>Arkeologiset kaivaukset<\/b>: Arkeologit k\u00e4ytt\u00e4v\u00e4t GPS-mittausj\u00e4rjestelmi\u00e4 arkeologisten kohteiden kartoittamiseen, esineiden dokumentointiin ja historiallisten maisemien visualisointiin, mik\u00e4 on v\u00e4ltt\u00e4m\u00e4t\u00f6nt\u00e4 arkeologisen tutkimuksen ja kulttuuriperinn\u00f6n suojelun kannalta.<\/li>\n<li class=\"li1\"><b>Sotilaalliset operaatiot<\/b>: Armeijassa GPS-j\u00e4rjestelmi\u00e4 k\u00e4ytet\u00e4\u00e4n strategisten paikkojen kartoittamiseen, joukkojen liikkeiden koordinointiin ja navigoinnin tukemiseen sotilasoperaatioiden ja -teht\u00e4vien aikana.<\/li>\n<li class=\"li1\"><b>Energia ja yleishy\u00f6dylliset palvelut<\/b>: Energia- ja yleishy\u00f6dyllisille yrityksille GPS-j\u00e4rjestelm\u00e4t tarjoavat mahdollisuuden kartoittaa putkia, kaapeleita ja energiainfrastruktuuria, optimoida verkoston hallintaa ja paikantaa ja korjata vikoja nopeasti.<\/li>\n<\/ul>\n<p>&nbsp;<\/p>\n<p class=\"p1\"><b>Sis\u00e4lt\u00f6<\/b><\/p>\n<p>&nbsp;<\/p>\n<p class=\"p1\">iPlus-j\u00e4rjestelm\u00e4n mukana toimitetaan seuraavat komponentit:<\/p>\n<ul class=\"ul1\">\n<li class=\"li1\"><b>Emlid Reach RX<\/b>: Tarjoaa tarkan GNSS-seurannan ja -paikannuksen my\u00f6s haastavissa ymp\u00e4rist\u00f6iss\u00e4, jolloin saat luotettavaa sijaintitietoa kaikkiin mittaustarpeisiisi.<\/li>\n<li class=\"li1\"><b>iPad Mini 2021 WiFi + 5G 256GB<\/b>: Tarjoaa tehokkaan ja monipuolisen k\u00e4ytt\u00f6kokemuksen kehittyneiden ominaisuuksiensa ja siirrett\u00e4vyytens\u00e4 ansiosta, mink\u00e4 ansiosta voit ty\u00f6skennell\u00e4 tehokkaasti erilaisten GIS-sovellusten ja -ty\u00f6kalujen kanssa.<\/li>\n<li class=\"li1\"><b>Apglos Survey Wizard -tilauspaketti<\/b>: Tarjoaa p\u00e4\u00e4syn s\u00e4\u00e4nn\u00f6llisiin p\u00e4ivityksiin, uusiin ominaisuuksiin ja parannuksiin, jotta pysyt aina ajan tasalla maanmittaustekniikan uusimmasta kehityksest\u00e4 ja s\u00e4ilyt\u00e4t optimaalisen suorituskyvyn.<\/li>\n<li class=\"li1\"><b>Tabletin pidike<\/b>: Tarjoaa iPad Minille turvallisen ja vakaan kiinnityksen, jonka avulla voit tehd\u00e4 mittauksia k\u00e4det vapaana ilman, ett\u00e4 sinun tarvitsee pit\u00e4\u00e4 laitetta k\u00e4dess\u00e4si.<\/li>\n<li class=\"li1\"><b>GPS-johtotanko 2,0 m, hiili, ruuvattava<\/b>: Kevyen ja kest\u00e4v\u00e4n rakenteensa ansiosta GPS-ly\u00f6ntitanko on helppo asentaa ja s\u00e4\u00e4t\u00e4\u00e4 erilaisiin mittaustarpeisiin, jolloin voit tehd\u00e4 tarkkoja korkeusmittauksia tarkasti ja helposti.<\/li>\n<li class=\"li1\"><b>Laukku suuri<\/b>: Tarjoaa riitt\u00e4v\u00e4sti tilaa kaikkien komponenttien turvalliseen s\u00e4ilytt\u00e4miseen ja niiden helppoon kuljettamiseen eri paikkoihin, jotta olet aina valmis seuraavaan mittaushaasteeseen.<\/li>\n<\/ul>\n<p class=\"p1\">Helppok\u00e4ytt\u00f6isyys ja monipuolisuus: iPlus GPS -mittausj\u00e4rjestelm\u00e4 on intuitiivisen k\u00e4ytt\u00f6liittym\u00e4n ja yksinkertaisten hallintalaitteiden ansiosta helppo oppia ja k\u00e4ytt\u00e4\u00e4 my\u00f6s aloittelijoille. J\u00e4rjestelm\u00e4n monipuolisuuden ansiosta sit\u00e4 voi k\u00e4ytt\u00e4\u00e4 erilaisiin sovelluksiin arkeologisesta tutkimuksesta kaupunkien uudistamiseen samalla tarkkuudella ja luotettavuudella.<\/p>","protected":false},"excerpt":{"rendered":"<p class=\"p1\">Tutustu maanmittauksen mukavuuteen iPlus GPS -j\u00e4rjestelm\u00e4n avulla! Varustettu Emlid Reach RX -laitteella, iPad Mini 2021 WiFi + 5G 256GB, intuitiivisella Apglos Survey Wizard -tilauspaketilla, k\u00e4tev\u00e4ll\u00e4 tabletin pidikkeell\u00e4, ruuvattavalla 2,0 metrin hiilikuituisella GPS-johtotangolla ja tilavalla laukulla vaivatonta kuljetusta varten. T\u00e4m\u00e4 j\u00e4rjestelm\u00e4 tekee tarkkojen mittausten tekemisest\u00e4 helppoa ja tehokasta my\u00f6s aloittelijoille.<\/p>","protected":false},"featured_media":4190,"template":"","meta":[],"product_brand":[],"product_cat":[19,38],"product_tag":[],"class_list":{"0":"post-4241","1":"product","2":"type-product","3":"status-publish","4":"has-post-thumbnail","6":"product_cat-gps-meettoestel","7":"product_cat-gps-ontvangers","8":"entry","10":"first","11":"instock","12":"featured","13":"taxable","14":"shipping-taxable","15":"purchasable","16":"product-type-simple"},"yoast_head":"<!-- This site is optimized with the Yoast SEO plugin v26.3 - https:\/\/yoast.com\/wordpress\/plugins\/seo\/ -->\n<title>iPlus GPS meetsysteem - GPS-SYSTEM.SE<\/title>\n<meta name=\"robots\" content=\"index, follow, max-snippet:-1, max-image-preview:large, max-video-preview:-1\" \/>\n<link rel=\"canonical\" href=\"https:\/\/gps-system.se\/fi\/tuote\/iplus-gps-mittausjarjestelma\/\" \/>\n<meta property=\"og:locale\" content=\"fi_FI\" \/>\n<meta property=\"og:type\" content=\"article\" \/>\n<meta property=\"og:title\" content=\"iPlus GPS meetsysteem - GPS-SYSTEM.SE\" \/>\n<meta property=\"og:description\" content=\"Ontdek het gemak van landmeten met het iPlus GPS systeem! Voorzien van de Emlid Reach RX, iPad Mini 2021 WiFi + 5G 256GB, het intu\u00eftieve Apglos Survey Wizard abonnementenpakket, een handige tablethouder, een schroefbare GPS loodstaaf van 2,0 m in carbon en een ruime tas voor moeiteloos vervoer. Dit systeem maakt het uitvoeren van nauwkeurige metingen gemakkelijk en effici\u00ebnt, zelfs voor beginners.\" \/>\n<meta property=\"og:url\" content=\"https:\/\/gps-system.se\/fi\/tuote\/iplus-gps-mittausjarjestelma\/\" \/>\n<meta property=\"og:site_name\" content=\"GPS-SYSTEM.SE\" \/>\n<meta property=\"article:modified_time\" content=\"2025-11-29T20:46:09+00:00\" \/>\n<meta property=\"og:image\" content=\"https:\/\/gps-system.se\/wp-content\/uploads\/2024\/02\/iPlus-voorkant.png\" \/>\n\t<meta property=\"og:image:width\" content=\"1200\" \/>\n\t<meta property=\"og:image:height\" content=\"1200\" \/>\n\t<meta property=\"og:image:type\" content=\"image\/png\" \/>\n<meta name=\"twitter:card\" content=\"summary_large_image\" \/>\n<meta name=\"twitter:label1\" content=\"Est. reading time\" \/>\n\t<meta name=\"twitter:data1\" content=\"3 minuuttia\" \/>\n<script type=\"application\/ld+json\" class=\"yoast-schema-graph\">{\"@context\":\"https:\/\/schema.org\",\"@graph\":[{\"@type\":\"WebPage\",\"@id\":\"https:\/\/gps-system.se\/product\/iplus-gps-meetsysteem\/\",\"url\":\"https:\/\/gps-system.se\/product\/iplus-gps-meetsysteem\/\",\"name\":\"iPlus GPS meetsysteem - GPS-SYSTEM.SE\",\"isPartOf\":{\"@id\":\"https:\/\/gps-system.se\/#website\"},\"primaryImageOfPage\":{\"@id\":\"https:\/\/gps-system.se\/product\/iplus-gps-meetsysteem\/#primaryimage\"},\"image\":{\"@id\":\"https:\/\/gps-system.se\/product\/iplus-gps-meetsysteem\/#primaryimage\"},\"thumbnailUrl\":\"https:\/\/gps-system.se\/wp-content\/uploads\/2024\/02\/iPlus-voorkant.png\",\"datePublished\":\"2024-02-29T15:16:56+00:00\",\"dateModified\":\"2025-11-29T20:46:09+00:00\",\"breadcrumb\":{\"@id\":\"https:\/\/gps-system.se\/product\/iplus-gps-meetsysteem\/#breadcrumb\"},\"inLanguage\":\"fi\",\"potentialAction\":[{\"@type\":\"ReadAction\",\"target\":[\"https:\/\/gps-system.se\/product\/iplus-gps-meetsysteem\/\"]}]},{\"@type\":\"ImageObject\",\"inLanguage\":\"fi\",\"@id\":\"https:\/\/gps-system.se\/product\/iplus-gps-meetsysteem\/#primaryimage\",\"url\":\"https:\/\/gps-system.se\/wp-content\/uploads\/2024\/02\/iPlus-voorkant.png\",\"contentUrl\":\"https:\/\/gps-system.se\/wp-content\/uploads\/2024\/02\/iPlus-voorkant.png\",\"width\":1200,\"height\":1200},{\"@type\":\"BreadcrumbList\",\"@id\":\"https:\/\/gps-system.se\/product\/iplus-gps-meetsysteem\/#breadcrumb\",\"itemListElement\":[{\"@type\":\"ListItem\",\"position\":1,\"name\":\"Home\",\"item\":\"https:\/\/gps-system.se\/\"},{\"@type\":\"ListItem\",\"position\":2,\"name\":\"Producten\",\"item\":\"https:\/\/gps-system.se\/winkel\/\"},{\"@type\":\"ListItem\",\"position\":3,\"name\":\"iPlus GPS meetsysteem\"}]},{\"@type\":\"WebSite\",\"@id\":\"https:\/\/gps-system.se\/#website\",\"url\":\"https:\/\/gps-system.se\/\",\"name\":\"GPS-SYSTEMS\",\"description\":\"GPS sytems for everyone\",\"publisher\":{\"@id\":\"https:\/\/gps-system.se\/#organization\"},\"potentialAction\":[{\"@type\":\"SearchAction\",\"target\":{\"@type\":\"EntryPoint\",\"urlTemplate\":\"https:\/\/gps-system.se\/?s={search_term_string}\"},\"query-input\":{\"@type\":\"PropertyValueSpecification\",\"valueRequired\":true,\"valueName\":\"search_term_string\"}}],\"inLanguage\":\"fi\"},{\"@type\":\"Organization\",\"@id\":\"https:\/\/gps-system.se\/#organization\",\"name\":\"GPS-SYSTEMS Sweden\",\"url\":\"https:\/\/gps-system.se\/\",\"logo\":{\"@type\":\"ImageObject\",\"inLanguage\":\"fi\",\"@id\":\"https:\/\/gps-system.se\/#\/schema\/logo\/image\/\",\"url\":\"https:\/\/gps-system.se\/wp-content\/uploads\/2023\/11\/fulllogo-1.png\",\"contentUrl\":\"https:\/\/gps-system.se\/wp-content\/uploads\/2023\/11\/fulllogo-1.png\",\"width\":1280,\"height\":1024,\"caption\":\"GPS-SYSTEMS Sweden\"},\"image\":{\"@id\":\"https:\/\/gps-system.se\/#\/schema\/logo\/image\/\"},\"sameAs\":[\"https:\/\/www.linkedin.com\/in\/roland-van-joolen-a909b716\/\"]}]}<\/script>\n<!-- \/ Yoast SEO plugin. -->","yoast_head_json":{"title":"iPlus GPS-mittausj\u00e4rjestelm\u00e4 - GPS-SYSTEM.SE","robots":{"index":"index","follow":"follow","max-snippet":"max-snippet:-1","max-image-preview":"max-image-preview:large","max-video-preview":"max-video-preview:-1"},"canonical":"https:\/\/gps-system.se\/fi\/tuote\/iplus-gps-mittausjarjestelma\/","og_locale":"fi_FI","og_type":"article","og_title":"iPlus GPS meetsysteem - GPS-SYSTEM.SE","og_description":"Ontdek het gemak van landmeten met het iPlus GPS systeem! Voorzien van de Emlid Reach RX, iPad Mini 2021 WiFi + 5G 256GB, het intu\u00eftieve Apglos Survey Wizard abonnementenpakket, een handige tablethouder, een schroefbare GPS loodstaaf van 2,0 m in carbon en een ruime tas voor moeiteloos vervoer. Dit systeem maakt het uitvoeren van nauwkeurige metingen gemakkelijk en effici\u00ebnt, zelfs voor beginners.","og_url":"https:\/\/gps-system.se\/fi\/tuote\/iplus-gps-mittausjarjestelma\/","og_site_name":"GPS-SYSTEM.SE","article_modified_time":"2025-11-29T20:46:09+00:00","og_image":[{"width":1200,"height":1200,"url":"https:\/\/gps-system.se\/wp-content\/uploads\/2024\/02\/iPlus-voorkant.png","type":"image\/png"}],"twitter_card":"summary_large_image","twitter_misc":{"Est. reading time":"3 minuuttia"},"schema":{"@context":"https:\/\/schema.org","@graph":[{"@type":"WebPage","@id":"https:\/\/gps-system.se\/product\/iplus-gps-meetsysteem\/","url":"https:\/\/gps-system.se\/product\/iplus-gps-meetsysteem\/","name":"iPlus GPS-mittausj\u00e4rjestelm\u00e4 - GPS-SYSTEM.SE","isPartOf":{"@id":"https:\/\/gps-system.se\/#website"},"primaryImageOfPage":{"@id":"https:\/\/gps-system.se\/product\/iplus-gps-meetsysteem\/#primaryimage"},"image":{"@id":"https:\/\/gps-system.se\/product\/iplus-gps-meetsysteem\/#primaryimage"},"thumbnailUrl":"https:\/\/gps-system.se\/wp-content\/uploads\/2024\/02\/iPlus-voorkant.png","datePublished":"2024-02-29T15:16:56+00:00","dateModified":"2025-11-29T20:46:09+00:00","breadcrumb":{"@id":"https:\/\/gps-system.se\/product\/iplus-gps-meetsysteem\/#breadcrumb"},"inLanguage":"fi","potentialAction":[{"@type":"ReadAction","target":["https:\/\/gps-system.se\/product\/iplus-gps-meetsysteem\/"]}]},{"@type":"ImageObject","inLanguage":"fi","@id":"https:\/\/gps-system.se\/product\/iplus-gps-meetsysteem\/#primaryimage","url":"https:\/\/gps-system.se\/wp-content\/uploads\/2024\/02\/iPlus-voorkant.png","contentUrl":"https:\/\/gps-system.se\/wp-content\/uploads\/2024\/02\/iPlus-voorkant.png","width":1200,"height":1200},{"@type":"BreadcrumbList","@id":"https:\/\/gps-system.se\/product\/iplus-gps-meetsysteem\/#breadcrumb","itemListElement":[{"@type":"ListItem","position":1,"name":"Home","item":"https:\/\/gps-system.se\/"},{"@type":"ListItem","position":2,"name":"Producten","item":"https:\/\/gps-system.se\/winkel\/"},{"@type":"ListItem","position":3,"name":"iPlus GPS meetsysteem"}]},{"@type":"WebSite","@id":"https:\/\/gps-system.se\/#website","url":"https:\/\/gps-system.se\/","name":"GPS-J\u00c4RJESTELM\u00c4T","description":"GPS-j\u00e4rjestelm\u00e4t kaikille","publisher":{"@id":"https:\/\/gps-system.se\/#organization"},"potentialAction":[{"@type":"SearchAction","target":{"@type":"EntryPoint","urlTemplate":"https:\/\/gps-system.se\/?s={search_term_string}"},"query-input":{"@type":"PropertyValueSpecification","valueRequired":true,"valueName":"search_term_string"}}],"inLanguage":"fi"},{"@type":"Organization","@id":"https:\/\/gps-system.se\/#organization","name":"GPS-SYSTEMS Ruotsi","url":"https:\/\/gps-system.se\/","logo":{"@type":"ImageObject","inLanguage":"fi","@id":"https:\/\/gps-system.se\/#\/schema\/logo\/image\/","url":"https:\/\/gps-system.se\/wp-content\/uploads\/2023\/11\/fulllogo-1.png","contentUrl":"https:\/\/gps-system.se\/wp-content\/uploads\/2023\/11\/fulllogo-1.png","width":1280,"height":1024,"caption":"GPS-SYSTEMS Sweden"},"image":{"@id":"https:\/\/gps-system.se\/#\/schema\/logo\/image\/"},"sameAs":["https:\/\/www.linkedin.com\/in\/roland-van-joolen-a909b716\/"]}]}},"_links":{"self":[{"href":"https:\/\/gps-system.se\/fi\/wp-json\/wp\/v2\/product\/4241","targetHints":{"allow":["GET"]}}],"collection":[{"href":"https:\/\/gps-system.se\/fi\/wp-json\/wp\/v2\/product"}],"about":[{"href":"https:\/\/gps-system.se\/fi\/wp-json\/wp\/v2\/types\/product"}],"version-history":[{"count":1,"href":"https:\/\/gps-system.se\/fi\/wp-json\/wp\/v2\/product\/4241\/revisions"}],"predecessor-version":[{"id":4242,"href":"https:\/\/gps-system.se\/fi\/wp-json\/wp\/v2\/product\/4241\/revisions\/4242"}],"wp:featuredmedia":[{"embeddable":true,"href":"https:\/\/gps-system.se\/fi\/wp-json\/wp\/v2\/media\/4190"}],"wp:attachment":[{"href":"https:\/\/gps-system.se\/fi\/wp-json\/wp\/v2\/media?parent=4241"}],"wp:term":[{"taxonomy":"product_brand","embeddable":true,"href":"https:\/\/gps-system.se\/fi\/wp-json\/wp\/v2\/product_brand?post=4241"},{"taxonomy":"product_cat","embeddable":true,"href":"https:\/\/gps-system.se\/fi\/wp-json\/wp\/v2\/product_cat?post=4241"},{"taxonomy":"product_tag","embeddable":true,"href":"https:\/\/gps-system.se\/fi\/wp-json\/wp\/v2\/product_tag?post=4241"}],"curies":[{"name":"wp","href":"https:\/\/api.w.org\/{rel}","templated":true}]}}