{"id":4235,"date":"2024-02-29T15:05:52","date_gmt":"2024-02-29T15:05:52","guid":{"rendered":"https:\/\/gps-system.se\/?post_type=product&#038;p=4235"},"modified":"2025-11-29T20:46:43","modified_gmt":"2025-11-29T20:46:43","slug":"pro-gps-mittausjarjestelma","status":"publish","type":"product","link":"https:\/\/gps-system.se\/fi\/tuote\/pro-gps-mittausjarjestelma\/","title":{"rendered":"Pro GPS-mittausj\u00e4rjestelm\u00e4"},"content":{"rendered":"<p class=\"p1\">Astu tarkkuusmittauksen maailmaan Pro GPS -maamittausj\u00e4rjestelm\u00e4n avulla! Pro GPS -j\u00e4rjestelm\u00e4 tarjoaa edistyksellisen ratkaisun kaikkiin maanmittaustarpeisiisi. Innovatiivisen ProNivo PNR21i -j\u00e4rjestelm\u00e4n avulla voit tehd\u00e4 vinomittauksia, jolloin voit tehd\u00e4 tarkkoja mittauksia my\u00f6s vaikeap\u00e4\u00e4syisill\u00e4 alueilla. Tutustu siihen, miten Pro GPS -j\u00e4rjestelm\u00e4 voi auttaa sinua mittaamaan maastoa tehokkaammin ja vaikuttavammin olosuhteista riippumatta.<\/p>\n<p>&nbsp;<\/p>\n<p class=\"p1\"><b>Edut<\/b><\/p>\n<p class=\"p1\">Pro GPS -mittausj\u00e4rjestelm\u00e4ll\u00e4 on monia etuja, kuten:<\/p>\n<ul class=\"ul1\">\n<li class=\"li1\"><b>Tarkkuus<\/b>: GPS-mittausj\u00e4rjestelm\u00e4t tarjoavat suuren tarkkuuden sijainnin m\u00e4\u00e4ritt\u00e4misess\u00e4 ja mittauksissa, mik\u00e4 mahdollistaa tarkan ty\u00f6n.<\/li>\n<li class=\"li1\"><b>Joustavuus<\/b>: GPS-mittausj\u00e4rjestelm\u00e4t soveltuvat erilaisiin maastoihin ja olosuhteisiin, joten ne soveltuvat joustavasti erilaisiin hankkeisiin.<\/li>\n<li class=\"li1\"><b>Luettu<\/b>: GPS-tekniikalla voidaan mitata alueita, joille oli aiemmin vaikea p\u00e4\u00e4st\u00e4, ja mittaukset voidaan tehd\u00e4 syrj\u00e4isiss\u00e4 paikoissa.<\/li>\n<li class=\"li1\"><b>Kustannuss\u00e4\u00e4st\u00f6t<\/b>: Vaikka GPS-maamittausj\u00e4rjestelm\u00e4t vaativat alkuinvestointeja, ne voivat pitk\u00e4ll\u00e4 aikav\u00e4lill\u00e4 s\u00e4\u00e4st\u00e4\u00e4 kustannuksia lis\u00e4\u00e4ntyneen tehokkuuden ja tarkkuuden ansiosta.<\/li>\n<\/ul>\n<p>&nbsp;<\/p>\n<p class=\"p1\"><b>Sovellukset<\/b><\/p>\n<p class=\"p1\">GPS-mittausj\u00e4rjestelmi\u00e4 k\u00e4ytet\u00e4\u00e4n:<\/p>\n<ul class=\"ul1\">\n<li class=\"li1\"><b>Maanmittaus ja kiinteist\u00f6rekisterikartoitus<\/b>: GPS-maamittausj\u00e4rjestelm\u00e4t tarjoavat tarkkoja mittauksia tonttien kartoittamiseen, kiinteist\u00f6rajojen m\u00e4\u00e4ritt\u00e4miseen ja maarekisteritietojen tallentamiseen, mik\u00e4 on v\u00e4ltt\u00e4m\u00e4t\u00f6nt\u00e4 kiinteist\u00f6jen hallinnoinnin ja oikeudellisten tarkoitusten kannalta.<\/li>\n<li class=\"li1\"><b>Ymp\u00e4rist\u00f6tutkimus<\/b>: GPS-j\u00e4rjestelmien avulla ymp\u00e4rist\u00f6tieteilij\u00e4t voivat seurata maiseman, kasviston ja el\u00e4imist\u00f6n muutoksia, mik\u00e4 on t\u00e4rke\u00e4\u00e4 ekosysteemien suojelun, luonnonvarojen hallinnan ja ymp\u00e4rist\u00f6muutosten ymm\u00e4rt\u00e4misen kannalta.<\/li>\n<li class=\"li1\"><b>Maaper\u00e4tutkimus<\/b>: Maaper\u00e4tieteilij\u00e4t k\u00e4ytt\u00e4v\u00e4t GPS-j\u00e4rjestelmi\u00e4 analysoidakseen maaper\u00e4n olosuhteita, maaper\u00e4n ominaisuuksia ja maank\u00e4ytt\u00f6\u00e4, mik\u00e4 on t\u00e4rke\u00e4\u00e4 maatalousk\u00e4yt\u00e4nt\u00f6jen, maaper\u00e4n eroosion hallinnan ja maan arvioinnin kannalta.<\/li>\n<li class=\"li1\"><b>Kiinteist\u00f6jen hallinta<\/b>: Kiinteist\u00f6alan ammattilaisille GPS-j\u00e4rjestelm\u00e4t tarjoavat tarkan tavan kartoittaa kiinteist\u00f6jen rajoja, tallentaa tietoja ja helpottaa kiinteist\u00f6kauppoja tarjoamalla yksityiskohtaisia karttoja ja mittauksia.<\/li>\n<li class=\"li1\"><b>Sotilaalliset operaatiot<\/b>: Armeijassa GPS-j\u00e4rjestelmi\u00e4 k\u00e4ytet\u00e4\u00e4n strategisten paikkojen kartoittamiseen, joukkojen liikkeiden koordinointiin ja navigoinnin tukemiseen sotilasoperaatioiden ja -teht\u00e4vien aikana.<\/li>\n<li class=\"li1\"><b>Kaupunkikehitys<\/b>: Kaupunkialueilla GPS-j\u00e4rjestelmi\u00e4 k\u00e4ytet\u00e4\u00e4n uusien asuinalueiden suunnittelussa, infrastruktuurihankkeiden kehitt\u00e4misess\u00e4 ja kasvavan v\u00e4est\u00f6n kest\u00e4v\u00e4n kaupunkikehityksen edist\u00e4misess\u00e4.<\/li>\n<\/ul>\n<p>&nbsp;<\/p>\n<p class=\"p1\"><b>Sis\u00e4lt\u00f6<\/b><\/p>\n<p class=\"p1\">Pro GPS -mittausj\u00e4rjestelm\u00e4 koostuu seuraavista osista:<\/p>\n<ul class=\"ul1\">\n<li class=\"li1\"><b>PNR21i (kallistus):<\/b> Mahdollistaa tarkat mittaukset eri kulmista, jopa vaikeasti saavutettavissa paikoissa.<\/li>\n<li class=\"li1\"><b>T8-20 (kest\u00e4v\u00e4 Android-tabletti):<\/b> Tarjoaa edistyksellisi\u00e4 ominaisuuksia ja sujuvaa suorituskyky\u00e4 tehokkaaseen ty\u00f6skentelyyn eri sovellusten ja ty\u00f6kalujen kanssa.<\/li>\n<li class=\"li1\"><b>Apglos Survey Wizard -tilauspaketti<\/b>: Tarjoaa p\u00e4\u00e4syn s\u00e4\u00e4nn\u00f6llisiin p\u00e4ivityksiin, uusiin ominaisuuksiin ja parannuksiin, jotta pysyt aina ajan tasalla maanmittaustekniikan viimeisimm\u00e4st\u00e4 kehityksest\u00e4.<\/li>\n<li class=\"li1\"><b>Tabletin pidike<\/b>: Tarjoaa turvallisen ja vakaan tabletin kiinnityksen handsfree-mittauksia varten.<\/li>\n<li class=\"li1\"><b>GPS-johtotanko 2,0 m, hiili, ruuvattava<\/b>: Kevyt ja kest\u00e4v\u00e4 rakenne, helppo asentaa ja s\u00e4\u00e4t\u00e4\u00e4 erilaisiin mittaustarpeisiin.<\/li>\n<li class=\"li1\"><b>Laukku suuri<\/b>: Tarjoaa riitt\u00e4v\u00e4sti tilaa kaikkien komponenttien turvalliseen s\u00e4ilytt\u00e4miseen ja niiden helppoon kuljettamiseen eri paikkoihin.<\/li>\n<\/ul>\n<p class=\"p1\">Ammattilaisen tarkkuus k\u00e4den ulottuvilla: Pro GPS -j\u00e4rjestelm\u00e4n avulla voit taata tarkat mittaukset my\u00f6s haastavimmissa olosuhteissa. Luotat sen edistyksellisiin ominaisuuksiin ja luotettavaan suorituskykyyn, jotta mik\u00e4 tahansa maanmittaushanke onnistuu.<\/p>","protected":false},"excerpt":{"rendered":"<p class=\"p1\">Tutustu Pro GPS-mittausj\u00e4rjestelm\u00e4n tarkkuuteen ProNivo PNR21i:n avulla! T\u00e4m\u00e4 edistyksellinen j\u00e4rjestelm\u00e4, joka sis\u00e4lt\u00e4\u00e4 ProNivon, PNR21i:n, T8-20:n (kest\u00e4v\u00e4 Android-tabletti), Apglos Survey Wizard -tilauspaketin, k\u00e4tev\u00e4n tabletin pidikkeen, ruuvattavan 2,0 metrin hiilikuituisen GPS-johtotangon ja suuren laukun helppoa kuljetusta varten, tarjoaa ammattimaista tarkkuutta maanmittaukseen. Innovatiivisen PNR21i:n ansiosta GPS-johtotanko voidaan kallistaa, jotta mittaukset voidaan suorittaa tarkasti napan k\u00e4rjess\u00e4.<\/p>","protected":false},"featured_media":4194,"template":"","meta":[],"product_brand":[],"product_cat":[19,38],"product_tag":[],"class_list":{"0":"post-4235","1":"product","2":"type-product","3":"status-publish","4":"has-post-thumbnail","6":"product_cat-gps-meettoestel","7":"product_cat-gps-ontvangers","8":"entry","10":"first","11":"instock","12":"featured","13":"taxable","14":"shipping-taxable","15":"purchasable","16":"product-type-simple"},"yoast_head":"<!-- This site is optimized with the Yoast SEO plugin v26.3 - https:\/\/yoast.com\/wordpress\/plugins\/seo\/ -->\n<title>Pro GPS meetsysteem - GPS-SYSTEM.SE<\/title>\n<meta name=\"robots\" content=\"index, follow, max-snippet:-1, max-image-preview:large, max-video-preview:-1\" \/>\n<link rel=\"canonical\" href=\"https:\/\/gps-system.se\/fi\/tuote\/pro-gps-mittausjarjestelma\/\" \/>\n<meta property=\"og:locale\" content=\"fi_FI\" \/>\n<meta property=\"og:type\" content=\"article\" \/>\n<meta property=\"og:title\" content=\"Pro GPS meetsysteem - GPS-SYSTEM.SE\" \/>\n<meta property=\"og:description\" content=\"Ontdek de precisie van het Pro GPS meetsysteem met de ProNivo PNR21i! Dit geavanceerde systeem, inclusief de ProNivo, PNR21i, T8-20 (robuuste Android tablet), Apglos Survey Wizard abonnementenpakket, een handige tablethouder, een schroefbare GPS loodstaaf van 2,0 m in carbon en een grote tas voor gemakkelijk transport, biedt professionele precisie bij landmetingen. De innovatieve PNR21i maakt het mogelijk om de GPS loodstaaf scheef te houden voor nauwkeurige metingen bij de paalpunt.\" \/>\n<meta property=\"og:url\" content=\"https:\/\/gps-system.se\/fi\/tuote\/pro-gps-mittausjarjestelma\/\" \/>\n<meta property=\"og:site_name\" content=\"GPS-SYSTEM.SE\" \/>\n<meta property=\"article:modified_time\" content=\"2025-11-29T20:46:43+00:00\" \/>\n<meta property=\"og:image\" content=\"https:\/\/gps-system.se\/wp-content\/uploads\/2024\/02\/Pro-voorkant.png\" \/>\n\t<meta property=\"og:image:width\" content=\"1200\" \/>\n\t<meta property=\"og:image:height\" content=\"1200\" \/>\n\t<meta property=\"og:image:type\" content=\"image\/png\" \/>\n<meta name=\"twitter:card\" content=\"summary_large_image\" \/>\n<meta name=\"twitter:label1\" content=\"Est. reading time\" \/>\n\t<meta name=\"twitter:data1\" content=\"2 minuuttia\" \/>\n<script type=\"application\/ld+json\" class=\"yoast-schema-graph\">{\"@context\":\"https:\/\/schema.org\",\"@graph\":[{\"@type\":\"WebPage\",\"@id\":\"https:\/\/gps-system.se\/product\/pro-gps-meetsysteem\/\",\"url\":\"https:\/\/gps-system.se\/product\/pro-gps-meetsysteem\/\",\"name\":\"Pro GPS meetsysteem - GPS-SYSTEM.SE\",\"isPartOf\":{\"@id\":\"https:\/\/gps-system.se\/#website\"},\"primaryImageOfPage\":{\"@id\":\"https:\/\/gps-system.se\/product\/pro-gps-meetsysteem\/#primaryimage\"},\"image\":{\"@id\":\"https:\/\/gps-system.se\/product\/pro-gps-meetsysteem\/#primaryimage\"},\"thumbnailUrl\":\"https:\/\/gps-system.se\/wp-content\/uploads\/2024\/02\/Pro-voorkant.png\",\"datePublished\":\"2024-02-29T15:05:52+00:00\",\"dateModified\":\"2025-11-29T20:46:43+00:00\",\"breadcrumb\":{\"@id\":\"https:\/\/gps-system.se\/product\/pro-gps-meetsysteem\/#breadcrumb\"},\"inLanguage\":\"fi\",\"potentialAction\":[{\"@type\":\"ReadAction\",\"target\":[\"https:\/\/gps-system.se\/product\/pro-gps-meetsysteem\/\"]}]},{\"@type\":\"ImageObject\",\"inLanguage\":\"fi\",\"@id\":\"https:\/\/gps-system.se\/product\/pro-gps-meetsysteem\/#primaryimage\",\"url\":\"https:\/\/gps-system.se\/wp-content\/uploads\/2024\/02\/Pro-voorkant.png\",\"contentUrl\":\"https:\/\/gps-system.se\/wp-content\/uploads\/2024\/02\/Pro-voorkant.png\",\"width\":1200,\"height\":1200},{\"@type\":\"BreadcrumbList\",\"@id\":\"https:\/\/gps-system.se\/product\/pro-gps-meetsysteem\/#breadcrumb\",\"itemListElement\":[{\"@type\":\"ListItem\",\"position\":1,\"name\":\"Home\",\"item\":\"https:\/\/gps-system.se\/\"},{\"@type\":\"ListItem\",\"position\":2,\"name\":\"Producten\",\"item\":\"https:\/\/gps-system.se\/winkel\/\"},{\"@type\":\"ListItem\",\"position\":3,\"name\":\"Pro GPS meetsysteem\"}]},{\"@type\":\"WebSite\",\"@id\":\"https:\/\/gps-system.se\/#website\",\"url\":\"https:\/\/gps-system.se\/\",\"name\":\"GPS-SYSTEMS\",\"description\":\"GPS sytems for everyone\",\"publisher\":{\"@id\":\"https:\/\/gps-system.se\/#organization\"},\"potentialAction\":[{\"@type\":\"SearchAction\",\"target\":{\"@type\":\"EntryPoint\",\"urlTemplate\":\"https:\/\/gps-system.se\/?s={search_term_string}\"},\"query-input\":{\"@type\":\"PropertyValueSpecification\",\"valueRequired\":true,\"valueName\":\"search_term_string\"}}],\"inLanguage\":\"fi\"},{\"@type\":\"Organization\",\"@id\":\"https:\/\/gps-system.se\/#organization\",\"name\":\"GPS-SYSTEMS Sweden\",\"url\":\"https:\/\/gps-system.se\/\",\"logo\":{\"@type\":\"ImageObject\",\"inLanguage\":\"fi\",\"@id\":\"https:\/\/gps-system.se\/#\/schema\/logo\/image\/\",\"url\":\"https:\/\/gps-system.se\/wp-content\/uploads\/2023\/11\/fulllogo-1.png\",\"contentUrl\":\"https:\/\/gps-system.se\/wp-content\/uploads\/2023\/11\/fulllogo-1.png\",\"width\":1280,\"height\":1024,\"caption\":\"GPS-SYSTEMS Sweden\"},\"image\":{\"@id\":\"https:\/\/gps-system.se\/#\/schema\/logo\/image\/\"},\"sameAs\":[\"https:\/\/www.linkedin.com\/in\/roland-van-joolen-a909b716\/\"]}]}<\/script>\n<!-- \/ Yoast SEO plugin. -->","yoast_head_json":{"title":"Pro GPS-mittausj\u00e4rjestelm\u00e4 - GPS-SYSTEM.SE","robots":{"index":"index","follow":"follow","max-snippet":"max-snippet:-1","max-image-preview":"max-image-preview:large","max-video-preview":"max-video-preview:-1"},"canonical":"https:\/\/gps-system.se\/fi\/tuote\/pro-gps-mittausjarjestelma\/","og_locale":"fi_FI","og_type":"article","og_title":"Pro GPS meetsysteem - GPS-SYSTEM.SE","og_description":"Ontdek de precisie van het Pro GPS meetsysteem met de ProNivo PNR21i! Dit geavanceerde systeem, inclusief de ProNivo, PNR21i, T8-20 (robuuste Android tablet), Apglos Survey Wizard abonnementenpakket, een handige tablethouder, een schroefbare GPS loodstaaf van 2,0 m in carbon en een grote tas voor gemakkelijk transport, biedt professionele precisie bij landmetingen. De innovatieve PNR21i maakt het mogelijk om de GPS loodstaaf scheef te houden voor nauwkeurige metingen bij de paalpunt.","og_url":"https:\/\/gps-system.se\/fi\/tuote\/pro-gps-mittausjarjestelma\/","og_site_name":"GPS-SYSTEM.SE","article_modified_time":"2025-11-29T20:46:43+00:00","og_image":[{"width":1200,"height":1200,"url":"https:\/\/gps-system.se\/wp-content\/uploads\/2024\/02\/Pro-voorkant.png","type":"image\/png"}],"twitter_card":"summary_large_image","twitter_misc":{"Est. reading time":"2 minuuttia"},"schema":{"@context":"https:\/\/schema.org","@graph":[{"@type":"WebPage","@id":"https:\/\/gps-system.se\/product\/pro-gps-meetsysteem\/","url":"https:\/\/gps-system.se\/product\/pro-gps-meetsysteem\/","name":"Pro GPS-mittausj\u00e4rjestelm\u00e4 - GPS-SYSTEM.SE","isPartOf":{"@id":"https:\/\/gps-system.se\/#website"},"primaryImageOfPage":{"@id":"https:\/\/gps-system.se\/product\/pro-gps-meetsysteem\/#primaryimage"},"image":{"@id":"https:\/\/gps-system.se\/product\/pro-gps-meetsysteem\/#primaryimage"},"thumbnailUrl":"https:\/\/gps-system.se\/wp-content\/uploads\/2024\/02\/Pro-voorkant.png","datePublished":"2024-02-29T15:05:52+00:00","dateModified":"2025-11-29T20:46:43+00:00","breadcrumb":{"@id":"https:\/\/gps-system.se\/product\/pro-gps-meetsysteem\/#breadcrumb"},"inLanguage":"fi","potentialAction":[{"@type":"ReadAction","target":["https:\/\/gps-system.se\/product\/pro-gps-meetsysteem\/"]}]},{"@type":"ImageObject","inLanguage":"fi","@id":"https:\/\/gps-system.se\/product\/pro-gps-meetsysteem\/#primaryimage","url":"https:\/\/gps-system.se\/wp-content\/uploads\/2024\/02\/Pro-voorkant.png","contentUrl":"https:\/\/gps-system.se\/wp-content\/uploads\/2024\/02\/Pro-voorkant.png","width":1200,"height":1200},{"@type":"BreadcrumbList","@id":"https:\/\/gps-system.se\/product\/pro-gps-meetsysteem\/#breadcrumb","itemListElement":[{"@type":"ListItem","position":1,"name":"Home","item":"https:\/\/gps-system.se\/"},{"@type":"ListItem","position":2,"name":"Producten","item":"https:\/\/gps-system.se\/winkel\/"},{"@type":"ListItem","position":3,"name":"Pro GPS meetsysteem"}]},{"@type":"WebSite","@id":"https:\/\/gps-system.se\/#website","url":"https:\/\/gps-system.se\/","name":"GPS-J\u00c4RJESTELM\u00c4T","description":"GPS-j\u00e4rjestelm\u00e4t kaikille","publisher":{"@id":"https:\/\/gps-system.se\/#organization"},"potentialAction":[{"@type":"SearchAction","target":{"@type":"EntryPoint","urlTemplate":"https:\/\/gps-system.se\/?s={search_term_string}"},"query-input":{"@type":"PropertyValueSpecification","valueRequired":true,"valueName":"search_term_string"}}],"inLanguage":"fi"},{"@type":"Organization","@id":"https:\/\/gps-system.se\/#organization","name":"GPS-SYSTEMS Ruotsi","url":"https:\/\/gps-system.se\/","logo":{"@type":"ImageObject","inLanguage":"fi","@id":"https:\/\/gps-system.se\/#\/schema\/logo\/image\/","url":"https:\/\/gps-system.se\/wp-content\/uploads\/2023\/11\/fulllogo-1.png","contentUrl":"https:\/\/gps-system.se\/wp-content\/uploads\/2023\/11\/fulllogo-1.png","width":1280,"height":1024,"caption":"GPS-SYSTEMS Sweden"},"image":{"@id":"https:\/\/gps-system.se\/#\/schema\/logo\/image\/"},"sameAs":["https:\/\/www.linkedin.com\/in\/roland-van-joolen-a909b716\/"]}]}},"_links":{"self":[{"href":"https:\/\/gps-system.se\/fi\/wp-json\/wp\/v2\/product\/4235","targetHints":{"allow":["GET"]}}],"collection":[{"href":"https:\/\/gps-system.se\/fi\/wp-json\/wp\/v2\/product"}],"about":[{"href":"https:\/\/gps-system.se\/fi\/wp-json\/wp\/v2\/types\/product"}],"version-history":[{"count":1,"href":"https:\/\/gps-system.se\/fi\/wp-json\/wp\/v2\/product\/4235\/revisions"}],"predecessor-version":[{"id":4236,"href":"https:\/\/gps-system.se\/fi\/wp-json\/wp\/v2\/product\/4235\/revisions\/4236"}],"wp:featuredmedia":[{"embeddable":true,"href":"https:\/\/gps-system.se\/fi\/wp-json\/wp\/v2\/media\/4194"}],"wp:attachment":[{"href":"https:\/\/gps-system.se\/fi\/wp-json\/wp\/v2\/media?parent=4235"}],"wp:term":[{"taxonomy":"product_brand","embeddable":true,"href":"https:\/\/gps-system.se\/fi\/wp-json\/wp\/v2\/product_brand?post=4235"},{"taxonomy":"product_cat","embeddable":true,"href":"https:\/\/gps-system.se\/fi\/wp-json\/wp\/v2\/product_cat?post=4235"},{"taxonomy":"product_tag","embeddable":true,"href":"https:\/\/gps-system.se\/fi\/wp-json\/wp\/v2\/product_tag?post=4235"}],"curies":[{"name":"wp","href":"https:\/\/api.w.org\/{rel}","templated":true}]}}