{"id":4321,"date":"2024-03-20T14:09:03","date_gmt":"2024-03-20T14:09:03","guid":{"rendered":"https:\/\/gps-system.se\/?page_id=4321"},"modified":"2025-12-05T07:58:44","modified_gmt":"2025-12-05T07:58:44","slug":"toimii","status":"publish","type":"page","link":"https:\/\/gps-system.se\/fi\/toimii\/","title":{"rendered":"Vuokraa"},"content":{"rendered":"<div data-elementor-type=\"wp-page\" data-elementor-id=\"4321\" class=\"elementor elementor-4321\" data-elementor-post-type=\"page\">\n\t\t\t\t\t\t<section class=\"elementor-section elementor-top-section elementor-element elementor-element-bd823d6 elementor-section-boxed elementor-section-height-default elementor-section-height-default\" data-id=\"bd823d6\" data-element_type=\"section\">\n\t\t\t\t\t\t<div class=\"elementor-container elementor-column-gap-default\">\n\t\t\t\t\t<div class=\"elementor-column elementor-col-100 elementor-top-column elementor-element elementor-element-4178de3\" data-id=\"4178de3\" data-element_type=\"column\">\n\t\t\t<div class=\"elementor-widget-wrap elementor-element-populated\">\n\t\t\t\t\t\t<div class=\"elementor-element elementor-element-52e727b elementor-widget elementor-widget-heading\" data-id=\"52e727b\" data-element_type=\"widget\" data-widget_type=\"heading.default\">\n\t\t\t\t<div class=\"elementor-widget-container\">\n\t\t\t\t\t<h2 class=\"elementor-heading-title elementor-size-default\">Vuokraa GPS-mittausj\u00e4rjestelm\u00e4si<\/h2>\t\t\t\t<\/div>\n\t\t\t\t<\/div>\n\t\t\t\t<div class=\"elementor-element elementor-element-d71cde4 elementor-widget elementor-widget-text-editor\" data-id=\"d71cde4\" data-element_type=\"widget\" data-widget_type=\"text-editor.default\">\n\t\t\t\t<div class=\"elementor-widget-container\">\n\t\t\t\t\t\t\t\t\t<p>Tutustu tarkkuuden vapauteen GPS-vuokrausohjelmamme avulla!&nbsp;<\/p>\n<p><br><\/p>\n<p>Onko sinulla projekti, jossa tarkat mittaukset ovat ratkaisevan t\u00e4rkeit\u00e4?&nbsp;<\/p>\n<p>Olipa kyse maanmittauksesta, rakennushankkeista tai henkil\u00f6kohtaisesta haasteesta, meid\u00e4n kanssamme&nbsp;<\/p>\n<p>ammattimaisen GPS-j\u00e4rjestelm\u00e4n avulla voit olla varma huippulaadusta ja tarkkuudesta.<\/p>\n<p>Vain 1 500 kruunulla* p\u00e4iv\u00e4ss\u00e4 saat k\u00e4ytt\u00f6\u00f6si kehittyneen GPS-teknologian, joka tekee monimutkaisimmistakin mittauksista lastenleikki\u00e4. Ja vain 5 500 kruunun takuumaksulla mik\u00e4\u00e4n ei est\u00e4 suunnitelmiesi toteuttamista.<\/p>\n<p><\/p>\n<p><br><\/p>\n<p>Paras? Mukavuutesi on etusijalla.&nbsp;<\/p>\n<p>Varaa GPS-j\u00e4rjestelm\u00e4 eritt\u00e4in nopeasti ja helposti WhatsAppin kautta.&nbsp;<\/p>\n<p>Suuren varastomme ansiosta voit aloittaa projektisi heti.&nbsp;<\/p>\n<p>Ei odottelua, ei vaivaa, vain vapaus mitata tarvitsemallasi tarkkuudella.<\/p>\n<p><\/p>\n<p><br><\/p>\n<p>Miksi odottaa? Aloita projektisi toteuttaminen jo t\u00e4n\u00e4\u00e4n niiden ansaitsemalla tarkkuudella.&nbsp;<\/p>\n<p>Ota yhteytt\u00e4 ja selvit\u00e4, miten GPS-vuokrauspalvelumme voi auttaa!<\/p>\n<p><br><\/p>\n<p><\/p>\n<p>* Ilman toimituskuluja<\/p>\n<p><\/p>\t\t\t\t\t\t\t\t<\/div>\n\t\t\t\t<\/div>\n\t\t\t\t\t<\/div>\n\t\t<\/div>\n\t\t\t\t\t<\/div>\n\t\t<\/section>\n\t\t\t\t<\/div>","protected":false},"excerpt":{"rendered":"<p>Vuokraa GPS-mittausj\u00e4rjestelm\u00e4 Tutustu tarkkuuden vapauteen GPS-vuokrausohjelmamme avulla!  Onko sinulla projekti, jossa tarkat mittaukset ovat ratkaisevan t\u00e4rkeit\u00e4?  Olipa kyse maanmittauksesta, rakennushankkeista tai henkil\u00f6kohtaisesta haasteesta, ammattimaisella GPS-j\u00e4rjestelm\u00e4ll\u00e4mme takaat huippulaadun ja tarkkuuden. Vain 1 500 kruunulla* p\u00e4iv\u00e4ss\u00e4 saat k\u00e4ytt\u00f6\u00f6si edistyksellist\u00e4 GPS-tekniikkaa,... <a class=\"more-link\" href=\"https:\/\/gps-system.se\/fi\/toimii\/\">Jatka lukemista <span class=\"screen-reader-text\">Vuokraa<\/span><\/a><\/p>","protected":false},"author":1,"featured_media":0,"parent":0,"menu_order":0,"comment_status":"closed","ping_status":"closed","template":"elementor_header_footer","meta":{"footnotes":""},"class_list":["post-4321","page","type-page","status-publish","hentry","entry"],"yoast_head":"<!-- This site is optimized with the Yoast SEO plugin v26.3 - https:\/\/yoast.com\/wordpress\/plugins\/seo\/ -->\n<title>Rent - GPS-SYSTEM.SE<\/title>\n<meta name=\"robots\" content=\"index, follow, max-snippet:-1, max-image-preview:large, max-video-preview:-1\" \/>\n<link rel=\"canonical\" href=\"https:\/\/gps-system.se\/fi\/toimii\/\" \/>\n<meta property=\"og:locale\" content=\"fi_FI\" \/>\n<meta property=\"og:type\" content=\"article\" \/>\n<meta property=\"og:title\" content=\"Rent - GPS-SYSTEM.SE\" \/>\n<meta property=\"og:description\" content=\"Huur uw GPS meetsysteem Ontdek de vrijheid van precisie met ons GPS-huurprogramma!&nbsp; Heeft u een project waarbij nauwkeurige metingen cruciaal zijn?&nbsp; Of het nu gaat om landmeting, bouwprojecten of een persoonlijke uitdaging, met ons&nbsp; professionele GPS-systeem bent u verzekerd van topkwaliteit en precisie. Voor slechts 1.500 SEK* per dag kunt u beschikken over geavanceerde GPS-technologie,&hellip; Continue reading Rent\" \/>\n<meta property=\"og:url\" content=\"https:\/\/gps-system.se\/fi\/toimii\/\" \/>\n<meta property=\"og:site_name\" content=\"GPS-SYSTEM.SE\" \/>\n<meta property=\"article:modified_time\" content=\"2025-12-05T07:58:44+00:00\" \/>\n<meta name=\"twitter:card\" content=\"summary_large_image\" \/>\n<script type=\"application\/ld+json\" class=\"yoast-schema-graph\">{\"@context\":\"https:\/\/schema.org\",\"@graph\":[{\"@type\":\"WebPage\",\"@id\":\"https:\/\/gps-system.se\/en\/runs\/\",\"url\":\"https:\/\/gps-system.se\/en\/runs\/\",\"name\":\"Rent - GPS-SYSTEM.SE\",\"isPartOf\":{\"@id\":\"https:\/\/gps-system.se\/#website\"},\"datePublished\":\"2024-03-20T14:09:03+00:00\",\"dateModified\":\"2025-12-05T07:58:44+00:00\",\"breadcrumb\":{\"@id\":\"https:\/\/gps-system.se\/en\/runs\/#breadcrumb\"},\"inLanguage\":\"fi\",\"potentialAction\":[{\"@type\":\"ReadAction\",\"target\":[\"https:\/\/gps-system.se\/en\/runs\/\"]}]},{\"@type\":\"BreadcrumbList\",\"@id\":\"https:\/\/gps-system.se\/en\/runs\/#breadcrumb\",\"itemListElement\":[{\"@type\":\"ListItem\",\"position\":1,\"name\":\"Home\",\"item\":\"https:\/\/gps-system.se\/\"},{\"@type\":\"ListItem\",\"position\":2,\"name\":\"Rent\"}]},{\"@type\":\"WebSite\",\"@id\":\"https:\/\/gps-system.se\/#website\",\"url\":\"https:\/\/gps-system.se\/\",\"name\":\"GPS-SYSTEMS\",\"description\":\"GPS sytems for everyone\",\"publisher\":{\"@id\":\"https:\/\/gps-system.se\/#organization\"},\"potentialAction\":[{\"@type\":\"SearchAction\",\"target\":{\"@type\":\"EntryPoint\",\"urlTemplate\":\"https:\/\/gps-system.se\/?s={search_term_string}\"},\"query-input\":{\"@type\":\"PropertyValueSpecification\",\"valueRequired\":true,\"valueName\":\"search_term_string\"}}],\"inLanguage\":\"fi\"},{\"@type\":\"Organization\",\"@id\":\"https:\/\/gps-system.se\/#organization\",\"name\":\"GPS-SYSTEMS Sweden\",\"url\":\"https:\/\/gps-system.se\/\",\"logo\":{\"@type\":\"ImageObject\",\"inLanguage\":\"fi\",\"@id\":\"https:\/\/gps-system.se\/#\/schema\/logo\/image\/\",\"url\":\"https:\/\/gps-system.se\/wp-content\/uploads\/2023\/11\/fulllogo-1.png\",\"contentUrl\":\"https:\/\/gps-system.se\/wp-content\/uploads\/2023\/11\/fulllogo-1.png\",\"width\":1280,\"height\":1024,\"caption\":\"GPS-SYSTEMS Sweden\"},\"image\":{\"@id\":\"https:\/\/gps-system.se\/#\/schema\/logo\/image\/\"},\"sameAs\":[\"https:\/\/www.linkedin.com\/in\/roland-van-joolen-a909b716\/\"]}]}<\/script>\n<!-- \/ Yoast SEO plugin. -->","yoast_head_json":{"title":"Vuokraus - GPS-SYSTEM.SE","robots":{"index":"index","follow":"follow","max-snippet":"max-snippet:-1","max-image-preview":"max-image-preview:large","max-video-preview":"max-video-preview:-1"},"canonical":"https:\/\/gps-system.se\/fi\/toimii\/","og_locale":"fi_FI","og_type":"article","og_title":"Rent - GPS-SYSTEM.SE","og_description":"Huur uw GPS meetsysteem Ontdek de vrijheid van precisie met ons GPS-huurprogramma!&nbsp; Heeft u een project waarbij nauwkeurige metingen cruciaal zijn?&nbsp; Of het nu gaat om landmeting, bouwprojecten of een persoonlijke uitdaging, met ons&nbsp; professionele GPS-systeem bent u verzekerd van topkwaliteit en precisie. Voor slechts 1.500 SEK* per dag kunt u beschikken over geavanceerde GPS-technologie,&hellip; Continue reading Rent","og_url":"https:\/\/gps-system.se\/fi\/toimii\/","og_site_name":"GPS-SYSTEM.SE","article_modified_time":"2025-12-05T07:58:44+00:00","twitter_card":"summary_large_image","schema":{"@context":"https:\/\/schema.org","@graph":[{"@type":"WebPage","@id":"https:\/\/gps-system.se\/en\/runs\/","url":"https:\/\/gps-system.se\/en\/runs\/","name":"Vuokraus - GPS-SYSTEM.SE","isPartOf":{"@id":"https:\/\/gps-system.se\/#website"},"datePublished":"2024-03-20T14:09:03+00:00","dateModified":"2025-12-05T07:58:44+00:00","breadcrumb":{"@id":"https:\/\/gps-system.se\/en\/runs\/#breadcrumb"},"inLanguage":"fi","potentialAction":[{"@type":"ReadAction","target":["https:\/\/gps-system.se\/en\/runs\/"]}]},{"@type":"BreadcrumbList","@id":"https:\/\/gps-system.se\/en\/runs\/#breadcrumb","itemListElement":[{"@type":"ListItem","position":1,"name":"Home","item":"https:\/\/gps-system.se\/"},{"@type":"ListItem","position":2,"name":"Rent"}]},{"@type":"WebSite","@id":"https:\/\/gps-system.se\/#website","url":"https:\/\/gps-system.se\/","name":"GPS-J\u00c4RJESTELM\u00c4T","description":"GPS-j\u00e4rjestelm\u00e4t kaikille","publisher":{"@id":"https:\/\/gps-system.se\/#organization"},"potentialAction":[{"@type":"SearchAction","target":{"@type":"EntryPoint","urlTemplate":"https:\/\/gps-system.se\/?s={search_term_string}"},"query-input":{"@type":"PropertyValueSpecification","valueRequired":true,"valueName":"search_term_string"}}],"inLanguage":"fi"},{"@type":"Organization","@id":"https:\/\/gps-system.se\/#organization","name":"GPS-SYSTEMS Ruotsi","url":"https:\/\/gps-system.se\/","logo":{"@type":"ImageObject","inLanguage":"fi","@id":"https:\/\/gps-system.se\/#\/schema\/logo\/image\/","url":"https:\/\/gps-system.se\/wp-content\/uploads\/2023\/11\/fulllogo-1.png","contentUrl":"https:\/\/gps-system.se\/wp-content\/uploads\/2023\/11\/fulllogo-1.png","width":1280,"height":1024,"caption":"GPS-SYSTEMS Sweden"},"image":{"@id":"https:\/\/gps-system.se\/#\/schema\/logo\/image\/"},"sameAs":["https:\/\/www.linkedin.com\/in\/roland-van-joolen-a909b716\/"]}]}},"_links":{"self":[{"href":"https:\/\/gps-system.se\/fi\/wp-json\/wp\/v2\/pages\/4321","targetHints":{"allow":["GET"]}}],"collection":[{"href":"https:\/\/gps-system.se\/fi\/wp-json\/wp\/v2\/pages"}],"about":[{"href":"https:\/\/gps-system.se\/fi\/wp-json\/wp\/v2\/types\/page"}],"author":[{"embeddable":true,"href":"https:\/\/gps-system.se\/fi\/wp-json\/wp\/v2\/users\/1"}],"replies":[{"embeddable":true,"href":"https:\/\/gps-system.se\/fi\/wp-json\/wp\/v2\/comments?post=4321"}],"version-history":[{"count":44,"href":"https:\/\/gps-system.se\/fi\/wp-json\/wp\/v2\/pages\/4321\/revisions"}],"predecessor-version":[{"id":5544,"href":"https:\/\/gps-system.se\/fi\/wp-json\/wp\/v2\/pages\/4321\/revisions\/5544"}],"wp:attachment":[{"href":"https:\/\/gps-system.se\/fi\/wp-json\/wp\/v2\/media?parent=4321"}],"curies":[{"name":"wp","href":"https:\/\/api.w.org\/{rel}","templated":true}]}}