{"id":4289,"date":"2024-02-29T16:54:44","date_gmt":"2024-02-29T16:54:44","guid":{"rendered":"https:\/\/gps-system.se\/?post_type=product&#038;p=4289"},"modified":"2025-12-14T18:16:53","modified_gmt":"2025-12-14T18:16:53","slug":"gis-udvidelse","status":"publish","type":"product","link":"https:\/\/gps-system.se\/da\/vare\/gis-udvidelse\/","title":{"rendered":"GIS-udvidelse"},"content":{"rendered":"<p class=\"p1\">F\u00e5 mest muligt ud af din tablet med GIS Expansion Pack. Dette udvidelsess\u00e6t giver din nuv\u00e6rende tablet nye muligheder ved at tilf\u00f8je avancerede m\u00e5leteknologier. Med vores omfattende udvalg af tilbeh\u00f8r kan du nu udf\u00f8re n\u00f8jagtige GIS-m\u00e5linger selv i de mest kr\u00e6vende milj\u00f8er. GIS-udvidelsespakken \u00e5bner d\u00f8ren til pr\u00e6cision og effektivitet, s\u00e5 du kan tage dine projekter til det n\u00e6ste niveau uden behov for ny hardware.<\/p>\n<p>&nbsp;<\/p>\n<p class=\"p1\"><b>Fordele<\/b><\/p>\n<p>&nbsp;<\/p>\n<p class=\"p1\">GIS Extension-pakken giver mange fordele:<\/p>\n<ul class=\"ul1\">\n<li class=\"li1\"><b>H\u00f8j n\u00f8jagtighed<\/b>: Centimetern\u00f8jagtig opm\u00e5ling giver meget h\u00f8j pr\u00e6cision, hvilket er afg\u00f8rende for detaljeret rumlig analyse og kortl\u00e6gning.<\/li>\n<li class=\"li1\"><b>Mere effektiv projektplanl\u00e6gning<\/b>: Med n\u00f8jagtig opm\u00e5ling kan projekter planl\u00e6gges og udf\u00f8res mere effektivt, da planl\u00e6ggere og designere har detaljerede og p\u00e5lidelige data om stedet og dets omgivelser.<\/li>\n<li class=\"li1\"><b>Forbedret rumlig visualisering<\/b>: N\u00f8jagtig opm\u00e5ling bidrager til forbedret rumlig visualisering og pr\u00e6sentation af data, hvilket hj\u00e6lper med at kommunikere resultater og konklusioner effektivt til interessenter.<\/li>\n<li class=\"li1\"><b>Bedre integration med GPS-teknologi<\/b>: Centimetern\u00f8jagtig opm\u00e5ling kan problemfrit integreres med GPS-teknologi, s\u00e5 brugerne kan indsamle og analysere placeringsbaserede data i realtid.<\/li>\n<\/ul>\n<p>&nbsp;<\/p>\n<p class=\"p1\"><b>Anvendelser<\/b><\/p>\n<p>&nbsp;<\/p>\n<p class=\"p1\">GIS Extension-pakken bruges i:<\/p>\n<ul class=\"ul1\">\n<li class=\"li1\"><b>Naturbeskyttelse<\/b>: GIS-systemer bruges til bevarelse af biodiversitet, overv\u00e5gning af \u00f8kologiske habitater og forvaltning af beskyttede omr\u00e5der. Det omfatter identifikation af s\u00e5rbare \u00f8kosystemer, sporing af dyrearter og opretholdelse af den naturlige balance.<\/li>\n<li class=\"li1\"><b>Byens ledelse<\/b>Byens infrastruktur, herunder veje, kloakering og offentlige faciliteter, vedligeholdes effektivt ved hj\u00e6lp af GIS-m\u00e5linger. Det omfatter planl\u00e6gning af vedligeholdelsesarbejder, styring af affaldsindsamling og forbedring af byens service.<\/li>\n<li class=\"li1\"><b>Overv\u00e5gning af milj\u00f8et<\/b>Luftkvalitet, jordforurening og vandstr\u00f8mme overv\u00e5ges med n\u00f8jagtige GIS-m\u00e5linger. Det hj\u00e6lper med at identificere milj\u00f8problemer, evaluere milj\u00f8p\u00e5virkninger og implementere passende milj\u00f8politikker.<\/li>\n<li class=\"li1\"><b>Byfornyelse<\/b>GIS-m\u00e5linger spiller en afg\u00f8rende rolle i genoplivningen af bycentre, genopbygningen af fors\u00f8mte omr\u00e5der og genanvendelsen af ledige arealer. Det omfatter planl\u00e6gning af ombygningsprojekter, forbedring af livskvaliteten og fremme af \u00f8konomisk v\u00e6kst.<\/li>\n<li class=\"li1\"><b>Kultur og fritid<\/b>: Til styring af kulturinstitutioner, fritidsfaciliteter og arrangementer er GIS-m\u00e5linger afg\u00f8rende. Dette omfatter planl\u00e6gning af kulturelle begivenheder, udvikling af fritidsaktiviteter og fremme af turisme.<\/li>\n<li class=\"li1\"><b>Landbrugsforskning<\/b>: GIS-m\u00e5linger er afg\u00f8rende for at evaluere afgr\u00f8deudbytte, landbrugspraksis og jordens sundhed. Det omfatter analyse af jordbundsforhold, planl\u00e6gning af vandingssystemer og forudsigelse af afgr\u00f8deudbytte.<\/li>\n<\/ul>\n<p>&nbsp;<\/p>\n<p class=\"p1\"><b>Indhold<\/b><\/p>\n<p>&nbsp;<\/p>\n<p class=\"p1\">Denne GIS Extension-pakke best\u00e5r af:<\/p>\n<ul class=\"ul1\">\n<li class=\"li1\"><b>Toknav P8<\/b>: Giver avanceret GPS-funktionalitet til n\u00f8jagtig positionering og sporing, s\u00e5 du kan f\u00e5 p\u00e5lidelige lokaliseringsdata til forskellige GIS-applikationer.<\/li>\n<li class=\"li1\"><b>Apglos Position Corrector-abonnementspakke<\/b> SIM-fri: Giver adgang til regelm\u00e6ssige opdateringer og nye funktioner, s\u00e5 du altid er opdateret med den seneste udvikling inden for GIS-teknologi uden behov for et SIM-kort.<\/li>\n<li class=\"li1\"><b>Holder til tablet<\/b>: Giver en stabil og sikker fastg\u00f8relse af din tablet, s\u00e5 du kan arbejde h\u00e5ndfrit og nemt f\u00e5 adgang til dine GIS-applikationer under feltarbejde.<\/li>\n<\/ul>\n<p class=\"p1\">Fleksibilitet og mobilitet: Ved at udvide din eksisterende enhed med GIS-funktioner bevarer du mobiliteten og fleksibiliteten til at udf\u00f8re GIS-opgaver p\u00e5 stedet. Det g\u00f8r feltarbejde, unders\u00f8gelser og dataindsamling mere effektivt og praktisk.<\/p>","protected":false},"excerpt":{"rendered":"<p class=\"p1\">Forbedr dine GIS-muligheder med vores GIS-udvidelsespakke! Med Toknav P8-tabletten, Apglos Position Corrector-abonnementspakken og en praktisk tabletholder er du klar til at udf\u00f8re n\u00f8jagtige GIS-m\u00e5linger med din egen tablet. Denne pakke giver dig den fleksibilitet og pr\u00e6cision, du har brug for til alle dine GIS-projekter. Tr\u00e6d ind i en verden af GIS-udvidelser!<\/p>","protected":false},"featured_media":4180,"template":"","meta":[],"product_brand":[],"product_cat":[19,38],"product_tag":[],"class_list":{"0":"post-4289","1":"product","2":"type-product","3":"status-publish","4":"has-post-thumbnail","6":"product_cat-gps-meettoestel","7":"product_cat-gps-ontvangers","8":"entry","10":"first","11":"instock","12":"taxable","13":"shipping-taxable","14":"purchasable","15":"product-type-simple"},"yoast_head":"<!-- This site is optimized with the Yoast SEO plugin v26.3 - https:\/\/yoast.com\/wordpress\/plugins\/seo\/ -->\n<title>GIS Uitbreiding - GPS-SYSTEM.SE<\/title>\n<meta name=\"robots\" content=\"index, follow, max-snippet:-1, max-image-preview:large, max-video-preview:-1\" \/>\n<link rel=\"canonical\" href=\"https:\/\/gps-system.se\/da\/vare\/gis-udvidelse\/\" \/>\n<meta property=\"og:locale\" content=\"da_DK\" \/>\n<meta property=\"og:type\" content=\"article\" \/>\n<meta property=\"og:title\" content=\"GIS Uitbreiding - GPS-SYSTEM.SE\" \/>\n<meta property=\"og:description\" content=\"Versterk je GIS-mogelijkheden met ons GIS Uitbreiding pakket! Met de Toknav P8 Tablet, het Apglos Position Corrector abonnementenpakket en een praktische tablethouder, ben je klaar om nauwkeurige GIS-metingen uit te voeren met je eigen tablet. Dit pakket biedt de flexibiliteit en precisie die je nodig hebt voor al je GIS-projecten. Stap in de wereld van GIS-uitbreiding!\" \/>\n<meta property=\"og:url\" content=\"https:\/\/gps-system.se\/da\/vare\/gis-udvidelse\/\" \/>\n<meta property=\"og:site_name\" content=\"GPS-SYSTEM.SE\" \/>\n<meta property=\"article:modified_time\" content=\"2025-12-14T18:16:53+00:00\" \/>\n<meta property=\"og:image\" content=\"https:\/\/gps-system.se\/wp-content\/uploads\/2024\/02\/GIS-Uitbreiding-voorkant.png\" \/>\n\t<meta property=\"og:image:width\" content=\"1200\" \/>\n\t<meta property=\"og:image:height\" content=\"1200\" \/>\n\t<meta property=\"og:image:type\" content=\"image\/png\" \/>\n<meta name=\"twitter:card\" content=\"summary_large_image\" \/>\n<meta name=\"twitter:label1\" content=\"Estimeret l\u00e6setid\" \/>\n\t<meta name=\"twitter:data1\" content=\"3 minutter\" \/>\n<script type=\"application\/ld+json\" class=\"yoast-schema-graph\">{\"@context\":\"https:\/\/schema.org\",\"@graph\":[{\"@type\":\"WebPage\",\"@id\":\"https:\/\/gps-system.se\/product\/gis-uitbreiding\/\",\"url\":\"https:\/\/gps-system.se\/product\/gis-uitbreiding\/\",\"name\":\"GIS Uitbreiding - GPS-SYSTEM.SE\",\"isPartOf\":{\"@id\":\"https:\/\/gps-system.se\/#website\"},\"primaryImageOfPage\":{\"@id\":\"https:\/\/gps-system.se\/product\/gis-uitbreiding\/#primaryimage\"},\"image\":{\"@id\":\"https:\/\/gps-system.se\/product\/gis-uitbreiding\/#primaryimage\"},\"thumbnailUrl\":\"https:\/\/gps-system.se\/wp-content\/uploads\/2024\/02\/GIS-Uitbreiding-voorkant.png\",\"datePublished\":\"2024-02-29T16:54:44+00:00\",\"dateModified\":\"2025-12-14T18:16:53+00:00\",\"breadcrumb\":{\"@id\":\"https:\/\/gps-system.se\/product\/gis-uitbreiding\/#breadcrumb\"},\"inLanguage\":\"da-DK\",\"potentialAction\":[{\"@type\":\"ReadAction\",\"target\":[\"https:\/\/gps-system.se\/product\/gis-uitbreiding\/\"]}]},{\"@type\":\"ImageObject\",\"inLanguage\":\"da-DK\",\"@id\":\"https:\/\/gps-system.se\/product\/gis-uitbreiding\/#primaryimage\",\"url\":\"https:\/\/gps-system.se\/wp-content\/uploads\/2024\/02\/GIS-Uitbreiding-voorkant.png\",\"contentUrl\":\"https:\/\/gps-system.se\/wp-content\/uploads\/2024\/02\/GIS-Uitbreiding-voorkant.png\",\"width\":1200,\"height\":1200},{\"@type\":\"BreadcrumbList\",\"@id\":\"https:\/\/gps-system.se\/product\/gis-uitbreiding\/#breadcrumb\",\"itemListElement\":[{\"@type\":\"ListItem\",\"position\":1,\"name\":\"Home\",\"item\":\"https:\/\/gps-system.se\/\"},{\"@type\":\"ListItem\",\"position\":2,\"name\":\"Producten\",\"item\":\"https:\/\/gps-system.se\/winkel\/\"},{\"@type\":\"ListItem\",\"position\":3,\"name\":\"GIS Uitbreiding\"}]},{\"@type\":\"WebSite\",\"@id\":\"https:\/\/gps-system.se\/#website\",\"url\":\"https:\/\/gps-system.se\/\",\"name\":\"GPS-SYSTEMS\",\"description\":\"GPS sytems for everyone\",\"publisher\":{\"@id\":\"https:\/\/gps-system.se\/#organization\"},\"potentialAction\":[{\"@type\":\"SearchAction\",\"target\":{\"@type\":\"EntryPoint\",\"urlTemplate\":\"https:\/\/gps-system.se\/?s={search_term_string}\"},\"query-input\":{\"@type\":\"PropertyValueSpecification\",\"valueRequired\":true,\"valueName\":\"search_term_string\"}}],\"inLanguage\":\"da-DK\"},{\"@type\":\"Organization\",\"@id\":\"https:\/\/gps-system.se\/#organization\",\"name\":\"GPS-SYSTEMS Sweden\",\"url\":\"https:\/\/gps-system.se\/\",\"logo\":{\"@type\":\"ImageObject\",\"inLanguage\":\"da-DK\",\"@id\":\"https:\/\/gps-system.se\/#\/schema\/logo\/image\/\",\"url\":\"https:\/\/gps-system.se\/wp-content\/uploads\/2023\/11\/fulllogo-1.png\",\"contentUrl\":\"https:\/\/gps-system.se\/wp-content\/uploads\/2023\/11\/fulllogo-1.png\",\"width\":1280,\"height\":1024,\"caption\":\"GPS-SYSTEMS Sweden\"},\"image\":{\"@id\":\"https:\/\/gps-system.se\/#\/schema\/logo\/image\/\"},\"sameAs\":[\"https:\/\/www.linkedin.com\/in\/roland-van-joolen-a909b716\/\"]}]}<\/script>\n<!-- \/ Yoast SEO plugin. -->","yoast_head_json":{"title":"GIS-udvidelse - GPS-SYSTEM.SE","robots":{"index":"index","follow":"follow","max-snippet":"max-snippet:-1","max-image-preview":"max-image-preview:large","max-video-preview":"max-video-preview:-1"},"canonical":"https:\/\/gps-system.se\/da\/vare\/gis-udvidelse\/","og_locale":"da_DK","og_type":"article","og_title":"GIS Uitbreiding - GPS-SYSTEM.SE","og_description":"Versterk je GIS-mogelijkheden met ons GIS Uitbreiding pakket! Met de Toknav P8 Tablet, het Apglos Position Corrector abonnementenpakket en een praktische tablethouder, ben je klaar om nauwkeurige GIS-metingen uit te voeren met je eigen tablet. Dit pakket biedt de flexibiliteit en precisie die je nodig hebt voor al je GIS-projecten. Stap in de wereld van GIS-uitbreiding!","og_url":"https:\/\/gps-system.se\/da\/vare\/gis-udvidelse\/","og_site_name":"GPS-SYSTEM.SE","article_modified_time":"2025-12-14T18:16:53+00:00","og_image":[{"width":1200,"height":1200,"url":"https:\/\/gps-system.se\/wp-content\/uploads\/2024\/02\/GIS-Uitbreiding-voorkant.png","type":"image\/png"}],"twitter_card":"summary_large_image","twitter_misc":{"Estimeret l\u00e6setid":"3 minutter"},"schema":{"@context":"https:\/\/schema.org","@graph":[{"@type":"WebPage","@id":"https:\/\/gps-system.se\/product\/gis-uitbreiding\/","url":"https:\/\/gps-system.se\/product\/gis-uitbreiding\/","name":"GIS-udvidelse - GPS-SYSTEM.SE","isPartOf":{"@id":"https:\/\/gps-system.se\/#website"},"primaryImageOfPage":{"@id":"https:\/\/gps-system.se\/product\/gis-uitbreiding\/#primaryimage"},"image":{"@id":"https:\/\/gps-system.se\/product\/gis-uitbreiding\/#primaryimage"},"thumbnailUrl":"https:\/\/gps-system.se\/wp-content\/uploads\/2024\/02\/GIS-Uitbreiding-voorkant.png","datePublished":"2024-02-29T16:54:44+00:00","dateModified":"2025-12-14T18:16:53+00:00","breadcrumb":{"@id":"https:\/\/gps-system.se\/product\/gis-uitbreiding\/#breadcrumb"},"inLanguage":"da-DK","potentialAction":[{"@type":"ReadAction","target":["https:\/\/gps-system.se\/product\/gis-uitbreiding\/"]}]},{"@type":"ImageObject","inLanguage":"da-DK","@id":"https:\/\/gps-system.se\/product\/gis-uitbreiding\/#primaryimage","url":"https:\/\/gps-system.se\/wp-content\/uploads\/2024\/02\/GIS-Uitbreiding-voorkant.png","contentUrl":"https:\/\/gps-system.se\/wp-content\/uploads\/2024\/02\/GIS-Uitbreiding-voorkant.png","width":1200,"height":1200},{"@type":"BreadcrumbList","@id":"https:\/\/gps-system.se\/product\/gis-uitbreiding\/#breadcrumb","itemListElement":[{"@type":"ListItem","position":1,"name":"Home","item":"https:\/\/gps-system.se\/"},{"@type":"ListItem","position":2,"name":"Producten","item":"https:\/\/gps-system.se\/winkel\/"},{"@type":"ListItem","position":3,"name":"GIS Uitbreiding"}]},{"@type":"WebSite","@id":"https:\/\/gps-system.se\/#website","url":"https:\/\/gps-system.se\/","name":"GPS-SYSTEMER","description":"GPS-systemer til alle","publisher":{"@id":"https:\/\/gps-system.se\/#organization"},"potentialAction":[{"@type":"SearchAction","target":{"@type":"EntryPoint","urlTemplate":"https:\/\/gps-system.se\/?s={search_term_string}"},"query-input":{"@type":"PropertyValueSpecification","valueRequired":true,"valueName":"search_term_string"}}],"inLanguage":"da-DK"},{"@type":"Organization","@id":"https:\/\/gps-system.se\/#organization","name":"GPS-SYSTEMS Sverige","url":"https:\/\/gps-system.se\/","logo":{"@type":"ImageObject","inLanguage":"da-DK","@id":"https:\/\/gps-system.se\/#\/schema\/logo\/image\/","url":"https:\/\/gps-system.se\/wp-content\/uploads\/2023\/11\/fulllogo-1.png","contentUrl":"https:\/\/gps-system.se\/wp-content\/uploads\/2023\/11\/fulllogo-1.png","width":1280,"height":1024,"caption":"GPS-SYSTEMS Sweden"},"image":{"@id":"https:\/\/gps-system.se\/#\/schema\/logo\/image\/"},"sameAs":["https:\/\/www.linkedin.com\/in\/roland-van-joolen-a909b716\/"]}]}},"_links":{"self":[{"href":"https:\/\/gps-system.se\/da\/wp-json\/wp\/v2\/product\/4289","targetHints":{"allow":["GET"]}}],"collection":[{"href":"https:\/\/gps-system.se\/da\/wp-json\/wp\/v2\/product"}],"about":[{"href":"https:\/\/gps-system.se\/da\/wp-json\/wp\/v2\/types\/product"}],"version-history":[{"count":1,"href":"https:\/\/gps-system.se\/da\/wp-json\/wp\/v2\/product\/4289\/revisions"}],"predecessor-version":[{"id":4290,"href":"https:\/\/gps-system.se\/da\/wp-json\/wp\/v2\/product\/4289\/revisions\/4290"}],"wp:featuredmedia":[{"embeddable":true,"href":"https:\/\/gps-system.se\/da\/wp-json\/wp\/v2\/media\/4180"}],"wp:attachment":[{"href":"https:\/\/gps-system.se\/da\/wp-json\/wp\/v2\/media?parent=4289"}],"wp:term":[{"taxonomy":"product_brand","embeddable":true,"href":"https:\/\/gps-system.se\/da\/wp-json\/wp\/v2\/product_brand?post=4289"},{"taxonomy":"product_cat","embeddable":true,"href":"https:\/\/gps-system.se\/da\/wp-json\/wp\/v2\/product_cat?post=4289"},{"taxonomy":"product_tag","embeddable":true,"href":"https:\/\/gps-system.se\/da\/wp-json\/wp\/v2\/product_tag?post=4289"}],"curies":[{"name":"wp","href":"https:\/\/api.w.org\/{rel}","templated":true}]}}