{"id":4287,"date":"2024-02-29T16:51:09","date_gmt":"2024-02-29T16:51:09","guid":{"rendered":"https:\/\/gps-system.se\/?post_type=product&#038;p=4287"},"modified":"2025-12-14T18:17:46","modified_gmt":"2025-12-14T18:17:46","slug":"gis-komplet","status":"publish","type":"product","link":"https:\/\/gps-system.se\/da\/vare\/gis-komplet\/","title":{"rendered":"GIS komplet"},"content":{"rendered":"<p class=\"p1\">GIS Complete-systemet kombinerer pr\u00e6cision og p\u00e5lidelighed til dine GIS-m\u00e5linger. Vores komplette pakke tilbyder avancerede teknologier, der g\u00f8r det nemt at foretage centimetern\u00f8jagtige m\u00e5linger, is\u00e6r i det vandrette plan. Fra terr\u00e6nmodellering til infrastrukturprojekter garanterer vores system n\u00f8jagtige resultater, der l\u00f8fter dine projekter til det n\u00e6ste niveau. Med GIS Complete-systemet er du ikke kun rustet til succes, men ogs\u00e5 forberedt p\u00e5 at arbejde effektivt uden at g\u00e5 p\u00e5 kompromis. Oplev styrken ved n\u00f8jagtige m\u00e5linger, og lad GIS Complete-systemet v\u00e6re din guide til ekspertise inden for GIS.<\/p>\n<p>&nbsp;<\/p>\n<p class=\"p1\"><b>Fordele<\/b><\/p>\n<p>&nbsp;<\/p>\n<p class=\"p1\">GIS Complete-pakken har mange fordele. Nedenfor er nogle af dem:<\/p>\n<ul class=\"ul1\">\n<li class=\"li1\"><b>Bedre beslutningstagning<\/b>: Pr\u00e6cise data g\u00f8r det muligt for beslutningstagere at tr\u00e6ffe mere informerede beslutninger om emner som byplanl\u00e6gning, infrastrukturudvikling og naturbeskyttelse.<\/li>\n<li class=\"li1\"><b>Forbedret sikkerhed<\/b>: N\u00f8jagtig opm\u00e5ling bidrager til projektsikkerheden ved at minimere risikoen for ukorrekt opm\u00e5ling og planl\u00e6gning, is\u00e6r i forbindelse med infrastrukturprojekter og byggeaktiviteter.<\/li>\n<li class=\"li1\"><b>Kvalitetssikring<\/b>: Centimetern\u00f8jagtig opm\u00e5ling hj\u00e6lper med at sikre kvaliteten af geografiske data og kortl\u00e6gningsprodukter og forbedrer n\u00f8jagtigheden og p\u00e5lideligheden af GIS-analyser.<\/li>\n<li class=\"li1\"><b>Fremtidssikring<\/b>: Med den l\u00f8bende forbedring af m\u00e5leteknologier bliver centimetern\u00f8jagtig opm\u00e5ling mere overkommelig og tilg\u00e6ngelig, hvilket g\u00f8r det til en b\u00e6redygtig investering i fremtidige GIS-applikationer og -projekter.<\/li>\n<\/ul>\n<p>&nbsp;<\/p>\n<p class=\"p1\"><b>Anvendelser<\/b><\/p>\n<p>&nbsp;<\/p>\n<p class=\"p1\">Denne GIS Complete-pakke bruges i:<\/p>\n<ul class=\"ul1\">\n<li class=\"li1\"><b>H\u00e5ndtering af vand<\/b>: Inden for vandforvaltning bruges n\u00f8jagtige GIS-m\u00e5linger til at forvalte vandressourcer, overv\u00e5ge vandkvalitet og lave oversv\u00f8mmelsesprognoser. Det giver vandforvaltere mulighed for at kortl\u00e6gge floder, s\u00f8er og reservoirer, overv\u00e5ge vandstr\u00f8mme og styre vandingssystemer.<\/li>\n<li class=\"li1\"><b>Byens ledelse<\/b>Byens infrastruktur, herunder veje, kloakering og offentlige faciliteter, vedligeholdes effektivt ved hj\u00e6lp af GIS-m\u00e5linger. Det omfatter planl\u00e6gning af vedligeholdelsesarbejder, styring af affaldsindsamling og forbedring af byens service.<\/li>\n<li class=\"li1\"><b>Planl\u00e6gning af transport<\/b>GIS-m\u00e5linger spiller en afg\u00f8rende rolle i optimeringen af ruter, trafikstr\u00f8mme og offentlig transport. Dette omfatter vejplanl\u00e6gning, forbedring af trafiksikkerheden og reduktion af tr\u00e6ngsel.<\/li>\n<li class=\"li1\"><b>Ark\u00e6ologisk unders\u00f8gelse<\/b>: GIS-systemer hj\u00e6lper med at kortl\u00e6gge ark\u00e6ologiske steder og historiske landskaber. Det omfatter lokalisering af artefakter, dokumentation af kulturarv og bevarelse af historiske steder.<\/li>\n<li class=\"li1\"><b>Klimaforandringer og b\u00e6redygtighed<\/b>GIS-systemer bruges til at overv\u00e5ge virkningerne af klimaforandringer, fremme b\u00e6redygtig udvikling og implementere milj\u00f8politikker. Det omfatter sporing af milj\u00f8indikatorer, forvaltning af naturressourcer og reduktion af \u00f8kologiske fodaftryk.<\/li>\n<li class=\"li1\"><b>Kultur og fritid<\/b>: Til styring af kulturinstitutioner, fritidsfaciliteter og arrangementer er GIS-m\u00e5linger afg\u00f8rende. Dette omfatter planl\u00e6gning af kulturelle begivenheder, udvikling af fritidsaktiviteter og fremme af turisme.<\/li>\n<\/ul>\n<p>&nbsp;<\/p>\n<p class=\"p1\"><b>Indhold<\/b><\/p>\n<p>&nbsp;<\/p>\n<p class=\"p1\">GIS Complete-pakken kommer med:<\/p>\n<ul class=\"ul1\">\n<li class=\"li1\"><b>Toknav P8<\/b>: Giver avanceret GPS-funktionalitet til n\u00f8jagtig positionering og sporing, s\u00e5 du kan f\u00e5 p\u00e5lidelige lokaliseringsdata til forskellige GIS-applikationer.<\/li>\n<li class=\"li1\"><b>T8-20 (robust Android-tablet)<\/b>: Leverer et kraftfuldt Android-operativsystem til problemfri ydeevne og en intuitiv brugeroplevelse, n\u00e5r man k\u00f8rer GIS-applikationer.<\/li>\n<li class=\"li1\"><b>Apglos Position Corrector-abonnementspakke<\/b>: Giver adgang til regelm\u00e6ssige opdateringer og nye funktioner, s\u00e5 du altid er opdateret med den seneste udvikling inden for GIS-teknologi.<\/li>\n<li class=\"li1\"><b>Holder til tablet<\/b>: Giver en stabil og sikker fastg\u00f8relse af din tablet, s\u00e5 du kan arbejde h\u00e5ndfrit og nemt f\u00e5 adgang til dine GIS-applikationer under feltarbejde.<\/li>\n<\/ul>\n<p class=\"p1\">Fleksibel integration: GIS Complete er kompatibel med en lang r\u00e6kke GIS-software og -platforme, herunder ArcGIS og QGIS. Det giver dig mulighed for problemfrit at importere, eksportere og samarbejde om data med andre GIS-brugere og -systemer.<\/p>","protected":false},"excerpt":{"rendered":"<p class=\"p1\">Oplev mulighederne i vores GIS Complete-pakke for optimal GIS-ydelse! Med den avancerede Toknav P8-tablet, inklusive T8-20 (robust Android-tablet), og den p\u00e5lidelige Apglos Position Corrector-abonnementspakke er du klar til n\u00f8jagtige horisontale m\u00e5linger. Den medf\u00f8lgende tabletholder sikrer stabilitet og bekvemmelighed under dataindsamlingen. Tr\u00e6d ind i GIS-verdenen uden h\u00f8jdebegr\u00e6nsninger!<\/p>","protected":false},"featured_media":4176,"template":"","meta":[],"product_brand":[],"product_cat":[19,38],"product_tag":[],"class_list":{"0":"post-4287","1":"product","2":"type-product","3":"status-publish","4":"has-post-thumbnail","6":"product_cat-gps-meettoestel","7":"product_cat-gps-ontvangers","8":"entry","10":"first","11":"instock","12":"taxable","13":"shipping-taxable","14":"purchasable","15":"product-type-simple"},"yoast_head":"<!-- This site is optimized with the Yoast SEO plugin v26.3 - https:\/\/yoast.com\/wordpress\/plugins\/seo\/ -->\n<title>GIS Compleet - GPS-SYSTEM.SE<\/title>\n<meta name=\"robots\" content=\"index, follow, max-snippet:-1, max-image-preview:large, max-video-preview:-1\" \/>\n<link rel=\"canonical\" href=\"https:\/\/gps-system.se\/da\/vare\/gis-komplet\/\" \/>\n<meta property=\"og:locale\" content=\"da_DK\" \/>\n<meta property=\"og:type\" content=\"article\" \/>\n<meta property=\"og:title\" content=\"GIS Compleet - GPS-SYSTEM.SE\" \/>\n<meta property=\"og:description\" content=\"Ontdek de mogelijkheden van ons GIS Compleet pakket voor optimale GIS-prestaties! Met de geavanceerde Toknav P8 Tablet, inclusief T8-20 (robuuste Android tablet), en het betrouwbare Apglos Position Corrector abonnementenpakket ben je klaar voor nauwkeurige horizontale metingen. De bijgeleverde tablethouder zorgt voor stabiliteit en gemak tijdens het verzamelen van gegevens. Stap in de wereld van GIS zonder hoogtebeperkingen!\" \/>\n<meta property=\"og:url\" content=\"https:\/\/gps-system.se\/da\/vare\/gis-komplet\/\" \/>\n<meta property=\"og:site_name\" content=\"GPS-SYSTEM.SE\" \/>\n<meta property=\"article:modified_time\" content=\"2025-12-14T18:17:46+00:00\" \/>\n<meta property=\"og:image\" content=\"https:\/\/gps-system.se\/wp-content\/uploads\/2024\/02\/GIS-Compleet-voorkant.png\" \/>\n\t<meta property=\"og:image:width\" content=\"1200\" \/>\n\t<meta property=\"og:image:height\" content=\"1200\" \/>\n\t<meta property=\"og:image:type\" content=\"image\/png\" \/>\n<meta name=\"twitter:card\" content=\"summary_large_image\" \/>\n<meta name=\"twitter:label1\" content=\"Estimeret l\u00e6setid\" \/>\n\t<meta name=\"twitter:data1\" content=\"3 minutter\" \/>\n<script type=\"application\/ld+json\" class=\"yoast-schema-graph\">{\"@context\":\"https:\/\/schema.org\",\"@graph\":[{\"@type\":\"WebPage\",\"@id\":\"https:\/\/gps-system.se\/product\/gis-compleet\/\",\"url\":\"https:\/\/gps-system.se\/product\/gis-compleet\/\",\"name\":\"GIS Compleet - GPS-SYSTEM.SE\",\"isPartOf\":{\"@id\":\"https:\/\/gps-system.se\/#website\"},\"primaryImageOfPage\":{\"@id\":\"https:\/\/gps-system.se\/product\/gis-compleet\/#primaryimage\"},\"image\":{\"@id\":\"https:\/\/gps-system.se\/product\/gis-compleet\/#primaryimage\"},\"thumbnailUrl\":\"https:\/\/gps-system.se\/wp-content\/uploads\/2024\/02\/GIS-Compleet-voorkant.png\",\"datePublished\":\"2024-02-29T16:51:09+00:00\",\"dateModified\":\"2025-12-14T18:17:46+00:00\",\"breadcrumb\":{\"@id\":\"https:\/\/gps-system.se\/product\/gis-compleet\/#breadcrumb\"},\"inLanguage\":\"da-DK\",\"potentialAction\":[{\"@type\":\"ReadAction\",\"target\":[\"https:\/\/gps-system.se\/product\/gis-compleet\/\"]}]},{\"@type\":\"ImageObject\",\"inLanguage\":\"da-DK\",\"@id\":\"https:\/\/gps-system.se\/product\/gis-compleet\/#primaryimage\",\"url\":\"https:\/\/gps-system.se\/wp-content\/uploads\/2024\/02\/GIS-Compleet-voorkant.png\",\"contentUrl\":\"https:\/\/gps-system.se\/wp-content\/uploads\/2024\/02\/GIS-Compleet-voorkant.png\",\"width\":1200,\"height\":1200},{\"@type\":\"BreadcrumbList\",\"@id\":\"https:\/\/gps-system.se\/product\/gis-compleet\/#breadcrumb\",\"itemListElement\":[{\"@type\":\"ListItem\",\"position\":1,\"name\":\"Home\",\"item\":\"https:\/\/gps-system.se\/\"},{\"@type\":\"ListItem\",\"position\":2,\"name\":\"Producten\",\"item\":\"https:\/\/gps-system.se\/winkel\/\"},{\"@type\":\"ListItem\",\"position\":3,\"name\":\"GIS Compleet\"}]},{\"@type\":\"WebSite\",\"@id\":\"https:\/\/gps-system.se\/#website\",\"url\":\"https:\/\/gps-system.se\/\",\"name\":\"GPS-SYSTEMS\",\"description\":\"GPS sytems for everyone\",\"publisher\":{\"@id\":\"https:\/\/gps-system.se\/#organization\"},\"potentialAction\":[{\"@type\":\"SearchAction\",\"target\":{\"@type\":\"EntryPoint\",\"urlTemplate\":\"https:\/\/gps-system.se\/?s={search_term_string}\"},\"query-input\":{\"@type\":\"PropertyValueSpecification\",\"valueRequired\":true,\"valueName\":\"search_term_string\"}}],\"inLanguage\":\"da-DK\"},{\"@type\":\"Organization\",\"@id\":\"https:\/\/gps-system.se\/#organization\",\"name\":\"GPS-SYSTEMS Sweden\",\"url\":\"https:\/\/gps-system.se\/\",\"logo\":{\"@type\":\"ImageObject\",\"inLanguage\":\"da-DK\",\"@id\":\"https:\/\/gps-system.se\/#\/schema\/logo\/image\/\",\"url\":\"https:\/\/gps-system.se\/wp-content\/uploads\/2023\/11\/fulllogo-1.png\",\"contentUrl\":\"https:\/\/gps-system.se\/wp-content\/uploads\/2023\/11\/fulllogo-1.png\",\"width\":1280,\"height\":1024,\"caption\":\"GPS-SYSTEMS Sweden\"},\"image\":{\"@id\":\"https:\/\/gps-system.se\/#\/schema\/logo\/image\/\"},\"sameAs\":[\"https:\/\/www.linkedin.com\/in\/roland-van-joolen-a909b716\/\"]}]}<\/script>\n<!-- \/ Yoast SEO plugin. -->","yoast_head_json":{"title":"GIS Complete - GPS-SYSTEM.SE","robots":{"index":"index","follow":"follow","max-snippet":"max-snippet:-1","max-image-preview":"max-image-preview:large","max-video-preview":"max-video-preview:-1"},"canonical":"https:\/\/gps-system.se\/da\/vare\/gis-komplet\/","og_locale":"da_DK","og_type":"article","og_title":"GIS Compleet - GPS-SYSTEM.SE","og_description":"Ontdek de mogelijkheden van ons GIS Compleet pakket voor optimale GIS-prestaties! Met de geavanceerde Toknav P8 Tablet, inclusief T8-20 (robuuste Android tablet), en het betrouwbare Apglos Position Corrector abonnementenpakket ben je klaar voor nauwkeurige horizontale metingen. De bijgeleverde tablethouder zorgt voor stabiliteit en gemak tijdens het verzamelen van gegevens. Stap in de wereld van GIS zonder hoogtebeperkingen!","og_url":"https:\/\/gps-system.se\/da\/vare\/gis-komplet\/","og_site_name":"GPS-SYSTEM.SE","article_modified_time":"2025-12-14T18:17:46+00:00","og_image":[{"width":1200,"height":1200,"url":"https:\/\/gps-system.se\/wp-content\/uploads\/2024\/02\/GIS-Compleet-voorkant.png","type":"image\/png"}],"twitter_card":"summary_large_image","twitter_misc":{"Estimeret l\u00e6setid":"3 minutter"},"schema":{"@context":"https:\/\/schema.org","@graph":[{"@type":"WebPage","@id":"https:\/\/gps-system.se\/product\/gis-compleet\/","url":"https:\/\/gps-system.se\/product\/gis-compleet\/","name":"GIS Complete - GPS-SYSTEM.SE","isPartOf":{"@id":"https:\/\/gps-system.se\/#website"},"primaryImageOfPage":{"@id":"https:\/\/gps-system.se\/product\/gis-compleet\/#primaryimage"},"image":{"@id":"https:\/\/gps-system.se\/product\/gis-compleet\/#primaryimage"},"thumbnailUrl":"https:\/\/gps-system.se\/wp-content\/uploads\/2024\/02\/GIS-Compleet-voorkant.png","datePublished":"2024-02-29T16:51:09+00:00","dateModified":"2025-12-14T18:17:46+00:00","breadcrumb":{"@id":"https:\/\/gps-system.se\/product\/gis-compleet\/#breadcrumb"},"inLanguage":"da-DK","potentialAction":[{"@type":"ReadAction","target":["https:\/\/gps-system.se\/product\/gis-compleet\/"]}]},{"@type":"ImageObject","inLanguage":"da-DK","@id":"https:\/\/gps-system.se\/product\/gis-compleet\/#primaryimage","url":"https:\/\/gps-system.se\/wp-content\/uploads\/2024\/02\/GIS-Compleet-voorkant.png","contentUrl":"https:\/\/gps-system.se\/wp-content\/uploads\/2024\/02\/GIS-Compleet-voorkant.png","width":1200,"height":1200},{"@type":"BreadcrumbList","@id":"https:\/\/gps-system.se\/product\/gis-compleet\/#breadcrumb","itemListElement":[{"@type":"ListItem","position":1,"name":"Home","item":"https:\/\/gps-system.se\/"},{"@type":"ListItem","position":2,"name":"Producten","item":"https:\/\/gps-system.se\/winkel\/"},{"@type":"ListItem","position":3,"name":"GIS Compleet"}]},{"@type":"WebSite","@id":"https:\/\/gps-system.se\/#website","url":"https:\/\/gps-system.se\/","name":"GPS-SYSTEMER","description":"GPS-systemer til alle","publisher":{"@id":"https:\/\/gps-system.se\/#organization"},"potentialAction":[{"@type":"SearchAction","target":{"@type":"EntryPoint","urlTemplate":"https:\/\/gps-system.se\/?s={search_term_string}"},"query-input":{"@type":"PropertyValueSpecification","valueRequired":true,"valueName":"search_term_string"}}],"inLanguage":"da-DK"},{"@type":"Organization","@id":"https:\/\/gps-system.se\/#organization","name":"GPS-SYSTEMS Sverige","url":"https:\/\/gps-system.se\/","logo":{"@type":"ImageObject","inLanguage":"da-DK","@id":"https:\/\/gps-system.se\/#\/schema\/logo\/image\/","url":"https:\/\/gps-system.se\/wp-content\/uploads\/2023\/11\/fulllogo-1.png","contentUrl":"https:\/\/gps-system.se\/wp-content\/uploads\/2023\/11\/fulllogo-1.png","width":1280,"height":1024,"caption":"GPS-SYSTEMS Sweden"},"image":{"@id":"https:\/\/gps-system.se\/#\/schema\/logo\/image\/"},"sameAs":["https:\/\/www.linkedin.com\/in\/roland-van-joolen-a909b716\/"]}]}},"_links":{"self":[{"href":"https:\/\/gps-system.se\/da\/wp-json\/wp\/v2\/product\/4287","targetHints":{"allow":["GET"]}}],"collection":[{"href":"https:\/\/gps-system.se\/da\/wp-json\/wp\/v2\/product"}],"about":[{"href":"https:\/\/gps-system.se\/da\/wp-json\/wp\/v2\/types\/product"}],"version-history":[{"count":1,"href":"https:\/\/gps-system.se\/da\/wp-json\/wp\/v2\/product\/4287\/revisions"}],"predecessor-version":[{"id":4288,"href":"https:\/\/gps-system.se\/da\/wp-json\/wp\/v2\/product\/4287\/revisions\/4288"}],"wp:featuredmedia":[{"embeddable":true,"href":"https:\/\/gps-system.se\/da\/wp-json\/wp\/v2\/media\/4176"}],"wp:attachment":[{"href":"https:\/\/gps-system.se\/da\/wp-json\/wp\/v2\/media?parent=4287"}],"wp:term":[{"taxonomy":"product_brand","embeddable":true,"href":"https:\/\/gps-system.se\/da\/wp-json\/wp\/v2\/product_brand?post=4287"},{"taxonomy":"product_cat","embeddable":true,"href":"https:\/\/gps-system.se\/da\/wp-json\/wp\/v2\/product_cat?post=4287"},{"taxonomy":"product_tag","embeddable":true,"href":"https:\/\/gps-system.se\/da\/wp-json\/wp\/v2\/product_tag?post=4287"}],"curies":[{"name":"wp","href":"https:\/\/api.w.org\/{rel}","templated":true}]}}