{"id":4241,"date":"2024-02-29T15:16:56","date_gmt":"2024-02-29T15:16:56","guid":{"rendered":"https:\/\/gps-system.se\/?post_type=product&#038;p=4241"},"modified":"2025-11-29T20:46:09","modified_gmt":"2025-11-29T20:46:09","slug":"iplus-gps-malesystem","status":"publish","type":"product","link":"https:\/\/gps-system.se\/da\/vare\/iplus-gps-malesystem\/","title":{"rendered":"iPlus GPS-m\u00e5lesystem"},"content":{"rendered":"<p class=\"p1\">Oplev den perfekte l\u00f8sning til n\u00f8jagtig opm\u00e5ling med iPlus GPS-systemet! iPlus GPS-opm\u00e5lingssystemet er designet specielt til Apple-entusiaster og tilbyder en uovertruffen kombination af pr\u00e6cision og brugervenlighed. Med sin s\u00f8ml\u00f8se integration med Apple-enheder og kraftfulde funktioner giver dette system dig mulighed for at foretage terr\u00e6nm\u00e5linger med uovertruffen n\u00f8jagtighed. Oplev, hvordan iPlus GPS-systemet kan \u00e6ndre og forenkle dit opm\u00e5lingsnetv\u00e6rk.<\/p>\n<p>&nbsp;<\/p>\n<p class=\"p1\"><b>Fordele<\/b><\/p>\n<p>&nbsp;<\/p>\n<p class=\"p1\">iPlus GPS-m\u00e5lesystemet har mange fordele. Nogle af dem er n\u00e6vnt nedenfor:<\/p>\n<ul class=\"ul1\">\n<li class=\"li1\"><b>Data i realtid<\/b>GPS-systemer kan levere data i realtid, s\u00e5 man hurtigt kan tr\u00e6ffe beslutninger under feltarbejdet.<\/li>\n<li class=\"li1\"><b>Fleksibilitet<\/b>GPS-opm\u00e5lingssystemer er velegnede til forskellige terr\u00e6ner og forhold, hvilket g\u00f8r dem fleksible til en lang r\u00e6kke projekter.<\/li>\n<li class=\"li1\"><b>Omkostningsbesparelser<\/b>Selv om GPS-landm\u00e5lingssystemer kr\u00e6ver en indledende investering, kan de v\u00e6re omkostningsbesparende i det lange l\u00f8b p\u00e5 grund af \u00f8get effektivitet og n\u00f8jagtighed.<\/li>\n<li class=\"li1\"><b>Fremtidsorienteret<\/b>: Da GPS-teknologien er i konstant udvikling, forbliver GPS-opm\u00e5lingssystemerne banebrydende og giver mulighed for fremtidig udvikling og innovation inden for opm\u00e5ling og geografisk information.<\/li>\n<\/ul>\n<p>&nbsp;<\/p>\n<p class=\"p1\"><b>Anvendelser<\/b><\/p>\n<p>&nbsp;<\/p>\n<p class=\"p1\">iPlus GPS-m\u00e5lesystemet bruges i:<\/p>\n<ul class=\"ul1\">\n<li class=\"li1\"><b>Byggeprojekter<\/b>GPS-opm\u00e5lingssystemer spiller en afg\u00f8rende rolle i byggeprojekter ved at levere n\u00f8jagtige lokaliseringsdata til udl\u00e6gning af fundamenter, kontrol af strukturer og planl\u00e6gning af infrastrukturudviklinger som veje, broer og bygninger.<\/li>\n<li class=\"li1\"><b>Ark\u00e6ologisk unders\u00f8gelse<\/b>: For ark\u00e6ologer giver GPS-opm\u00e5lingssystemer pr\u00e6cision ved lokalisering og dokumentation af ark\u00e6ologiske steder, hvilket forbedrer n\u00f8jagtigheden af udgravninger og bevarelsen af kulturarven.<\/li>\n<li class=\"li1\"><b>Stadion- og event management<\/b>: For eventplanl\u00e6ggere giver GPS-systemer v\u00e6rdifulde oplysninger, n\u00e5r de planl\u00e6gger parkeringspladser, adgangsveje og styring af publikum til store events og sportskonkurrencer.<\/li>\n<li class=\"li1\"><b>Ark\u00e6ologiske udgravninger<\/b>: Ark\u00e6ologer bruger GPS-opm\u00e5lingssystemer til at kortl\u00e6gge ark\u00e6ologiske steder, dokumentere artefakter og visualisere historiske landskaber, hvilket er afg\u00f8rende for ark\u00e6ologisk forskning og bevarelse af kulturarv.<\/li>\n<li class=\"li1\"><b>Milit\u00e6re operationer<\/b>: I milit\u00e6ret bruges GPS-systemer til at kortl\u00e6gge strategiske steder, koordinere troppebev\u00e6gelser og yde navigationsst\u00f8tte under milit\u00e6re operationer og missioner.<\/li>\n<li class=\"li1\"><b>Energi og forsyningsselskaber<\/b>: For energi- og forsyningsselskaber giver GPS-systemer mulighed for at kortl\u00e6gge r\u00f8r, kabler og energiinfrastruktur, optimere forvaltningen af forsyningsnettet og hurtigt lokalisere og reparere fejl.<\/li>\n<\/ul>\n<p>&nbsp;<\/p>\n<p class=\"p1\"><b>Indhold<\/b><\/p>\n<p>&nbsp;<\/p>\n<p class=\"p1\">iPlus-systemet leveres med f\u00f8lgende komponenter:<\/p>\n<ul class=\"ul1\">\n<li class=\"li1\"><b>Emlid Reach RX<\/b>: Giver n\u00f8jagtig GNSS-sporing og -positionering selv i udfordrende milj\u00f8er, hvilket giver dig p\u00e5lidelige lokaliseringsdata til alle dine m\u00e5lebehov.<\/li>\n<li class=\"li1\"><b>iPad Mini 2021 WiFi + 5G 256GB<\/b>: Leverer en kraftfuld og alsidig brugeroplevelse med sine avancerede funktioner og b\u00e6rbarhed, s\u00e5 du kan arbejde effektivt med forskellige GIS-programmer og -v\u00e6rkt\u00f8jer.<\/li>\n<li class=\"li1\"><b>Apglos Survey Wizard-abonnementspakke<\/b>: Giver adgang til regelm\u00e6ssige opdateringer, nye funktioner og forbedringer, s\u00e5 du altid er opdateret med den seneste udvikling inden for landm\u00e5lingsteknologi og opretholder optimal ydeevne.<\/li>\n<li class=\"li1\"><b>Holder til tablet<\/b>: Giver sikker og stabil montering af din iPad Mini, s\u00e5 du kan tage h\u00e5ndfri m\u00e5linger uden at skulle holde din enhed.<\/li>\n<li class=\"li1\"><b>GPS-ledestang 2,0 m, kulstof, kan skrues fast<\/b>: Med sit lette og holdbare design er GPS-ledestangen nem at installere og justere til forskellige m\u00e5lebehov, s\u00e5 du kan foretage n\u00f8jagtige h\u00f8jdem\u00e5linger med pr\u00e6cision og lethed.<\/li>\n<li class=\"li1\"><b>Taske stor<\/b>: Giver plads nok til at opbevare alle komponenter sikkert og nemt transportere dem til forskellige steder, s\u00e5 du altid er klar til din n\u00e6ste m\u00e5leudfordring.<\/li>\n<\/ul>\n<p class=\"p1\">Brugervenlighed og alsidighed: Med en intuitiv brugerflade og enkel betjening er iPlus GPS-m\u00e5lesystemet nemt at l\u00e6re og bruge, selv for begyndere. Systemets alsidighed giver dig mulighed for at bruge det til forskellige form\u00e5l, fra ark\u00e6ologisk forskning til byfornyelse, med samme grad af pr\u00e6cision og p\u00e5lidelighed.<\/p>","protected":false},"excerpt":{"rendered":"<p class=\"p1\">Oplev bekvemmeligheden ved opm\u00e5ling med iPlus GPS-systemet! Udstyret med Emlid Reach RX, iPad Mini 2021 WiFi + 5G 256GB, den intuitive Apglos Survey Wizard-abonnementspakke, en praktisk tabletholder, en p\u00e5skruet 2,0 m kulfiber-GPS-ledestang og en rummelig taske til ubesv\u00e6ret transport. Dette system g\u00f8r det nemt og effektivt at foretage n\u00f8jagtige m\u00e5linger, selv for begyndere.<\/p>","protected":false},"featured_media":4190,"template":"","meta":[],"product_brand":[],"product_cat":[19,38],"product_tag":[],"class_list":{"0":"post-4241","1":"product","2":"type-product","3":"status-publish","4":"has-post-thumbnail","6":"product_cat-gps-meettoestel","7":"product_cat-gps-ontvangers","8":"entry","10":"first","11":"instock","12":"featured","13":"taxable","14":"shipping-taxable","15":"purchasable","16":"product-type-simple"},"yoast_head":"<!-- This site is optimized with the Yoast SEO plugin v26.3 - https:\/\/yoast.com\/wordpress\/plugins\/seo\/ -->\n<title>iPlus GPS meetsysteem - GPS-SYSTEM.SE<\/title>\n<meta name=\"robots\" content=\"index, follow, max-snippet:-1, max-image-preview:large, max-video-preview:-1\" \/>\n<link rel=\"canonical\" href=\"https:\/\/gps-system.se\/da\/vare\/iplus-gps-malesystem\/\" \/>\n<meta property=\"og:locale\" content=\"da_DK\" \/>\n<meta property=\"og:type\" content=\"article\" \/>\n<meta property=\"og:title\" content=\"iPlus GPS meetsysteem - GPS-SYSTEM.SE\" \/>\n<meta property=\"og:description\" content=\"Ontdek het gemak van landmeten met het iPlus GPS systeem! Voorzien van de Emlid Reach RX, iPad Mini 2021 WiFi + 5G 256GB, het intu\u00eftieve Apglos Survey Wizard abonnementenpakket, een handige tablethouder, een schroefbare GPS loodstaaf van 2,0 m in carbon en een ruime tas voor moeiteloos vervoer. Dit systeem maakt het uitvoeren van nauwkeurige metingen gemakkelijk en effici\u00ebnt, zelfs voor beginners.\" \/>\n<meta property=\"og:url\" content=\"https:\/\/gps-system.se\/da\/vare\/iplus-gps-malesystem\/\" \/>\n<meta property=\"og:site_name\" content=\"GPS-SYSTEM.SE\" \/>\n<meta property=\"article:modified_time\" content=\"2025-11-29T20:46:09+00:00\" \/>\n<meta property=\"og:image\" content=\"https:\/\/gps-system.se\/wp-content\/uploads\/2024\/02\/iPlus-voorkant.png\" \/>\n\t<meta property=\"og:image:width\" content=\"1200\" \/>\n\t<meta property=\"og:image:height\" content=\"1200\" \/>\n\t<meta property=\"og:image:type\" content=\"image\/png\" \/>\n<meta name=\"twitter:card\" content=\"summary_large_image\" \/>\n<meta name=\"twitter:label1\" content=\"Estimeret l\u00e6setid\" \/>\n\t<meta name=\"twitter:data1\" content=\"3 minutter\" \/>\n<script type=\"application\/ld+json\" class=\"yoast-schema-graph\">{\"@context\":\"https:\/\/schema.org\",\"@graph\":[{\"@type\":\"WebPage\",\"@id\":\"https:\/\/gps-system.se\/product\/iplus-gps-meetsysteem\/\",\"url\":\"https:\/\/gps-system.se\/product\/iplus-gps-meetsysteem\/\",\"name\":\"iPlus GPS meetsysteem - GPS-SYSTEM.SE\",\"isPartOf\":{\"@id\":\"https:\/\/gps-system.se\/#website\"},\"primaryImageOfPage\":{\"@id\":\"https:\/\/gps-system.se\/product\/iplus-gps-meetsysteem\/#primaryimage\"},\"image\":{\"@id\":\"https:\/\/gps-system.se\/product\/iplus-gps-meetsysteem\/#primaryimage\"},\"thumbnailUrl\":\"https:\/\/gps-system.se\/wp-content\/uploads\/2024\/02\/iPlus-voorkant.png\",\"datePublished\":\"2024-02-29T15:16:56+00:00\",\"dateModified\":\"2025-11-29T20:46:09+00:00\",\"breadcrumb\":{\"@id\":\"https:\/\/gps-system.se\/product\/iplus-gps-meetsysteem\/#breadcrumb\"},\"inLanguage\":\"da-DK\",\"potentialAction\":[{\"@type\":\"ReadAction\",\"target\":[\"https:\/\/gps-system.se\/product\/iplus-gps-meetsysteem\/\"]}]},{\"@type\":\"ImageObject\",\"inLanguage\":\"da-DK\",\"@id\":\"https:\/\/gps-system.se\/product\/iplus-gps-meetsysteem\/#primaryimage\",\"url\":\"https:\/\/gps-system.se\/wp-content\/uploads\/2024\/02\/iPlus-voorkant.png\",\"contentUrl\":\"https:\/\/gps-system.se\/wp-content\/uploads\/2024\/02\/iPlus-voorkant.png\",\"width\":1200,\"height\":1200},{\"@type\":\"BreadcrumbList\",\"@id\":\"https:\/\/gps-system.se\/product\/iplus-gps-meetsysteem\/#breadcrumb\",\"itemListElement\":[{\"@type\":\"ListItem\",\"position\":1,\"name\":\"Home\",\"item\":\"https:\/\/gps-system.se\/\"},{\"@type\":\"ListItem\",\"position\":2,\"name\":\"Producten\",\"item\":\"https:\/\/gps-system.se\/winkel\/\"},{\"@type\":\"ListItem\",\"position\":3,\"name\":\"iPlus GPS meetsysteem\"}]},{\"@type\":\"WebSite\",\"@id\":\"https:\/\/gps-system.se\/#website\",\"url\":\"https:\/\/gps-system.se\/\",\"name\":\"GPS-SYSTEMS\",\"description\":\"GPS sytems for everyone\",\"publisher\":{\"@id\":\"https:\/\/gps-system.se\/#organization\"},\"potentialAction\":[{\"@type\":\"SearchAction\",\"target\":{\"@type\":\"EntryPoint\",\"urlTemplate\":\"https:\/\/gps-system.se\/?s={search_term_string}\"},\"query-input\":{\"@type\":\"PropertyValueSpecification\",\"valueRequired\":true,\"valueName\":\"search_term_string\"}}],\"inLanguage\":\"da-DK\"},{\"@type\":\"Organization\",\"@id\":\"https:\/\/gps-system.se\/#organization\",\"name\":\"GPS-SYSTEMS Sweden\",\"url\":\"https:\/\/gps-system.se\/\",\"logo\":{\"@type\":\"ImageObject\",\"inLanguage\":\"da-DK\",\"@id\":\"https:\/\/gps-system.se\/#\/schema\/logo\/image\/\",\"url\":\"https:\/\/gps-system.se\/wp-content\/uploads\/2023\/11\/fulllogo-1.png\",\"contentUrl\":\"https:\/\/gps-system.se\/wp-content\/uploads\/2023\/11\/fulllogo-1.png\",\"width\":1280,\"height\":1024,\"caption\":\"GPS-SYSTEMS Sweden\"},\"image\":{\"@id\":\"https:\/\/gps-system.se\/#\/schema\/logo\/image\/\"},\"sameAs\":[\"https:\/\/www.linkedin.com\/in\/roland-van-joolen-a909b716\/\"]}]}<\/script>\n<!-- \/ Yoast SEO plugin. -->","yoast_head_json":{"title":"iPlus GPS-m\u00e5lesystem - GPS-SYSTEM.SE","robots":{"index":"index","follow":"follow","max-snippet":"max-snippet:-1","max-image-preview":"max-image-preview:large","max-video-preview":"max-video-preview:-1"},"canonical":"https:\/\/gps-system.se\/da\/vare\/iplus-gps-malesystem\/","og_locale":"da_DK","og_type":"article","og_title":"iPlus GPS meetsysteem - GPS-SYSTEM.SE","og_description":"Ontdek het gemak van landmeten met het iPlus GPS systeem! Voorzien van de Emlid Reach RX, iPad Mini 2021 WiFi + 5G 256GB, het intu\u00eftieve Apglos Survey Wizard abonnementenpakket, een handige tablethouder, een schroefbare GPS loodstaaf van 2,0 m in carbon en een ruime tas voor moeiteloos vervoer. Dit systeem maakt het uitvoeren van nauwkeurige metingen gemakkelijk en effici\u00ebnt, zelfs voor beginners.","og_url":"https:\/\/gps-system.se\/da\/vare\/iplus-gps-malesystem\/","og_site_name":"GPS-SYSTEM.SE","article_modified_time":"2025-11-29T20:46:09+00:00","og_image":[{"width":1200,"height":1200,"url":"https:\/\/gps-system.se\/wp-content\/uploads\/2024\/02\/iPlus-voorkant.png","type":"image\/png"}],"twitter_card":"summary_large_image","twitter_misc":{"Estimeret l\u00e6setid":"3 minutter"},"schema":{"@context":"https:\/\/schema.org","@graph":[{"@type":"WebPage","@id":"https:\/\/gps-system.se\/product\/iplus-gps-meetsysteem\/","url":"https:\/\/gps-system.se\/product\/iplus-gps-meetsysteem\/","name":"iPlus GPS-m\u00e5lesystem - GPS-SYSTEM.SE","isPartOf":{"@id":"https:\/\/gps-system.se\/#website"},"primaryImageOfPage":{"@id":"https:\/\/gps-system.se\/product\/iplus-gps-meetsysteem\/#primaryimage"},"image":{"@id":"https:\/\/gps-system.se\/product\/iplus-gps-meetsysteem\/#primaryimage"},"thumbnailUrl":"https:\/\/gps-system.se\/wp-content\/uploads\/2024\/02\/iPlus-voorkant.png","datePublished":"2024-02-29T15:16:56+00:00","dateModified":"2025-11-29T20:46:09+00:00","breadcrumb":{"@id":"https:\/\/gps-system.se\/product\/iplus-gps-meetsysteem\/#breadcrumb"},"inLanguage":"da-DK","potentialAction":[{"@type":"ReadAction","target":["https:\/\/gps-system.se\/product\/iplus-gps-meetsysteem\/"]}]},{"@type":"ImageObject","inLanguage":"da-DK","@id":"https:\/\/gps-system.se\/product\/iplus-gps-meetsysteem\/#primaryimage","url":"https:\/\/gps-system.se\/wp-content\/uploads\/2024\/02\/iPlus-voorkant.png","contentUrl":"https:\/\/gps-system.se\/wp-content\/uploads\/2024\/02\/iPlus-voorkant.png","width":1200,"height":1200},{"@type":"BreadcrumbList","@id":"https:\/\/gps-system.se\/product\/iplus-gps-meetsysteem\/#breadcrumb","itemListElement":[{"@type":"ListItem","position":1,"name":"Home","item":"https:\/\/gps-system.se\/"},{"@type":"ListItem","position":2,"name":"Producten","item":"https:\/\/gps-system.se\/winkel\/"},{"@type":"ListItem","position":3,"name":"iPlus GPS meetsysteem"}]},{"@type":"WebSite","@id":"https:\/\/gps-system.se\/#website","url":"https:\/\/gps-system.se\/","name":"GPS-SYSTEMER","description":"GPS-systemer til alle","publisher":{"@id":"https:\/\/gps-system.se\/#organization"},"potentialAction":[{"@type":"SearchAction","target":{"@type":"EntryPoint","urlTemplate":"https:\/\/gps-system.se\/?s={search_term_string}"},"query-input":{"@type":"PropertyValueSpecification","valueRequired":true,"valueName":"search_term_string"}}],"inLanguage":"da-DK"},{"@type":"Organization","@id":"https:\/\/gps-system.se\/#organization","name":"GPS-SYSTEMS Sverige","url":"https:\/\/gps-system.se\/","logo":{"@type":"ImageObject","inLanguage":"da-DK","@id":"https:\/\/gps-system.se\/#\/schema\/logo\/image\/","url":"https:\/\/gps-system.se\/wp-content\/uploads\/2023\/11\/fulllogo-1.png","contentUrl":"https:\/\/gps-system.se\/wp-content\/uploads\/2023\/11\/fulllogo-1.png","width":1280,"height":1024,"caption":"GPS-SYSTEMS Sweden"},"image":{"@id":"https:\/\/gps-system.se\/#\/schema\/logo\/image\/"},"sameAs":["https:\/\/www.linkedin.com\/in\/roland-van-joolen-a909b716\/"]}]}},"_links":{"self":[{"href":"https:\/\/gps-system.se\/da\/wp-json\/wp\/v2\/product\/4241","targetHints":{"allow":["GET"]}}],"collection":[{"href":"https:\/\/gps-system.se\/da\/wp-json\/wp\/v2\/product"}],"about":[{"href":"https:\/\/gps-system.se\/da\/wp-json\/wp\/v2\/types\/product"}],"version-history":[{"count":1,"href":"https:\/\/gps-system.se\/da\/wp-json\/wp\/v2\/product\/4241\/revisions"}],"predecessor-version":[{"id":4242,"href":"https:\/\/gps-system.se\/da\/wp-json\/wp\/v2\/product\/4241\/revisions\/4242"}],"wp:featuredmedia":[{"embeddable":true,"href":"https:\/\/gps-system.se\/da\/wp-json\/wp\/v2\/media\/4190"}],"wp:attachment":[{"href":"https:\/\/gps-system.se\/da\/wp-json\/wp\/v2\/media?parent=4241"}],"wp:term":[{"taxonomy":"product_brand","embeddable":true,"href":"https:\/\/gps-system.se\/da\/wp-json\/wp\/v2\/product_brand?post=4241"},{"taxonomy":"product_cat","embeddable":true,"href":"https:\/\/gps-system.se\/da\/wp-json\/wp\/v2\/product_cat?post=4241"},{"taxonomy":"product_tag","embeddable":true,"href":"https:\/\/gps-system.se\/da\/wp-json\/wp\/v2\/product_tag?post=4241"}],"curies":[{"name":"wp","href":"https:\/\/api.w.org\/{rel}","templated":true}]}}