{"id":4235,"date":"2024-02-29T15:05:52","date_gmt":"2024-02-29T15:05:52","guid":{"rendered":"https:\/\/gps-system.se\/?post_type=product&#038;p=4235"},"modified":"2025-11-29T20:46:43","modified_gmt":"2025-11-29T20:46:43","slug":"pro-gps-malesystem","status":"publish","type":"product","link":"https:\/\/gps-system.se\/da\/vare\/pro-gps-malesystem\/","title":{"rendered":"Pro GPS-m\u00e5lesystem"},"content":{"rendered":"<p class=\"p1\">Tr\u00e6d ind i en verden af pr\u00e6cisionsopm\u00e5ling med Pro GPS-landm\u00e5lingssystemet! Pro GPS-systemet tilbyder en avanceret l\u00f8sning til alle dine opm\u00e5lingsbehov. Med den innovative ProNivo PNR21i har du mulighed for at foretage skr\u00e5 m\u00e5linger, s\u00e5 du kan foretage n\u00f8jagtige m\u00e5linger selv i sv\u00e6rt tilg\u00e6ngelige omr\u00e5der. Opdag, hvordan Pro GPS-systemet kan hj\u00e6lpe dig med at m\u00e5le terr\u00e6net mere effektivt, uanset forholdene.<\/p>\n<p>&nbsp;<\/p>\n<p class=\"p1\"><b>Fordele<\/b><\/p>\n<p class=\"p1\">Pro GPS-m\u00e5lesystemet har mange fordele, bl.a:<\/p>\n<ul class=\"ul1\">\n<li class=\"li1\"><b>N\u00f8jagtighed<\/b>: GPS-opm\u00e5lingssystemer giver stor n\u00f8jagtighed ved bestemmelse af steder og m\u00e5linger, hvilket muligg\u00f8r pr\u00e6cisionsarbejde.<\/li>\n<li class=\"li1\"><b>Fleksibilitet<\/b>GPS-opm\u00e5lingssystemer er velegnede til forskellige terr\u00e6ner og forhold, hvilket g\u00f8r dem fleksible til en lang r\u00e6kke projekter.<\/li>\n<li class=\"li1\"><b>Adgang til<\/b>: GPS-teknologier kan bruges til at m\u00e5le omr\u00e5der, der tidligere var sv\u00e6rt tilg\u00e6ngelige, hvilket muligg\u00f8r m\u00e5linger p\u00e5 fjerntliggende steder.<\/li>\n<li class=\"li1\"><b>Omkostningsbesparelser<\/b>Selv om GPS-landm\u00e5lingssystemer kr\u00e6ver en indledende investering, kan de v\u00e6re omkostningsbesparende i det lange l\u00f8b p\u00e5 grund af \u00f8get effektivitet og n\u00f8jagtighed.<\/li>\n<\/ul>\n<p>&nbsp;<\/p>\n<p class=\"p1\"><b>Anvendelser<\/b><\/p>\n<p class=\"p1\">GPS-m\u00e5lesystemer bruges i:<\/p>\n<ul class=\"ul1\">\n<li class=\"li1\"><b>Landm\u00e5ling og matrikelkortl\u00e6gning<\/b>GPS-landm\u00e5lingssystemer giver n\u00f8jagtige m\u00e5linger til kortl\u00e6gning af parceller, fastl\u00e6ggelse af ejendomsgr\u00e6nser og registrering af matrikeldata, som er afg\u00f8rende for ejendomsadministration og juridiske form\u00e5l.<\/li>\n<li class=\"li1\"><b>Milj\u00f8unders\u00f8gelse<\/b>GPS-systemer g\u00f8r det muligt for milj\u00f8forskere at spore \u00e6ndringer i landskab, flora og fauna, hvilket er vigtigt for at bevare \u00f8kosystemer, forvalte naturressourcer og forst\u00e5 milj\u00f8forandringer.<\/li>\n<li class=\"li1\"><b>Unders\u00f8gelse af jordbunden<\/b>: Jordbundsforskere bruger GPS-systemer til at analysere jordbundsforhold, jordbundsegenskaber og arealanvendelse, hvilket er vigtigt for landbrugspraksis, h\u00e5ndtering af jorderosion og vurdering af arealer.<\/li>\n<li class=\"li1\"><b>Forvaltning af ejendomme<\/b>: For ejendomsm\u00e6glere er GPS-systemer en n\u00f8jagtig m\u00e5de at registrere ejendomsgr\u00e6nser p\u00e5, registrere steddata og lette ejendomshandler ved at levere detaljerede kort og m\u00e5linger.<\/li>\n<li class=\"li1\"><b>Milit\u00e6re operationer<\/b>: I milit\u00e6ret bruges GPS-systemer til at kortl\u00e6gge strategiske steder, koordinere troppebev\u00e6gelser og yde navigationsst\u00f8tte under milit\u00e6re operationer og missioner.<\/li>\n<li class=\"li1\"><b>Byudvikling<\/b>: I byomr\u00e5der bruges GPS-systemer til at planl\u00e6gge nye kvarterer, udvikle infrastrukturprojekter og fremme b\u00e6redygtig byudvikling for voksende befolkninger.<\/li>\n<\/ul>\n<p>&nbsp;<\/p>\n<p class=\"p1\"><b>Indhold<\/b><\/p>\n<p class=\"p1\">Pro GPS-m\u00e5lesystemet best\u00e5r af f\u00f8lgende komponenter:<\/p>\n<ul class=\"ul1\">\n<li class=\"li1\"><b>PNR21i (h\u00e6ldning):<\/b> Muligg\u00f8r pr\u00e6cise m\u00e5linger i forskellige vinkler, selv p\u00e5 sv\u00e6rt tilg\u00e6ngelige steder.<\/li>\n<li class=\"li1\"><b>T8-20 (robust Android-tablet):<\/b> Tilbyder avancerede funktioner og j\u00e6vn ydeevne til effektivt arbejde med forskellige programmer og v\u00e6rkt\u00f8jer.<\/li>\n<li class=\"li1\"><b>Apglos Survey Wizard-abonnementspakke<\/b>: Giver adgang til regelm\u00e6ssige opdateringer, nye funktioner og forbedringer, s\u00e5 man altid kan holde sig ajour med den seneste udvikling inden for landm\u00e5lingsteknologi.<\/li>\n<li class=\"li1\"><b>Holder til tablet<\/b>: Giver sikker og stabil fastg\u00f8relse af tabletten til h\u00e5ndfri m\u00e5linger.<\/li>\n<li class=\"li1\"><b>GPS-ledestang 2,0 m, kulstof, kan skrues fast<\/b>: Let og holdbart design med nem installation og justering til forskellige m\u00e5lebehov.<\/li>\n<li class=\"li1\"><b>Taske stor<\/b>: Giver plads nok til at opbevare alle komponenter sikkert og nemt transportere dem til forskellige steder.<\/li>\n<\/ul>\n<p class=\"p1\">Professionel pr\u00e6cision lige ved h\u00e5nden: Med Pro GPS-systemet er du garanteret n\u00f8jagtige m\u00e5linger selv under de mest udfordrende forhold. Stol p\u00e5 dets avancerede funktioner og p\u00e5lidelige ydeevne for at g\u00f8re ethvert opm\u00e5lingsprojekt til en succes.<\/p>","protected":false},"excerpt":{"rendered":"<p class=\"p1\">Oplev pr\u00e6cisionen i Pro GPS-opm\u00e5lingssystemet med ProNivo PNR21i! Dette avancerede system, der omfatter ProNivo, PNR21i, T8-20 (robust Android-tablet), Apglos Survey Wizard-abonnementspakke, en praktisk tabletholder, en p\u00e5skruet 2,0 m GPS-ledestang af kulfiber og en stor taske til nem transport, giver professionel pr\u00e6cision i opm\u00e5lingen. Den innovative PNR21i g\u00f8r det muligt at sk\u00e6vvride GPS-ledestangen for at f\u00e5 n\u00f8jagtige m\u00e5linger ved p\u00e6lespidsen.<\/p>","protected":false},"featured_media":4194,"template":"","meta":[],"product_brand":[],"product_cat":[19,38],"product_tag":[],"class_list":{"0":"post-4235","1":"product","2":"type-product","3":"status-publish","4":"has-post-thumbnail","6":"product_cat-gps-meettoestel","7":"product_cat-gps-ontvangers","8":"entry","10":"first","11":"instock","12":"featured","13":"taxable","14":"shipping-taxable","15":"purchasable","16":"product-type-simple"},"yoast_head":"<!-- This site is optimized with the Yoast SEO plugin v26.3 - https:\/\/yoast.com\/wordpress\/plugins\/seo\/ -->\n<title>Pro GPS meetsysteem - GPS-SYSTEM.SE<\/title>\n<meta name=\"robots\" content=\"index, follow, max-snippet:-1, max-image-preview:large, max-video-preview:-1\" \/>\n<link rel=\"canonical\" href=\"https:\/\/gps-system.se\/da\/vare\/pro-gps-malesystem\/\" \/>\n<meta property=\"og:locale\" content=\"da_DK\" \/>\n<meta property=\"og:type\" content=\"article\" \/>\n<meta property=\"og:title\" content=\"Pro GPS meetsysteem - GPS-SYSTEM.SE\" \/>\n<meta property=\"og:description\" content=\"Ontdek de precisie van het Pro GPS meetsysteem met de ProNivo PNR21i! Dit geavanceerde systeem, inclusief de ProNivo, PNR21i, T8-20 (robuuste Android tablet), Apglos Survey Wizard abonnementenpakket, een handige tablethouder, een schroefbare GPS loodstaaf van 2,0 m in carbon en een grote tas voor gemakkelijk transport, biedt professionele precisie bij landmetingen. De innovatieve PNR21i maakt het mogelijk om de GPS loodstaaf scheef te houden voor nauwkeurige metingen bij de paalpunt.\" \/>\n<meta property=\"og:url\" content=\"https:\/\/gps-system.se\/da\/vare\/pro-gps-malesystem\/\" \/>\n<meta property=\"og:site_name\" content=\"GPS-SYSTEM.SE\" \/>\n<meta property=\"article:modified_time\" content=\"2025-11-29T20:46:43+00:00\" \/>\n<meta property=\"og:image\" content=\"https:\/\/gps-system.se\/wp-content\/uploads\/2024\/02\/Pro-voorkant.png\" \/>\n\t<meta property=\"og:image:width\" content=\"1200\" \/>\n\t<meta property=\"og:image:height\" content=\"1200\" \/>\n\t<meta property=\"og:image:type\" content=\"image\/png\" \/>\n<meta name=\"twitter:card\" content=\"summary_large_image\" \/>\n<meta name=\"twitter:label1\" content=\"Estimeret l\u00e6setid\" \/>\n\t<meta name=\"twitter:data1\" content=\"2 minutter\" \/>\n<script type=\"application\/ld+json\" class=\"yoast-schema-graph\">{\"@context\":\"https:\/\/schema.org\",\"@graph\":[{\"@type\":\"WebPage\",\"@id\":\"https:\/\/gps-system.se\/product\/pro-gps-meetsysteem\/\",\"url\":\"https:\/\/gps-system.se\/product\/pro-gps-meetsysteem\/\",\"name\":\"Pro GPS meetsysteem - GPS-SYSTEM.SE\",\"isPartOf\":{\"@id\":\"https:\/\/gps-system.se\/#website\"},\"primaryImageOfPage\":{\"@id\":\"https:\/\/gps-system.se\/product\/pro-gps-meetsysteem\/#primaryimage\"},\"image\":{\"@id\":\"https:\/\/gps-system.se\/product\/pro-gps-meetsysteem\/#primaryimage\"},\"thumbnailUrl\":\"https:\/\/gps-system.se\/wp-content\/uploads\/2024\/02\/Pro-voorkant.png\",\"datePublished\":\"2024-02-29T15:05:52+00:00\",\"dateModified\":\"2025-11-29T20:46:43+00:00\",\"breadcrumb\":{\"@id\":\"https:\/\/gps-system.se\/product\/pro-gps-meetsysteem\/#breadcrumb\"},\"inLanguage\":\"da-DK\",\"potentialAction\":[{\"@type\":\"ReadAction\",\"target\":[\"https:\/\/gps-system.se\/product\/pro-gps-meetsysteem\/\"]}]},{\"@type\":\"ImageObject\",\"inLanguage\":\"da-DK\",\"@id\":\"https:\/\/gps-system.se\/product\/pro-gps-meetsysteem\/#primaryimage\",\"url\":\"https:\/\/gps-system.se\/wp-content\/uploads\/2024\/02\/Pro-voorkant.png\",\"contentUrl\":\"https:\/\/gps-system.se\/wp-content\/uploads\/2024\/02\/Pro-voorkant.png\",\"width\":1200,\"height\":1200},{\"@type\":\"BreadcrumbList\",\"@id\":\"https:\/\/gps-system.se\/product\/pro-gps-meetsysteem\/#breadcrumb\",\"itemListElement\":[{\"@type\":\"ListItem\",\"position\":1,\"name\":\"Home\",\"item\":\"https:\/\/gps-system.se\/\"},{\"@type\":\"ListItem\",\"position\":2,\"name\":\"Producten\",\"item\":\"https:\/\/gps-system.se\/winkel\/\"},{\"@type\":\"ListItem\",\"position\":3,\"name\":\"Pro GPS meetsysteem\"}]},{\"@type\":\"WebSite\",\"@id\":\"https:\/\/gps-system.se\/#website\",\"url\":\"https:\/\/gps-system.se\/\",\"name\":\"GPS-SYSTEMS\",\"description\":\"GPS sytems for everyone\",\"publisher\":{\"@id\":\"https:\/\/gps-system.se\/#organization\"},\"potentialAction\":[{\"@type\":\"SearchAction\",\"target\":{\"@type\":\"EntryPoint\",\"urlTemplate\":\"https:\/\/gps-system.se\/?s={search_term_string}\"},\"query-input\":{\"@type\":\"PropertyValueSpecification\",\"valueRequired\":true,\"valueName\":\"search_term_string\"}}],\"inLanguage\":\"da-DK\"},{\"@type\":\"Organization\",\"@id\":\"https:\/\/gps-system.se\/#organization\",\"name\":\"GPS-SYSTEMS Sweden\",\"url\":\"https:\/\/gps-system.se\/\",\"logo\":{\"@type\":\"ImageObject\",\"inLanguage\":\"da-DK\",\"@id\":\"https:\/\/gps-system.se\/#\/schema\/logo\/image\/\",\"url\":\"https:\/\/gps-system.se\/wp-content\/uploads\/2023\/11\/fulllogo-1.png\",\"contentUrl\":\"https:\/\/gps-system.se\/wp-content\/uploads\/2023\/11\/fulllogo-1.png\",\"width\":1280,\"height\":1024,\"caption\":\"GPS-SYSTEMS Sweden\"},\"image\":{\"@id\":\"https:\/\/gps-system.se\/#\/schema\/logo\/image\/\"},\"sameAs\":[\"https:\/\/www.linkedin.com\/in\/roland-van-joolen-a909b716\/\"]}]}<\/script>\n<!-- \/ Yoast SEO plugin. -->","yoast_head_json":{"title":"Pro GPS-m\u00e5lesystem - GPS-SYSTEM.SE","robots":{"index":"index","follow":"follow","max-snippet":"max-snippet:-1","max-image-preview":"max-image-preview:large","max-video-preview":"max-video-preview:-1"},"canonical":"https:\/\/gps-system.se\/da\/vare\/pro-gps-malesystem\/","og_locale":"da_DK","og_type":"article","og_title":"Pro GPS meetsysteem - GPS-SYSTEM.SE","og_description":"Ontdek de precisie van het Pro GPS meetsysteem met de ProNivo PNR21i! Dit geavanceerde systeem, inclusief de ProNivo, PNR21i, T8-20 (robuuste Android tablet), Apglos Survey Wizard abonnementenpakket, een handige tablethouder, een schroefbare GPS loodstaaf van 2,0 m in carbon en een grote tas voor gemakkelijk transport, biedt professionele precisie bij landmetingen. De innovatieve PNR21i maakt het mogelijk om de GPS loodstaaf scheef te houden voor nauwkeurige metingen bij de paalpunt.","og_url":"https:\/\/gps-system.se\/da\/vare\/pro-gps-malesystem\/","og_site_name":"GPS-SYSTEM.SE","article_modified_time":"2025-11-29T20:46:43+00:00","og_image":[{"width":1200,"height":1200,"url":"https:\/\/gps-system.se\/wp-content\/uploads\/2024\/02\/Pro-voorkant.png","type":"image\/png"}],"twitter_card":"summary_large_image","twitter_misc":{"Estimeret l\u00e6setid":"2 minutter"},"schema":{"@context":"https:\/\/schema.org","@graph":[{"@type":"WebPage","@id":"https:\/\/gps-system.se\/product\/pro-gps-meetsysteem\/","url":"https:\/\/gps-system.se\/product\/pro-gps-meetsysteem\/","name":"Pro GPS-m\u00e5lesystem - GPS-SYSTEM.SE","isPartOf":{"@id":"https:\/\/gps-system.se\/#website"},"primaryImageOfPage":{"@id":"https:\/\/gps-system.se\/product\/pro-gps-meetsysteem\/#primaryimage"},"image":{"@id":"https:\/\/gps-system.se\/product\/pro-gps-meetsysteem\/#primaryimage"},"thumbnailUrl":"https:\/\/gps-system.se\/wp-content\/uploads\/2024\/02\/Pro-voorkant.png","datePublished":"2024-02-29T15:05:52+00:00","dateModified":"2025-11-29T20:46:43+00:00","breadcrumb":{"@id":"https:\/\/gps-system.se\/product\/pro-gps-meetsysteem\/#breadcrumb"},"inLanguage":"da-DK","potentialAction":[{"@type":"ReadAction","target":["https:\/\/gps-system.se\/product\/pro-gps-meetsysteem\/"]}]},{"@type":"ImageObject","inLanguage":"da-DK","@id":"https:\/\/gps-system.se\/product\/pro-gps-meetsysteem\/#primaryimage","url":"https:\/\/gps-system.se\/wp-content\/uploads\/2024\/02\/Pro-voorkant.png","contentUrl":"https:\/\/gps-system.se\/wp-content\/uploads\/2024\/02\/Pro-voorkant.png","width":1200,"height":1200},{"@type":"BreadcrumbList","@id":"https:\/\/gps-system.se\/product\/pro-gps-meetsysteem\/#breadcrumb","itemListElement":[{"@type":"ListItem","position":1,"name":"Home","item":"https:\/\/gps-system.se\/"},{"@type":"ListItem","position":2,"name":"Producten","item":"https:\/\/gps-system.se\/winkel\/"},{"@type":"ListItem","position":3,"name":"Pro GPS meetsysteem"}]},{"@type":"WebSite","@id":"https:\/\/gps-system.se\/#website","url":"https:\/\/gps-system.se\/","name":"GPS-SYSTEMER","description":"GPS-systemer til alle","publisher":{"@id":"https:\/\/gps-system.se\/#organization"},"potentialAction":[{"@type":"SearchAction","target":{"@type":"EntryPoint","urlTemplate":"https:\/\/gps-system.se\/?s={search_term_string}"},"query-input":{"@type":"PropertyValueSpecification","valueRequired":true,"valueName":"search_term_string"}}],"inLanguage":"da-DK"},{"@type":"Organization","@id":"https:\/\/gps-system.se\/#organization","name":"GPS-SYSTEMS Sverige","url":"https:\/\/gps-system.se\/","logo":{"@type":"ImageObject","inLanguage":"da-DK","@id":"https:\/\/gps-system.se\/#\/schema\/logo\/image\/","url":"https:\/\/gps-system.se\/wp-content\/uploads\/2023\/11\/fulllogo-1.png","contentUrl":"https:\/\/gps-system.se\/wp-content\/uploads\/2023\/11\/fulllogo-1.png","width":1280,"height":1024,"caption":"GPS-SYSTEMS Sweden"},"image":{"@id":"https:\/\/gps-system.se\/#\/schema\/logo\/image\/"},"sameAs":["https:\/\/www.linkedin.com\/in\/roland-van-joolen-a909b716\/"]}]}},"_links":{"self":[{"href":"https:\/\/gps-system.se\/da\/wp-json\/wp\/v2\/product\/4235","targetHints":{"allow":["GET"]}}],"collection":[{"href":"https:\/\/gps-system.se\/da\/wp-json\/wp\/v2\/product"}],"about":[{"href":"https:\/\/gps-system.se\/da\/wp-json\/wp\/v2\/types\/product"}],"version-history":[{"count":1,"href":"https:\/\/gps-system.se\/da\/wp-json\/wp\/v2\/product\/4235\/revisions"}],"predecessor-version":[{"id":4236,"href":"https:\/\/gps-system.se\/da\/wp-json\/wp\/v2\/product\/4235\/revisions\/4236"}],"wp:featuredmedia":[{"embeddable":true,"href":"https:\/\/gps-system.se\/da\/wp-json\/wp\/v2\/media\/4194"}],"wp:attachment":[{"href":"https:\/\/gps-system.se\/da\/wp-json\/wp\/v2\/media?parent=4235"}],"wp:term":[{"taxonomy":"product_brand","embeddable":true,"href":"https:\/\/gps-system.se\/da\/wp-json\/wp\/v2\/product_brand?post=4235"},{"taxonomy":"product_cat","embeddable":true,"href":"https:\/\/gps-system.se\/da\/wp-json\/wp\/v2\/product_cat?post=4235"},{"taxonomy":"product_tag","embeddable":true,"href":"https:\/\/gps-system.se\/da\/wp-json\/wp\/v2\/product_tag?post=4235"}],"curies":[{"name":"wp","href":"https:\/\/api.w.org\/{rel}","templated":true}]}}