{"id":4321,"date":"2024-03-20T14:09:03","date_gmt":"2024-03-20T14:09:03","guid":{"rendered":"https:\/\/gps-system.se\/?page_id=4321"},"modified":"2025-12-05T07:58:44","modified_gmt":"2025-12-05T07:58:44","slug":"korer","status":"publish","type":"page","link":"https:\/\/gps-system.se\/da\/korer\/","title":{"rendered":"Leje"},"content":{"rendered":"<div data-elementor-type=\"wp-page\" data-elementor-id=\"4321\" class=\"elementor elementor-4321\" data-elementor-post-type=\"page\">\n\t\t\t\t\t\t<section class=\"elementor-section elementor-top-section elementor-element elementor-element-bd823d6 elementor-section-boxed elementor-section-height-default elementor-section-height-default\" data-id=\"bd823d6\" data-element_type=\"section\">\n\t\t\t\t\t\t<div class=\"elementor-container elementor-column-gap-default\">\n\t\t\t\t\t<div class=\"elementor-column elementor-col-100 elementor-top-column elementor-element elementor-element-4178de3\" data-id=\"4178de3\" data-element_type=\"column\">\n\t\t\t<div class=\"elementor-widget-wrap elementor-element-populated\">\n\t\t\t\t\t\t<div class=\"elementor-element elementor-element-52e727b elementor-widget elementor-widget-heading\" data-id=\"52e727b\" data-element_type=\"widget\" data-widget_type=\"heading.default\">\n\t\t\t\t<div class=\"elementor-widget-container\">\n\t\t\t\t\t<h2 class=\"elementor-heading-title elementor-size-default\">Lej dit GPS-m\u00e5lesystem<\/h2>\t\t\t\t<\/div>\n\t\t\t\t<\/div>\n\t\t\t\t<div class=\"elementor-element elementor-element-d71cde4 elementor-widget elementor-widget-text-editor\" data-id=\"d71cde4\" data-element_type=\"widget\" data-widget_type=\"text-editor.default\">\n\t\t\t\t<div class=\"elementor-widget-container\">\n\t\t\t\t\t\t\t\t\t<p>Oplev friheden ved pr\u00e6cision med vores GPS-udlejningsprogram!&nbsp;<\/p>\n<p><br><\/p>\n<p>Har du et projekt, hvor n\u00f8jagtige m\u00e5linger er afg\u00f8rende?&nbsp;<\/p>\n<p>Uanset om det drejer sig om opm\u00e5ling, byggeprojekter eller en personlig udfordring, hos os&nbsp;<\/p>\n<p>professionelle GPS-system, er du sikker p\u00e5 topkvalitet og pr\u00e6cision.<\/p>\n<p>For kun SEK 1.500* om dagen kan du f\u00e5 avanceret GPS-teknologi, der g\u00f8r selv de mest komplekse m\u00e5linger til en leg. Og med et depositum p\u00e5 kun SEK 5.500 er der intet, der st\u00e5r i vejen for dine planer.<\/p>\n<p><\/p>\n<p><br><\/p>\n<p>Det bedste? Din bekvemmelighed er vores prioritet.&nbsp;<\/p>\n<p>Book dit GPS-system ekstremt hurtigt og nemt via WhatsApp.&nbsp;<\/p>\n<p>Vores store lager betyder, at du kan komme i gang med dit projekt med det samme.&nbsp;<\/p>\n<p>Ingen ventetid, intet besv\u00e6r, bare friheden til at m\u00e5le med den n\u00f8jagtighed, du har brug for.<\/p>\n<p><\/p>\n<p><br><\/p>\n<p>Hvorfor vente? Begynd at realisere dine projekter i dag med den pr\u00e6cision, de fortjener.&nbsp;<\/p>\n<p>Kontakt os og find ud af, hvordan vores GPS-udlejning kan g\u00f8re en forskel!<\/p>\n<p><br><\/p>\n<p><\/p>\n<p>* Eksklusive forsendelsesomkostninger<\/p>\n<p><\/p>\t\t\t\t\t\t\t\t<\/div>\n\t\t\t\t<\/div>\n\t\t\t\t\t<\/div>\n\t\t<\/div>\n\t\t\t\t\t<\/div>\n\t\t<\/section>\n\t\t\t\t<\/div>","protected":false},"excerpt":{"rendered":"<p>Lej dit GPS-m\u00e5lesystem Oplev friheden ved pr\u00e6cision med vores GPS-udlejningsprogram!  Har du et projekt, hvor n\u00f8jagtige m\u00e5linger er afg\u00f8rende?  Uanset om det er landm\u00e5ling, byggeprojekter eller en personlig udfordring, er du med vores professionelle GPS-system garanteret topkvalitet og pr\u00e6cision. For kun SEK 1.500* om dagen kan du f\u00e5 avanceret GPS-teknologi,... <a class=\"more-link\" href=\"https:\/\/gps-system.se\/da\/korer\/\">L\u00e6s mere <span class=\"screen-reader-text\">Leje<\/span><\/a><\/p>","protected":false},"author":1,"featured_media":0,"parent":0,"menu_order":0,"comment_status":"closed","ping_status":"closed","template":"elementor_header_footer","meta":{"footnotes":""},"class_list":["post-4321","page","type-page","status-publish","hentry","entry"],"yoast_head":"<!-- This site is optimized with the Yoast SEO plugin v26.3 - https:\/\/yoast.com\/wordpress\/plugins\/seo\/ -->\n<title>Rent - GPS-SYSTEM.SE<\/title>\n<meta name=\"robots\" content=\"index, follow, max-snippet:-1, max-image-preview:large, max-video-preview:-1\" \/>\n<link rel=\"canonical\" href=\"https:\/\/gps-system.se\/da\/korer\/\" \/>\n<meta property=\"og:locale\" content=\"da_DK\" \/>\n<meta property=\"og:type\" content=\"article\" \/>\n<meta property=\"og:title\" content=\"Rent - GPS-SYSTEM.SE\" \/>\n<meta property=\"og:description\" content=\"Huur uw GPS meetsysteem Ontdek de vrijheid van precisie met ons GPS-huurprogramma!&nbsp; Heeft u een project waarbij nauwkeurige metingen cruciaal zijn?&nbsp; Of het nu gaat om landmeting, bouwprojecten of een persoonlijke uitdaging, met ons&nbsp; professionele GPS-systeem bent u verzekerd van topkwaliteit en precisie. Voor slechts 1.500 SEK* per dag kunt u beschikken over geavanceerde GPS-technologie,&hellip; L\u00e6s mere Rent\" \/>\n<meta property=\"og:url\" content=\"https:\/\/gps-system.se\/da\/korer\/\" \/>\n<meta property=\"og:site_name\" content=\"GPS-SYSTEM.SE\" \/>\n<meta property=\"article:modified_time\" content=\"2025-12-05T07:58:44+00:00\" \/>\n<meta name=\"twitter:card\" content=\"summary_large_image\" \/>\n<script type=\"application\/ld+json\" class=\"yoast-schema-graph\">{\"@context\":\"https:\/\/schema.org\",\"@graph\":[{\"@type\":\"WebPage\",\"@id\":\"https:\/\/gps-system.se\/en\/runs\/\",\"url\":\"https:\/\/gps-system.se\/en\/runs\/\",\"name\":\"Rent - GPS-SYSTEM.SE\",\"isPartOf\":{\"@id\":\"https:\/\/gps-system.se\/#website\"},\"datePublished\":\"2024-03-20T14:09:03+00:00\",\"dateModified\":\"2025-12-05T07:58:44+00:00\",\"breadcrumb\":{\"@id\":\"https:\/\/gps-system.se\/en\/runs\/#breadcrumb\"},\"inLanguage\":\"da-DK\",\"potentialAction\":[{\"@type\":\"ReadAction\",\"target\":[\"https:\/\/gps-system.se\/en\/runs\/\"]}]},{\"@type\":\"BreadcrumbList\",\"@id\":\"https:\/\/gps-system.se\/en\/runs\/#breadcrumb\",\"itemListElement\":[{\"@type\":\"ListItem\",\"position\":1,\"name\":\"Home\",\"item\":\"https:\/\/gps-system.se\/\"},{\"@type\":\"ListItem\",\"position\":2,\"name\":\"Rent\"}]},{\"@type\":\"WebSite\",\"@id\":\"https:\/\/gps-system.se\/#website\",\"url\":\"https:\/\/gps-system.se\/\",\"name\":\"GPS-SYSTEMS\",\"description\":\"GPS sytems for everyone\",\"publisher\":{\"@id\":\"https:\/\/gps-system.se\/#organization\"},\"potentialAction\":[{\"@type\":\"SearchAction\",\"target\":{\"@type\":\"EntryPoint\",\"urlTemplate\":\"https:\/\/gps-system.se\/?s={search_term_string}\"},\"query-input\":{\"@type\":\"PropertyValueSpecification\",\"valueRequired\":true,\"valueName\":\"search_term_string\"}}],\"inLanguage\":\"da-DK\"},{\"@type\":\"Organization\",\"@id\":\"https:\/\/gps-system.se\/#organization\",\"name\":\"GPS-SYSTEMS Sweden\",\"url\":\"https:\/\/gps-system.se\/\",\"logo\":{\"@type\":\"ImageObject\",\"inLanguage\":\"da-DK\",\"@id\":\"https:\/\/gps-system.se\/#\/schema\/logo\/image\/\",\"url\":\"https:\/\/gps-system.se\/wp-content\/uploads\/2023\/11\/fulllogo-1.png\",\"contentUrl\":\"https:\/\/gps-system.se\/wp-content\/uploads\/2023\/11\/fulllogo-1.png\",\"width\":1280,\"height\":1024,\"caption\":\"GPS-SYSTEMS Sweden\"},\"image\":{\"@id\":\"https:\/\/gps-system.se\/#\/schema\/logo\/image\/\"},\"sameAs\":[\"https:\/\/www.linkedin.com\/in\/roland-van-joolen-a909b716\/\"]}]}<\/script>\n<!-- \/ Yoast SEO plugin. -->","yoast_head_json":{"title":"Leje - GPS-SYSTEM.SE","robots":{"index":"index","follow":"follow","max-snippet":"max-snippet:-1","max-image-preview":"max-image-preview:large","max-video-preview":"max-video-preview:-1"},"canonical":"https:\/\/gps-system.se\/da\/korer\/","og_locale":"da_DK","og_type":"article","og_title":"Rent - GPS-SYSTEM.SE","og_description":"Huur uw GPS meetsysteem Ontdek de vrijheid van precisie met ons GPS-huurprogramma!&nbsp; Heeft u een project waarbij nauwkeurige metingen cruciaal zijn?&nbsp; Of het nu gaat om landmeting, bouwprojecten of een persoonlijke uitdaging, met ons&nbsp; professionele GPS-systeem bent u verzekerd van topkwaliteit en precisie. Voor slechts 1.500 SEK* per dag kunt u beschikken over geavanceerde GPS-technologie,&hellip; L\u00e6s mere Rent","og_url":"https:\/\/gps-system.se\/da\/korer\/","og_site_name":"GPS-SYSTEM.SE","article_modified_time":"2025-12-05T07:58:44+00:00","twitter_card":"summary_large_image","schema":{"@context":"https:\/\/schema.org","@graph":[{"@type":"WebPage","@id":"https:\/\/gps-system.se\/en\/runs\/","url":"https:\/\/gps-system.se\/en\/runs\/","name":"Leje - GPS-SYSTEM.SE","isPartOf":{"@id":"https:\/\/gps-system.se\/#website"},"datePublished":"2024-03-20T14:09:03+00:00","dateModified":"2025-12-05T07:58:44+00:00","breadcrumb":{"@id":"https:\/\/gps-system.se\/en\/runs\/#breadcrumb"},"inLanguage":"da-DK","potentialAction":[{"@type":"ReadAction","target":["https:\/\/gps-system.se\/en\/runs\/"]}]},{"@type":"BreadcrumbList","@id":"https:\/\/gps-system.se\/en\/runs\/#breadcrumb","itemListElement":[{"@type":"ListItem","position":1,"name":"Home","item":"https:\/\/gps-system.se\/"},{"@type":"ListItem","position":2,"name":"Rent"}]},{"@type":"WebSite","@id":"https:\/\/gps-system.se\/#website","url":"https:\/\/gps-system.se\/","name":"GPS-SYSTEMER","description":"GPS-systemer til alle","publisher":{"@id":"https:\/\/gps-system.se\/#organization"},"potentialAction":[{"@type":"SearchAction","target":{"@type":"EntryPoint","urlTemplate":"https:\/\/gps-system.se\/?s={search_term_string}"},"query-input":{"@type":"PropertyValueSpecification","valueRequired":true,"valueName":"search_term_string"}}],"inLanguage":"da-DK"},{"@type":"Organization","@id":"https:\/\/gps-system.se\/#organization","name":"GPS-SYSTEMS Sverige","url":"https:\/\/gps-system.se\/","logo":{"@type":"ImageObject","inLanguage":"da-DK","@id":"https:\/\/gps-system.se\/#\/schema\/logo\/image\/","url":"https:\/\/gps-system.se\/wp-content\/uploads\/2023\/11\/fulllogo-1.png","contentUrl":"https:\/\/gps-system.se\/wp-content\/uploads\/2023\/11\/fulllogo-1.png","width":1280,"height":1024,"caption":"GPS-SYSTEMS Sweden"},"image":{"@id":"https:\/\/gps-system.se\/#\/schema\/logo\/image\/"},"sameAs":["https:\/\/www.linkedin.com\/in\/roland-van-joolen-a909b716\/"]}]}},"_links":{"self":[{"href":"https:\/\/gps-system.se\/da\/wp-json\/wp\/v2\/pages\/4321","targetHints":{"allow":["GET"]}}],"collection":[{"href":"https:\/\/gps-system.se\/da\/wp-json\/wp\/v2\/pages"}],"about":[{"href":"https:\/\/gps-system.se\/da\/wp-json\/wp\/v2\/types\/page"}],"author":[{"embeddable":true,"href":"https:\/\/gps-system.se\/da\/wp-json\/wp\/v2\/users\/1"}],"replies":[{"embeddable":true,"href":"https:\/\/gps-system.se\/da\/wp-json\/wp\/v2\/comments?post=4321"}],"version-history":[{"count":44,"href":"https:\/\/gps-system.se\/da\/wp-json\/wp\/v2\/pages\/4321\/revisions"}],"predecessor-version":[{"id":5544,"href":"https:\/\/gps-system.se\/da\/wp-json\/wp\/v2\/pages\/4321\/revisions\/5544"}],"wp:attachment":[{"href":"https:\/\/gps-system.se\/da\/wp-json\/wp\/v2\/media?parent=4321"}],"curies":[{"name":"wp","href":"https:\/\/api.w.org\/{rel}","templated":true}]}}